{"id":14699,"date":"2025-04-11T09:50:43","date_gmt":"2025-04-11T07:50:43","guid":{"rendered":"https:\/\/www.elawan.com\/?page_id=14699"},"modified":"2025-05-26T13:21:05","modified_gmt":"2025-05-26T11:21:05","slug":"geschaeft","status":"publish","type":"page","link":"https:\/\/www.elawan.com\/de\/geschaeft\/","title":{"rendered":"Gesch\u00e4ft"},"content":{"rendered":"<div class=\"wpb-content-wrapper\"><p>[vc_row][vc_column css=&#8220;.vc_custom_1743149821140{padding-top: 60px !important;padding-bottom: 25px !important;}&#8220;][vc_column_text css=&#8220;&#8220;]<\/p>\n<p style=\"text-align: center;\">Bei Elawan Energy arbeiten wir jeden Tag daran, weiterhin saubere und sichere Energie zu produzieren.<\/p>\n<p style=\"text-align: center;\">Bei Elawan Energy widmen wir uns der Produktion und dem Verkauf erneuerbarer Energie und integrieren Kreativit\u00e4t und Verantwortung in jede Phase unserer Projekte.<\/p>\n<p>[\/vc_column_text][\/vc_column][\/vc_row][vc_row full_width=&#8220;stretch_row_content&#8220;][vc_column]\n\t\t\t\t<p class=\"rs-p-wp-fix\"><\/p>\n\t\t\t\t<sr7-module data-alias=\"slider-negocio\" data-id=\"2\" id=\"SR7_2_1\" class=\"rs-ov-hidden\" data-version=\"6.7.38\">\n\t\t\t\t\t<sr7-adjuster><\/sr7-adjuster>\n\t\t\t\t\t<sr7-content>\n\t\t\t\t\t\t<sr7-slide id=\"SR7_2_1-15\" data-key=\"15\">\n\t\t\t\t\t\t\t<sr7-bg id=\"SR7_2_1-15-1\" class=\"sr7-layer\"><noscript><img decoding=\"async\" src=\"https:\/\/www.elawan.com\/wp-content\/uploads\/2025\/04\/separador-negocio.jpg\" alt=\"\" title=\"separador-negocio\"><\/noscript><\/sr7-bg>\n\t\t\t\t\t\t<\/sr7-slide>\n\t\t\t\t\t\t<sr7-slide id=\"SR7_2_1-16\" data-key=\"16\">\n\t\t\t\t\t\t\t<sr7-bg id=\"SR7_2_1-16-1\" class=\"sr7-layer\"><noscript><img decoding=\"async\" src=\"https:\/\/www.elawan.com\/wp-content\/uploads\/2025\/04\/shutterstock_2167011517.jpg\" alt=\"\" title=\"shutterstock_2167011517\"><\/noscript><\/sr7-bg>\n\t\t\t\t\t\t<\/sr7-slide>\n\t\t\t\t\t\t<sr7-slide id=\"SR7_2_1-18\" data-key=\"18\">\n\t\t\t\t\t\t\t<sr7-bg id=\"SR7_2_1-18-1\" class=\"sr7-layer\"><noscript><img decoding=\"async\" src=\"https:\/\/www.elawan.com\/wp-content\/uploads\/2025\/04\/2025-03-28_09-36-34_035-copia.jpg\" alt=\"\" title=\"2025-03-28_09-36-34_035 copia\"><\/noscript><\/sr7-bg>\n\t\t\t\t\t\t<\/sr7-slide>\n\t\t\t\t\t\t<sr7-slide id=\"SR7_2_1-19\" data-key=\"19\">\n\t\t\t\t\t\t\t<sr7-bg id=\"SR7_2_1-19-1\" class=\"sr7-layer\"><noscript><img decoding=\"async\" src=\"https:\/\/www.elawan.com\/wp-content\/uploads\/2025\/04\/MG_1739.jpg\" alt=\"\" title=\"_MG_1739\"><\/noscript><\/sr7-bg>\n\t\t\t\t\t\t<\/sr7-slide>\n\t\t\t\t\t\t<sr7-slide id=\"SR7_2_1-17\" data-key=\"17\">\n\t\t\t\t\t\t<\/sr7-slide>\n\t\t\t\t\t<\/sr7-content>\n\t\t\t\t\t<image_lists style=\"display:none\">\n\t\t\t\t\t\t<img data-src=\"\/\/www.elawan.com\/wp-content\/uploads\/2025\/04\/separador-negocio.jpg\" data-libid=\"219\" data-lib=\"medialibrary\" title=\"separador-negocio\" width=\"0\" height=\"0\" data-dbsrc=\"Ly93d3cuZWxhd2FuLmNvbS93cC1jb250ZW50L3VwbG9hZHMvMjAyNS8wNC9zZXBhcmFkb3ItbmVnb2Npby5qcGc=\"\/>\n\t\t\t\t\t\t<img data-src=\"\/\/www.elawan.com\/wp-content\/uploads\/2025\/04\/shutterstock_2167011517.jpg\" data-libid=\"288\" data-lib=\"medialibrary\" title=\"shutterstock_2167011517\" width=\"0\" height=\"0\" data-dbsrc=\"Ly93d3cuZWxhd2FuLmNvbS93cC1jb250ZW50L3VwbG9hZHMvMjAyNS8wNC9zaHV0dGVyc3RvY2tfMjE2NzAxMTUxNy5qcGc=\"\/>\n\t\t\t\t\t\t<img data-src=\"\/\/www.elawan.com\/wp-content\/uploads\/2025\/04\/2025-03-28_09-36-34_035-copia.jpg\" data-libid=\"287\" data-lib=\"medialibrary\" title=\"2025-03-28_09-36-34_035 copia\" width=\"0\" height=\"0\" data-dbsrc=\"Ly93d3cuZWxhd2FuLmNvbS93cC1jb250ZW50L3VwbG9hZHMvMjAyNS8wNC8yMDI1LTAzLTI4XzA5LTM2LTM0XzAzNS1jb3BpYS5qcGc=\"\/>\n\t\t\t\t\t\t<img data-src=\"\/\/www.elawan.com\/wp-content\/uploads\/2025\/04\/MG_1739.jpg\" data-libid=\"286\" data-lib=\"medialibrary\" title=\"_MG_1739\" width=\"0\" height=\"0\" data-dbsrc=\"Ly93d3cuZWxhd2FuLmNvbS93cC1jb250ZW50L3VwbG9hZHMvMjAyNS8wNC9NR18xNzM5LmpwZw==\"\/>\n\t\t\t\t\t<\/image_lists>\n\t\t\t\t<\/sr7-module>\n\t\t\t\t<script>\n\t\t\t\t\tSR7.PMH ??={}; SR7.PMH[\"SR7_2_1\"] = {cn:100,state:false,fn: function() { if (_tpt!==undefined && _tpt.prepareModuleHeight !== undefined) {  _tpt.prepareModuleHeight({id:\"SR7_2_1\",el:[350,350,350,250,250],type:'standard',shdw:'0',gh:[350,350,350,250,250],gw:[1240,1240,1240,778,778],vpt:['-100px&#039;,&#039;-100px&#039;,&#039;-100px&#039;,&#039;-100px&#039;,&#039;-100px'],size:{fullWidth:true, fullHeight:false},mh:'0',onh:0,onw:0,bg:{color:'{\"orig\":\"transparent\",\"type\":\"solid\",\"string\":\"transparent\"}'}});   SR7.PMH[\"SR7_2_1\"].state=true;} else if(SR7.PMH[\"SR7_2_1\"].cn-->0)\tsetTimeout( SR7.PMH[\"SR7_2_1\"].fn,19);}};SR7.PMH[\"SR7_2_1\" ].fn();\n\t\t\t\t<\/script>\n[\/vc_column][\/vc_row][vc_row full_width=&#8220;stretch_row&#8220; bg_type=&#8220;bg_color&#8220; bg_color_value=&#8220;#EEEEEE&#8220;][vc_column css=&#8220;.vc_custom_1743149158224{padding-top: 60px !important;padding-bottom: 0px !important;}&#8220;]<div id=\"ultimate-heading-24369dd7a9cc1761\" class=\"uvc-heading ult-adjust-bottom-margin ultimate-heading-24369dd7a9cc1761 uvc-5258 \" data-hspacer=\"line_only\"  data-halign=\"center\" style=\"text-align:center\"><div class=\"uvc-main-heading ult-responsive\"  data-ultimate-target='.uvc-heading.ultimate-heading-24369dd7a9cc1761 h2'  data-responsive-json-new='{\"font-size\":\"\",\"line-height\":\"\"}' ><h2 style=\"font-weight:normal;\">PRODUKTION<\/h2><\/div><div class=\"uvc-heading-spacer line_only\" style=\"margin-top:15px;height:5px;\"><span class=\"uvc-headings-line\" style=\"border-style:solid;border-bottom-width:5px;border-color:#F2CB29;width:70px;\"><\/span><\/div><\/div>[vc_empty_space height=&#8220;40px&#8220;][vc_column_text css=&#8220;.vc_custom_1748249214910{margin-bottom: 15px !important;}&#8220;]<\/p>\n<p style=\"text-align: center;\">Vom Entwickeln bis hin zum Betrieb und der Wartung spiegelt jede Phase unser Engagement f\u00fcr eine sauberere und nachhaltigere Energiezukunft wider.<\/p>\n<p>[\/vc_column_text][\/vc_column][\/vc_row][vc_row full_width=&#8220;stretch_row&#8220; gap=&#8220;35&#8243; bg_type=&#8220;bg_color&#8220; css=&#8220;.vc_custom_1744358399776{padding-top: 0px !important;padding-bottom: 60px !important;}&#8220; bg_color_value=&#8220;#EEEEEE&#8220;][vc_column width=&#8220;1\/3&#8243;][vc_single_image image=&#8220;224&#8243; img_size=&#8220;large&#8220; css=&#8220;&#8220;][vc_column_text css=&#8220;&#8220;]<\/p>\n<h3>Entwicklung<\/h3>\n<p>Wir sind st\u00e4ndig auf der Suche nach neuen M\u00f6glichkeiten, unsere Pr\u00e4senz in aufstrebenden M\u00e4rkten auszubauen und gleichzeitig unsere Position in bestehenden M\u00e4rkten zu st\u00e4rken. Unser internationales Team ist darauf spezialisiert, innovative Projekte zu identifizieren und umzusetzen, die das Potenzial erneuerbarer Energien maximieren und sich an die spezifischen Bed\u00fcrfnisse jeder Umgebung und Gemeinschaft anpassen.[\/vc_column_text][\/vc_column][vc_column width=&#8220;1\/3&#8243;][vc_single_image image=&#8220;223&#8243; img_size=&#8220;large&#8220; css=&#8220;&#8220;][vc_column_text css=&#8220;&#8220;]<\/p>\n<h3>Bau<\/h3>\n<p>Wir machen jedes Projekt zur Realit\u00e4t. Unser spezialisiertes Bau-Team konzentriert sich auf die Ausf\u00fchrung von Projekten im Bereich erneuerbare Energien und stellt sicher, dass jede Anlage den h\u00f6chsten Standards in Qualit\u00e4t und Nachhaltigkeit entspricht. Jedes Projekt ist ein Beweis f\u00fcr unser Engagement f\u00fcr Exzellenz und Umweltverantwortung.[\/vc_column_text][\/vc_column][vc_column width=&#8220;1\/3&#8243;][vc_single_image image=&#8220;225&#8243; img_size=&#8220;large&#8220; css=&#8220;&#8220;][vc_column_text css=&#8220;&#8220;]<\/p>\n<h3>Betrieb und Wartung<\/h3>\n<p>Die Effizienz und Langlebigkeit unserer Anlagen sind unsere obersten Priorit\u00e4ten. Wir haben ein engagiertes Team und ein eigenes Kontrollzentrum, das die Produktion unserer Windparks, Photovoltaikanlagen und Wasserkraftwerke in Echtzeit \u00fcberwacht. Dieser proaktive Ansatz gew\u00e4hrleistet eine optimale Wartung und einen kontinuierlichen Betrieb, wodurch die konstante und zuverl\u00e4ssige Lieferung sauberer Energie garantiert wird.[\/vc_column_text][\/vc_column][\/vc_row][vc_row full_width=&#8220;stretch_row&#8220; gap=&#8220;35&#8243; bg_type=&#8220;bg_color&#8220; css=&#8220;.vc_custom_1747053405088{padding-top: 60px !important;padding-bottom: 60px !important;background-image: url(https:\/\/www.elawan.com\/wp-content\/uploads\/2025\/05\/venta-de-energia.jpg?id=14133) !important;}&#8220; bg_color_value=&#8220;#FFFFFF&#8220; el_class=&#8220;fondoImagenMitad width7-12 derecha&#8220;][vc_column width=&#8220;5\/12&#8243;]<div id=\"ultimate-heading-496669dd7a9cc17e4\" class=\"uvc-heading ult-adjust-bottom-margin ultimate-heading-496669dd7a9cc17e4 uvc-3907 \" data-hspacer=\"line_only\"  data-halign=\"left\" style=\"text-align:left\"><div class=\"uvc-main-heading ult-responsive\"  data-ultimate-target='.uvc-heading.ultimate-heading-496669dd7a9cc17e4 h2'  data-responsive-json-new='{\"font-size\":\"\",\"line-height\":\"\"}' ><h2 style=\"font-weight:normal;\">ENERGIEVERKAUF<\/h2><\/div><div class=\"uvc-heading-spacer line_only\" style=\"margin-top:15px;height:5px;\"><span class=\"uvc-headings-line\" style=\"border-style:solid;border-bottom-width:5px;border-color:#F2CB29;width:70px;\"><\/span><\/div><\/div>[vc_empty_space height=&#8220;40px&#8220;][vc_column_text css=&#8220;&#8220;]Durch den Verkauf der von uns erzeugten erneuerbaren Energie tr\u00e4gt Elawan Energy saubere Energie zu den Energiem\u00e4rkten bei, in denen wir t\u00e4tig sind.[\/vc_column_text][\/vc_column][vc_column width=&#8220;7\/12&#8243;][\/vc_column][\/vc_row][vc_row full_width=&#8220;stretch_row_content&#8220; parallax=&#8220;content-moving&#8220; parallax_image=&#8220;228&#8243; bg_type=&#8220;image&#8220; parallax_style=&#8220;vcpb-hz-jquery&#8220; bg_image_new=&#8220;id^228|url^https:\/\/www.elawan.com\/wp-content\/uploads\/2025\/04\/fondo-contacto.jpg|caption^null|alt^null|title^fondo-contacto|description^null&#8220; bg_image_repeat=&#8220;no-repeat&#8220; bg_img_attach=&#8220;fixed&#8220; bg_override=&#8220;full&#8220; parallax_content=&#8220;parallax_content_value&#8220;][vc_column css=&#8220;.vc_custom_1743149821140{padding-top: 60px !important;padding-bottom: 25px !important;}&#8220;][vc_empty_space height=&#8220;90px&#8220;][vc_column_text css=&#8220;&#8220;]<\/p>\n<h3 style=\"text-align: center;\"><span style=\"color: #ffffff;\">Kontaktieren Sie uns f\u00fcr Gesch\u00e4ftsm\u00f6glichkeiten<\/span><\/h3>\n<p>[\/vc_column_text]<style type=\"text\/css\" data-type=\"the7_shortcodes-inline-css\">#default-btn-26cc4b361af205530dc1e14436b86947.ico-right-side > i {\n  margin-right: 0px;\n  margin-left: 8px;\n}\n#default-btn-26cc4b361af205530dc1e14436b86947 > i {\n  margin-right: 8px;\n}<\/style><div class=\"btn-align-center\"><a href=\"https:\/\/www.elawan.com\/de\/kontakt\/\" class=\"default-btn-shortcode dt-btn dt-btn-l link-hover-off lightBtn \" id=\"default-btn-26cc4b361af205530dc1e14436b86947\" title=\"Contacto\"><span>KONTAKT<\/span><\/a><\/div>[vc_empty_space height=&#8220;130px&#8220;][\/vc_column][\/vc_row]<\/p>\n<\/div>","protected":false},"excerpt":{"rendered":"<p>[vc_row][vc_column css=&#8220;.vc_custom_1743149821140{padding-top: 60px !important;padding-bottom: 25px !important;}&#8220;][vc_column_text css=&#8220;&#8220;] Bei Elawan Energy arbeiten wir jeden Tag daran, weiterhin saubere und sichere Energie zu produzieren. Bei Elawan Energy widmen wir uns der Produktion und dem Verkauf erneuerbarer Energie und integrieren Kreativit\u00e4t und Verantwortung in jede Phase unserer Projekte. [\/vc_column_text][\/vc_column][\/vc_row][vc_row full_width=&#8220;stretch_row_content&#8220;][vc_column][\/vc_column][\/vc_row][vc_row full_width=&#8220;stretch_row&#8220; bg_type=&#8220;bg_color&#8220; bg_color_value=&#8220;#EEEEEE&#8220;][vc_column css=&#8220;.vc_custom_1743149158224{padding-top: 60px !important;padding-bottom: 0px !important;}&#8220;][vc_empty_space&hellip;<\/p>\n","protected":false},"author":2,"featured_media":12847,"parent":0,"menu_order":0,"comment_status":"closed","ping_status":"closed","template":"","meta":{"_acf_changed":false,"footnotes":""},"class_list":["post-14699","page","type-page","status-publish","has-post-thumbnail","hentry","description-off"],"acf":[],"_links":{"self":[{"href":"https:\/\/www.elawan.com\/de\/wp-json\/wp\/v2\/pages\/14699","targetHints":{"allow":["GET"]}}],"collection":[{"href":"https:\/\/www.elawan.com\/de\/wp-json\/wp\/v2\/pages"}],"about":[{"href":"https:\/\/www.elawan.com\/de\/wp-json\/wp\/v2\/types\/page"}],"author":[{"embeddable":true,"href":"https:\/\/www.elawan.com\/de\/wp-json\/wp\/v2\/users\/2"}],"replies":[{"embeddable":true,"href":"https:\/\/www.elawan.com\/de\/wp-json\/wp\/v2\/comments?post=14699"}],"version-history":[{"count":6,"href":"https:\/\/www.elawan.com\/de\/wp-json\/wp\/v2\/pages\/14699\/revisions"}],"predecessor-version":[{"id":14726,"href":"https:\/\/www.elawan.com\/de\/wp-json\/wp\/v2\/pages\/14699\/revisions\/14726"}],"wp:featuredmedia":[{"embeddable":true,"href":"https:\/\/www.elawan.com\/de\/wp-json\/wp\/v2\/media\/12847"}],"wp:attachment":[{"href":"https:\/\/www.elawan.com\/de\/wp-json\/wp\/v2\/media?parent=14699"}],"curies":[{"name":"wp","href":"https:\/\/api.w.org\/{rel}","templated":true}]}}