{"id":14727,"date":"2025-03-28T08:38:45","date_gmt":"2025-03-28T07:38:45","guid":{"rendered":"https:\/\/www.elawan.com\/?page_id=14727"},"modified":"2026-03-09T11:08:32","modified_gmt":"2026-03-09T10:08:32","slug":"esg","status":"publish","type":"page","link":"https:\/\/www.elawan.com\/de\/esg\/","title":{"rendered":"ESG"},"content":{"rendered":"<div class=\"wpb-content-wrapper\"><p>[vc_row][vc_column css=&#8220;.vc_custom_1743149821140{padding-top: 60px !important;padding-bottom: 25px !important;}&#8220;][vc_column_text css=&#8220;&#8220;]<\/p>\n<p style=\"text-align: center;\">Bei Elawan Energy widmen wir uns der Entwicklung von Projekten im Bereich erneuerbare Energien mit einem klaren Bekenntnis zur Nachhaltigkeit. \u00dcber den Umweltschutz hinaus legen wir gro\u00dfen Wert auf unser Engagement f\u00fcr Menschen, den positiven Einfluss auf die Gemeinden, in denen wir t\u00e4tig sind, und eine gute Unternehmensf\u00fchrung, die auf den Grunds\u00e4tzen von Transparenz und ethischer Verantwortung basiert.<\/p>\n<p>[\/vc_column_text][\/vc_column][\/vc_row][vc_row full_width=&#8220;stretch_row&#8220; gap=&#8220;35&#8243; bg_type=&#8220;bg_color&#8220; css=&#8220;.vc_custom_1743148967065{padding-top: 60px !important;padding-bottom: 60px !important;background-image: url(https:\/\/www.elawan.com\/wp-content\/uploads\/2025\/03\/operario-molino-1.jpg?id=164) !important;}&#8220; bg_color_value=&#8220;#EEEEEE&#8220; el_class=&#8220;fondoImagenMitad derecha&#8220;][vc_column width=&#8220;1\/2&#8243;]<div id=\"ultimate-heading-544069d7490e2ec88\" class=\"uvc-heading ult-adjust-bottom-margin ultimate-heading-544069d7490e2ec88 uvc-2025 \" data-hspacer=\"line_only\"  data-halign=\"left\" style=\"text-align:left\"><div class=\"uvc-main-heading ult-responsive\"  data-ultimate-target='.uvc-heading.ultimate-heading-544069d7490e2ec88 h2'  data-responsive-json-new='{\"font-size\":\"\",\"line-height\":\"\"}' ><h2 style=\"font-weight:normal;\">ENGAGEMENT F\u00dcR<br \/>\nMENSCHEN UND UMWELT<\/h2><\/div><div class=\"uvc-heading-spacer line_only\" style=\"margin-top:15px;height:5px;\"><span class=\"uvc-headings-line\" style=\"border-style:solid;border-bottom-width:5px;border-color:#F2CB29;width:70px;\"><\/span><\/div><\/div>[vc_empty_space height=&#8220;40px&#8220;][vc_column_text css=&#8220;&#8220;]Bei Elawan Energy stellen wir den Menschen in den Mittelpunkt unserer Strategie und gew\u00e4hrleisten ein diverses, integratives Arbeitsumfeld, das mit den wichtigsten internationalen Rahmenwerken f\u00fcr Menschenrechte im Einklang steht. Wir setzen auf Arbeitsplatzsicherheit, berufliche Entwicklung und Chancengleichheit.<\/p>\n<p>Wir priorisieren Arbeitssicherheit und Gesundheitsschutz durch die <strong>ISO 45001:2018<\/strong>-Zertifizierung und f\u00f6rdern eine Pr\u00e4ventionskultur durch regelm\u00e4\u00dfige Audits und kontinuierliche Schulungen. Dar\u00fcber hinaus st\u00e4rken wir unsere Unternehmensethik mit einem soliden Compliance-System sowie Schulungen zu Korruptionspr\u00e4vention und Datenschutz. Unser Engagement erstreckt sich auch auf lokale Gemeinschaften und Universit\u00e4ten, mit dem Ziel, eine positive und nachhaltige soziale Wirkung zu erzielen.[\/vc_column_text][\/vc_column][vc_column width=&#8220;1\/2&#8243;][\/vc_column][\/vc_row][vc_row][vc_column css=&#8220;.vc_custom_1743149158224{padding-top: 60px !important;padding-bottom: 0px !important;}&#8220;]<div id=\"ultimate-heading-48369d7490e2ed1a\" class=\"uvc-heading ult-adjust-bottom-margin ultimate-heading-48369d7490e2ed1a uvc-2731 \" data-hspacer=\"line_only\"  data-halign=\"center\" style=\"text-align:center\"><div class=\"uvc-main-heading ult-responsive\"  data-ultimate-target='.uvc-heading.ultimate-heading-48369d7490e2ed1a h2'  data-responsive-json-new='{\"font-size\":\"\",\"line-height\":\"\"}' ><h2 style=\"font-weight:normal;\">ENGAGEMENT F\u00dcR EINE<br \/>\nGUTE UNTERNEHMENSF\u00dcHRUNG<\/h2><\/div><div class=\"uvc-heading-spacer line_only\" style=\"margin-top:15px;height:5px;\"><span class=\"uvc-headings-line\" style=\"border-style:solid;border-bottom-width:5px;border-color:#F2CB29;width:70px;\"><\/span><\/div><\/div>[\/vc_column][\/vc_row][vc_row full_width=&#8220;stretch_row&#8220; gap=&#8220;35&#8243; bg_type=&#8220;bg_color&#8220; css=&#8220;.vc_custom_1743149166799{padding-top: 0px !important;padding-bottom: 60px !important;}&#8220; bg_color_value=&#8220;#FFFFFF&#8220;][vc_column width=&#8220;1\/2&#8243;][vc_column_text css=&#8220;&#8220;]<\/p>\n<h3>Verhaltenskodex<\/h3>\n<p>Bei Elawan Energy setzen wir uns f\u00fcr eine starke Compliance-Kultur ein. Um die Einhaltung aller geltenden Gesetze und Vorschriften sicherzustellen, haben wir Richtlinien und Verfahren entwickelt, die darauf ausgelegt sind, potenzielle Risiken zu verhindern, zu mindern und darauf zu reagieren. Dieses Engagement st\u00e4rkt unsere Integrit\u00e4t und stellt sicher, dass jede Entscheidung, die wir treffen, mit unseren Grunds\u00e4tzen, Werten und unserer Mission f\u00fcr eine nachhaltigere Zukunft im Einklang steht.<\/p>\n<p>Unser <strong>Verhaltenskodex<\/strong> basiert auf drei Grundwerten: Stolz, Vertrauen und Respekt \u2013 sowie auf der strikten Einhaltung geltender Vorschriften und dem Verbot jeglichen Verhaltens, das ein Risiko f\u00fcr Elawan Energy darstellen k\u00f6nnte.[\/vc_column_text]<style type=\"text\/css\" data-type=\"the7_shortcodes-inline-css\">#default-btn-4b8877fee08fc843d93b4c8180d7ad0e.ico-right-side > i {\n  margin-right: 0px;\n  margin-left: 8px;\n}\n#default-btn-4b8877fee08fc843d93b4c8180d7ad0e > i {\n  margin-right: 8px;\n}<\/style><a href=\"https:\/\/www.elawan.com\/wp-content\/uploads\/2025\/06\/Employee-Code-of-Conduct_vENG.pdf\" class=\"default-btn-shortcode dt-btn dt-btn-l link-hover-off anchoNoLimit btn-inline-left \" target=\"_blank\" id=\"default-btn-4b8877fee08fc843d93b4c8180d7ad0e\" style=\"width:350px;\" rel=\"noopener\"><span>VERHALTENSKODEX HERUNTERLADEN<\/span><\/a>[vc_empty_space height=&#8220;40px&#8220;][vc_column_text css=&#8220;&#8220;]Elawan Energy verpflichtet sich zu ethischem Handeln und zum Aufbau starker Beziehungen, die auf gemeinsamen Zielen und Werten beruhen. Dementsprechend verlangen wir von allen Dritten, mit denen wir zusammenarbeiten, die Einhaltung der geltenden Vorschriften und die Beachtung unseres <strong>Verhaltenskodex f\u00fcr Gesch\u00e4ftspartner.<\/strong>[\/vc_column_text]<style type=\"text\/css\" data-type=\"the7_shortcodes-inline-css\">#default-btn-b2eb17bae5b6997cd6390822aa8193e9.ico-right-side > i {\n  margin-right: 0px;\n  margin-left: 8px;\n}\n#default-btn-b2eb17bae5b6997cd6390822aa8193e9 > i {\n  margin-right: 8px;\n}<\/style><a href=\"https:\/\/www.elawan.com\/counterparty-code-of-conduct-2025_veng\/\" class=\"default-btn-shortcode dt-btn dt-btn-l link-hover-off anchoNoLimit btn-inline-left \" target=\"_blank\" id=\"default-btn-b2eb17bae5b6997cd6390822aa8193e9\" style=\"width:350px;\" rel=\"noopener\"><span>VERHALTENSKODEX F\u00dcR GESCH\u00c4FTSPARTNER HERUNTERLADEN<\/span><\/a>[\/vc_column][vc_column width=&#8220;1\/2&#8243;][vc_column_text css=&#8220;&#8220;]<\/p>\n<h3>Politik des Integrierten Managementsystems<\/h3>\n<p>In unserem Unternehmen gew\u00e4hrleisten wir h\u00f6chste Standards in den Bereichen Qualit\u00e4t, Sicherheit und Umweltmanagement. Wir setzen strenge Kontrollen ein, um unerw\u00fcnschte Auswirkungen zu verhindern und die Einhaltung gesetzlicher Vorgaben sicherzustellen.[\/vc_column_text][vc_single_image image=&#8220;154&#8243; img_size=&#8220;large&#8220; css=&#8220;&#8220;][vc_column_text css=&#8220;&#8220;]Unsere Politik des Integrierten Managementsystems ist nach den Normen <strong>ISO 9001, 14001 und 45001<\/strong> zertifiziert und unterstreicht unser Engagement f\u00fcr kontinuierliche Verbesserung.[\/vc_column_text][vc_row_inner content_placement=&#8220;middle&#8220;][vc_column_inner width=&#8220;1\/2&#8243;][vc_single_image image=&#8220;152&#8243; img_size=&#8220;large&#8220; css=&#8220;.vc_custom_1743149593194{margin-bottom: 0px !important;}&#8220;][\/vc_column_inner][vc_column_inner width=&#8220;1\/2&#8243;]<style type=\"text\/css\" data-type=\"the7_shortcodes-inline-css\">#default-btn-c3b807e2f1b232ec9303517ec065637e.ico-right-side > i {\n  margin-right: 0px;\n  margin-left: 8px;\n}\n#default-btn-c3b807e2f1b232ec9303517ec065637e > i {\n  margin-right: 8px;\n}<\/style><a href=\"https:\/\/www.elawan.com\/wp-content\/uploads\/2026\/03\/20360172-BUP-ISO-9001-2015-ELAWAN-ENERGY-SL-INGLES.pdf\" class=\"default-btn-shortcode dt-btn dt-btn-l link-hover-off btn-inline-left \" target=\"_blank\" id=\"default-btn-c3b807e2f1b232ec9303517ec065637e\" rel=\"noopener\"><span>ISO 9001 HERUNTERLADEN<\/span><\/a>[vc_empty_space height=&#8220;15px&#8220;]<style type=\"text\/css\" data-type=\"the7_shortcodes-inline-css\">#default-btn-560822897ef9d8c518aaa81953c7b584.ico-right-side > i {\n  margin-right: 0px;\n  margin-left: 8px;\n}\n#default-btn-560822897ef9d8c518aaa81953c7b584 > i {\n  margin-right: 8px;\n}<\/style><a href=\"https:\/\/www.elawan.com\/wp-content\/uploads\/2026\/03\/20360172-BUQ-ISO-14001-2015-ELAWAN-ENERGY-SL-INGLES.pdf\" class=\"default-btn-shortcode dt-btn dt-btn-l link-hover-off btn-inline-left \" target=\"_blank\" id=\"default-btn-560822897ef9d8c518aaa81953c7b584\" rel=\"noopener\"><span>ISO 14001 HERUNTERLADEN<\/span><\/a>[vc_empty_space height=&#8220;15px&#8220;]<style type=\"text\/css\" data-type=\"the7_shortcodes-inline-css\">#default-btn-db94202fd24c5038d791a3717a64e302.ico-right-side > i {\n  margin-right: 0px;\n  margin-left: 8px;\n}\n#default-btn-db94202fd24c5038d791a3717a64e302 > i {\n  margin-right: 8px;\n}<\/style><a href=\"https:\/\/www.elawan.com\/wp-content\/uploads\/2026\/03\/20360172-BVR-ISO-45001-2018-ELAWAN-ENERGY-SL-INGLES.pdf\" class=\"default-btn-shortcode dt-btn dt-btn-l link-hover-off btn-inline-left \" target=\"_blank\" id=\"default-btn-db94202fd24c5038d791a3717a64e302\" rel=\"noopener\"><span>ISO 45001 HERUNTERLADEN<\/span><\/a>[\/vc_column_inner][\/vc_row_inner][\/vc_column][\/vc_row][vc_row full_width=&#8220;stretch_row&#8220; gap=&#8220;35&#8243; bg_type=&#8220;bg_color&#8220; css=&#8220;.vc_custom_1745824723111{padding-top: 0px !important;padding-bottom: 60px !important;}&#8220; bg_color_value=&#8220;#EEEEEE&#8220;][vc_column][vc_column_text css=&#8220;&#8220;]<\/p>\n<p style=\"text-align: center;\">Elawan Energy verf\u00fcgt \u00fcber einen <strong>Hinweisgeberkanal<\/strong>, \u00fcber den jeder Mitarbeitende oder Dritte, der mit dem Unternehmen in Verbindung steht, Verst\u00f6\u00dfe gegen interne Richtlinien, Verfahren oder geltende Gesetze melden kann. Elawan Energy garantiert, dass keine Vergeltungsma\u00dfnahmen gegen Personen ergriffen werden, die in gutem Glauben Bedenken \u00e4u\u00dfern. Ihre Meldung kann vertraulich und sicher \u00fcbermittelt werden \u2013 entweder unter Angabe Ihrer Identit\u00e4t oder anonym \u00fcber den untenstehenden<\/p>\n<p>[\/vc_column_text]<style type=\"text\/css\" data-type=\"the7_shortcodes-inline-css\">#default-btn-f8a76b8f89ec1a17d923333f45b82c1d.ico-right-side > i {\n  margin-right: 0px;\n  margin-left: 8px;\n}\n#default-btn-f8a76b8f89ec1a17d923333f45b82c1d > i {\n  margin-right: 8px;\n}<\/style><div class=\"btn-align-center\"><a href=\"https:\/\/secure.ethicspoint.eu\/domain\/media\/en\/gui\/106485\/index.html\" class=\"default-btn-shortcode dt-btn dt-btn-l link-hover-off anchoNoLimit \" target=\"_blank\" id=\"default-btn-f8a76b8f89ec1a17d923333f45b82c1d\" style=\"width:340px;\" rel=\"noopener\"><span>HINWEISGEBERKANAL<\/span><\/a><\/div>[\/vc_column][\/vc_row][vc_row full_width=&#8220;stretch_row&#8220; bg_type=&#8220;image&#8220; parallax_style=&#8220;vcpb-default&#8220; bg_image_new=&#8220;id^181|url^https:\/\/www.elawan.com\/wp-content\/uploads\/2025\/03\/separador-2-1.jpg|caption^null|alt^null|title^separador-2|description^null&#8220; bg_img_attach=&#8220;fixed&#8220;][vc_column][vc_empty_space height=&#8220;320px&#8220;][\/vc_column][\/vc_row][vc_row css=&#8220;.vc_custom_1742389154471{padding-top: 60px !important;padding-bottom: 30px !important;}&#8220;][vc_column]<div id=\"ultimate-heading-322869d7490e2f056\" class=\"uvc-heading ult-adjust-bottom-margin ultimate-heading-322869d7490e2f056 uvc-234 \" data-hspacer=\"line_only\"  data-halign=\"center\" style=\"text-align:center\"><div class=\"uvc-main-heading ult-responsive\"  data-ultimate-target='.uvc-heading.ultimate-heading-322869d7490e2f056 h2'  data-responsive-json-new='{\"font-size\":\"\",\"line-height\":\"\"}' ><h2 style=\"font-weight:normal;\">NACHHALTIGKEITSBERICHT<\/h2><\/div><div class=\"uvc-heading-spacer line_only\" style=\"margin-top:20px;height:5px;\"><span class=\"uvc-headings-line\" style=\"border-style:solid;border-bottom-width:5px;border-color:#F2CB29;width:70px;\"><\/span><\/div><\/div>[vc_empty_space height=&#8220;40px&#8220;][vc_column_text css=&#8220;&#8220;]<\/p>\n<p style=\"text-align: center;\">Um Transparenz gegen\u00fcber unseren Stakeholdern zu gew\u00e4hrleisten, stellen wir unseren aktuellen Nachhaltigkeitsbericht sowie ein Archiv fr\u00fcherer Berichte zur Verf\u00fcgung, um unsere Entwicklung und unser kontinuierliches Engagement f\u00fcr Nachhaltigkeit zu dokumentieren.<\/p>\n<p>[\/vc_column_text]<div id=\"contenedorDescargaMemoriasSostenibilidad\"><select id=\"selectDescargarMemoriasSostenibilidad\" class=\"form-select\" aria-label=\"W\u00e4hlen Sie einen Nachhaltigkeitsbericht aus\">\n                <option value=\"\" selected>W\u00e4hlen Sie einen Nachhaltigkeitsbericht aus<\/option><\/select><div class=\"vc_empty_space\" style=\"height: 40px\"><span class=\"vc_empty_space_inner\"><\/span><\/div><div class=\"btn-align-center\">\n                <div class=\"default-btn-shortcode dt-btn dt-btn-l link-hover-off \" id=\"default-btn-0e4ed59b20bd96ba5e96bc5e6db22d85\" onclick=\"descargarMemoria()\"><span>HERUNTERLADEN<\/span><\/div>\n            <\/div><\/div>[vc_empty_space height=&#8220;60px&#8220;][\/vc_column][\/vc_row]<\/p>\n<\/div>","protected":false},"excerpt":{"rendered":"<p>[vc_row][vc_column css=&#8220;.vc_custom_1743149821140{padding-top: 60px !important;padding-bottom: 25px !important;}&#8220;][vc_column_text css=&#8220;&#8220;] Bei Elawan Energy widmen wir uns der Entwicklung von Projekten im Bereich erneuerbare Energien mit einem klaren Bekenntnis zur Nachhaltigkeit. \u00dcber den Umweltschutz hinaus legen wir gro\u00dfen Wert auf unser Engagement f\u00fcr Menschen, den positiven Einfluss auf die Gemeinden, in denen wir t\u00e4tig sind, und eine gute Unternehmensf\u00fchrung,&hellip;<\/p>\n","protected":false},"author":2,"featured_media":12734,"parent":0,"menu_order":0,"comment_status":"closed","ping_status":"closed","template":"","meta":{"_acf_changed":false,"footnotes":""},"class_list":["post-14727","page","type-page","status-publish","has-post-thumbnail","hentry","description-off"],"acf":[],"_links":{"self":[{"href":"https:\/\/www.elawan.com\/de\/wp-json\/wp\/v2\/pages\/14727","targetHints":{"allow":["GET"]}}],"collection":[{"href":"https:\/\/www.elawan.com\/de\/wp-json\/wp\/v2\/pages"}],"about":[{"href":"https:\/\/www.elawan.com\/de\/wp-json\/wp\/v2\/types\/page"}],"author":[{"embeddable":true,"href":"https:\/\/www.elawan.com\/de\/wp-json\/wp\/v2\/users\/2"}],"replies":[{"embeddable":true,"href":"https:\/\/www.elawan.com\/de\/wp-json\/wp\/v2\/comments?post=14727"}],"version-history":[{"count":19,"href":"https:\/\/www.elawan.com\/de\/wp-json\/wp\/v2\/pages\/14727\/revisions"}],"predecessor-version":[{"id":16724,"href":"https:\/\/www.elawan.com\/de\/wp-json\/wp\/v2\/pages\/14727\/revisions\/16724"}],"wp:featuredmedia":[{"embeddable":true,"href":"https:\/\/www.elawan.com\/de\/wp-json\/wp\/v2\/media\/12734"}],"wp:attachment":[{"href":"https:\/\/www.elawan.com\/de\/wp-json\/wp\/v2\/media?parent=14727"}],"curies":[{"name":"wp","href":"https:\/\/api.w.org\/{rel}","templated":true}]}}