{"id":15269,"date":"2025-05-28T10:51:03","date_gmt":"2025-05-28T08:51:03","guid":{"rendered":"https:\/\/www.elawan.com\/?page_id=15269"},"modified":"2025-06-02T11:07:46","modified_gmt":"2025-06-02T09:07:46","slug":"cookie-richtlinie","status":"publish","type":"page","link":"https:\/\/www.elawan.com\/de\/cookie-richtlinie\/","title":{"rendered":"Cookie-Richtlinie"},"content":{"rendered":"<div class=\"textoPoliticas\">\n<h1 data-start=\"271\" data-end=\"293\">Cookie-Richtlinie<\/h1>\n<h3 data-start=\"295\" data-end=\"320\"><\/h3>\n<h3 data-start=\"295\" data-end=\"320\">Was sind Cookies?<\/h3>\n<p data-start=\"322\" data-end=\"702\">Eine Cookie ist eine Datei, die auf Ihrem Computer gespeichert wird, wenn Sie bestimmte Webseiten besuchen. Cookies erm\u00f6glichen einer Website unter anderem, Informationen \u00fcber das Surfverhalten eines Benutzers oder seines Ger\u00e4ts zu speichern und abzurufen und k\u00f6nnen je nach den enthaltenen Informationen und Ihrer Nutzung des Ger\u00e4ts zur Benutzererkennung verwendet werden.<\/p>\n<h3 data-start=\"817\" data-end=\"853\"><\/h3>\n<h3>Verwendete Cookie-Kategorien<\/h3>\n<p>Diese Website unterteilt die verwendeten Cookies in folgende Kategorien:<\/p>\n<ul>\n<li><strong> Notwendige Cookies<\/strong>: Unverzichtbar f\u00fcr den grundlegenden Betrieb der Seite. Sie umfassen Sicherheitsfunktionen, Barrierefreiheit und Formularverwaltung (z. B. Google reCAPTCHA).<\/li>\n<li><strong> Analytische Cookies: <\/strong>Helfen uns zu verstehen, wie Besucher die Website mithilfe von Google Analytics nutzen. Alle Informationen werden anonym gesammelt.<\/li>\n<li><strong> Funktionale Cookies: <\/strong>Erm\u00f6glichen die Einbettung von Inhalten Dritter, wie z. B. YouTube-Videos.<\/li>\n<\/ul>\n<p>&nbsp;<\/p>\n<p>Nachfolgend finden Sie eine \u00dcbersicht \u00fcber die auf dieser Website verwendeten Cookies:<\/p>\n<table width=\"687\">\n<tbody>\n<tr>\n<th width=\"83\">Cookie<\/th>\n<th width=\"83\">Name<\/th>\n<th width=\"83\"><strong>Typ<\/strong><\/th>\n<th width=\"202\"><strong>Zweck<\/strong><\/th>\n<th width=\"236\"><strong>Weitere Informationen<\/strong><\/th>\n<\/tr>\n<tr>\n<td width=\"83\">__utma, __utmb, __utmc, __utmz, __utmt<\/td>\n<td width=\"83\">Google Analytics<\/td>\n<td width=\"83\">Drittanbieter<\/td>\n<td width=\"202\">Sammeln Informationen \u00fcber das Surfverhalten der Nutzer, um Herkunft der Besuche und andere statistische Daten zu ermitteln. Sie erfassen keine pers\u00f6nlichen Daten wie Namen, Nachnamen oder Postanschriften.<\/td>\n<td width=\"236\"><a href=\"https:\/\/policies.google.com\/privacy?hl=de\">Google Datenschutz-Center<\/a><\/td>\n<\/tr>\n<tr>\n<td width=\"83\">_ga, _gat, _gid<\/td>\n<td width=\"83\">Google Analytics<\/td>\n<td width=\"83\">Drittanbieter<\/td>\n<td width=\"202\">Analytische Cookies zur Quantifizierung von Besuchen, Verweildauer und Nutzerverhalten auf der Seite.<\/td>\n<td width=\"236\"><a href=\"https:\/\/developers.google.com\/analytics\/devguides\/collection\/analyticsjs\/cookie-usage\">Mehr Informationen<\/a><\/td>\n<\/tr>\n<tr>\n<td width=\"83\">NID, ANID, 1P_JAR, CONSENT<\/td>\n<td width=\"83\">Google reCAPTCHA<\/td>\n<td width=\"83\">Drittanbieter<\/td>\n<td width=\"202\">Sch\u00fctzen Formulare vor Spam und Missbrauch. Diese Cookies k\u00f6nnen Surf-Informationen sammeln.<\/td>\n<td width=\"236\"><a href=\"https:\/\/policies.google.com\/privacy\">Google Datenschutzrichtlinie<\/a><\/td>\n<\/tr>\n<tr>\n<td width=\"83\">VISITOR_INFO1_LIVE, YSC, PREF<\/td>\n<td width=\"83\">YouTube<\/td>\n<td width=\"83\">Drittanbieter<\/td>\n<td width=\"202\">Erm\u00f6glichen die Wiedergabe eingebetteter Videos und sammeln Statistiken zur Ansicht und zum Nutzerverhalten.<\/td>\n<td width=\"236\"><a href=\"https:\/\/policies.google.com\/privacy\">YouTube-Datenschutzbestimmungen<\/a><\/td>\n<\/tr>\n<\/tbody>\n<\/table>\n<p style=\"margin-top: 30px;\" data-start=\"1531\" data-end=\"1593\"><strong>Hinweis<\/strong>: \u201eEigene\u201c Cookies werden ausschlie\u00dflich vom Inhaber dieser Website verwendet. \u201eDrittanbieter\u201c-Cookies werden von Dienstleistern au\u00dferhalb unserer Organisation verwaltet.<\/p>\n<\/div>\n","protected":false},"excerpt":{"rendered":"<p>Cookie-Richtlinie Was sind Cookies? Eine Cookie ist eine Datei, die auf Ihrem Computer gespeichert wird, wenn Sie bestimmte Webseiten besuchen. Cookies erm\u00f6glichen einer Website unter anderem, Informationen \u00fcber das Surfverhalten eines Benutzers oder seines Ger\u00e4ts zu speichern und abzurufen und k\u00f6nnen je nach den enthaltenen Informationen und Ihrer Nutzung des Ger\u00e4ts zur Benutzererkennung verwendet werden.&hellip;<\/p>\n","protected":false},"author":3,"featured_media":0,"parent":0,"menu_order":0,"comment_status":"closed","ping_status":"open","template":"","meta":{"_acf_changed":false,"footnotes":""},"class_list":["post-15269","page","type-page","status-publish","hentry","description-off"],"acf":[],"_links":{"self":[{"href":"https:\/\/www.elawan.com\/de\/wp-json\/wp\/v2\/pages\/15269","targetHints":{"allow":["GET"]}}],"collection":[{"href":"https:\/\/www.elawan.com\/de\/wp-json\/wp\/v2\/pages"}],"about":[{"href":"https:\/\/www.elawan.com\/de\/wp-json\/wp\/v2\/types\/page"}],"author":[{"embeddable":true,"href":"https:\/\/www.elawan.com\/de\/wp-json\/wp\/v2\/users\/3"}],"replies":[{"embeddable":true,"href":"https:\/\/www.elawan.com\/de\/wp-json\/wp\/v2\/comments?post=15269"}],"version-history":[{"count":13,"href":"https:\/\/www.elawan.com\/de\/wp-json\/wp\/v2\/pages\/15269\/revisions"}],"predecessor-version":[{"id":16300,"href":"https:\/\/www.elawan.com\/de\/wp-json\/wp\/v2\/pages\/15269\/revisions\/16300"}],"wp:attachment":[{"href":"https:\/\/www.elawan.com\/de\/wp-json\/wp\/v2\/media?parent=15269"}],"curies":[{"name":"wp","href":"https:\/\/api.w.org\/{rel}","templated":true}]}}