{"id":14707,"date":"2025-04-11T09:50:43","date_gmt":"2025-04-11T07:50:43","guid":{"rendered":"https:\/\/www.elawan.com\/?page_id=14707"},"modified":"2025-05-26T11:47:01","modified_gmt":"2025-05-26T09:47:01","slug":"affaires","status":"publish","type":"page","link":"https:\/\/www.elawan.com\/fr\/affaires\/","title":{"rendered":"Affaires"},"content":{"rendered":"<div class=\"wpb-content-wrapper\"><p>[vc_row][vc_column css=\u00a0\u00bb.vc_custom_1743149821140{padding-top: 60px !important;padding-bottom: 25px !important;}\u00a0\u00bb][vc_column_text css=\u00a0\u00bb\u00a0\u00bb]<\/p>\n<p style=\"text-align: center;\">Chez Elawan Energy, nous travaillons chaque jour pour continuer \u00e0 produire de l\u2019\u00e9nergie propre et s\u00fbre.<\/p>\n<p style=\"text-align: center;\">Chez Elawan Energy, nous nous consacrons \u00e0 la production et \u00e0 la vente d\u2019\u00e9nergie renouvelable, en int\u00e9grant cr\u00e9ativit\u00e9 et responsabilit\u00e9 \u00e0 chaque \u00e9tape de nos projets.<\/p>\n<p>[\/vc_column_text][\/vc_column][\/vc_row][vc_row full_width=\u00a0\u00bbstretch_row_content\u00a0\u00bb][vc_column]\n\t\t\t\t<p class=\"rs-p-wp-fix\"><\/p>\n\t\t\t\t<sr7-module data-alias=\"slider-negocio\" data-id=\"2\" id=\"SR7_2_1\" class=\"rs-ov-hidden\" data-version=\"6.7.38\">\n\t\t\t\t\t<sr7-adjuster><\/sr7-adjuster>\n\t\t\t\t\t<sr7-content>\n\t\t\t\t\t\t<sr7-slide id=\"SR7_2_1-15\" data-key=\"15\">\n\t\t\t\t\t\t\t<sr7-bg id=\"SR7_2_1-15-1\" class=\"sr7-layer\"><noscript><img decoding=\"async\" src=\"https:\/\/www.elawan.com\/wp-content\/uploads\/2025\/04\/separador-negocio.jpg\" alt=\"\" title=\"separador-negocio\"><\/noscript><\/sr7-bg>\n\t\t\t\t\t\t<\/sr7-slide>\n\t\t\t\t\t\t<sr7-slide id=\"SR7_2_1-16\" data-key=\"16\">\n\t\t\t\t\t\t\t<sr7-bg id=\"SR7_2_1-16-1\" class=\"sr7-layer\"><noscript><img decoding=\"async\" src=\"https:\/\/www.elawan.com\/wp-content\/uploads\/2025\/04\/shutterstock_2167011517.jpg\" alt=\"\" title=\"shutterstock_2167011517\"><\/noscript><\/sr7-bg>\n\t\t\t\t\t\t<\/sr7-slide>\n\t\t\t\t\t\t<sr7-slide id=\"SR7_2_1-18\" data-key=\"18\">\n\t\t\t\t\t\t\t<sr7-bg id=\"SR7_2_1-18-1\" class=\"sr7-layer\"><noscript><img decoding=\"async\" src=\"https:\/\/www.elawan.com\/wp-content\/uploads\/2025\/04\/2025-03-28_09-36-34_035-copia.jpg\" alt=\"\" title=\"2025-03-28_09-36-34_035 copia\"><\/noscript><\/sr7-bg>\n\t\t\t\t\t\t<\/sr7-slide>\n\t\t\t\t\t\t<sr7-slide id=\"SR7_2_1-19\" data-key=\"19\">\n\t\t\t\t\t\t\t<sr7-bg id=\"SR7_2_1-19-1\" class=\"sr7-layer\"><noscript><img decoding=\"async\" src=\"https:\/\/www.elawan.com\/wp-content\/uploads\/2025\/04\/MG_1739.jpg\" alt=\"\" title=\"_MG_1739\"><\/noscript><\/sr7-bg>\n\t\t\t\t\t\t<\/sr7-slide>\n\t\t\t\t\t\t<sr7-slide id=\"SR7_2_1-17\" data-key=\"17\">\n\t\t\t\t\t\t<\/sr7-slide>\n\t\t\t\t\t<\/sr7-content>\n\t\t\t\t\t<image_lists style=\"display:none\">\n\t\t\t\t\t\t<img data-src=\"\/\/www.elawan.com\/wp-content\/uploads\/2025\/04\/separador-negocio.jpg\" data-libid=\"219\" data-lib=\"medialibrary\" title=\"separador-negocio\" width=\"0\" height=\"0\" data-dbsrc=\"Ly93d3cuZWxhd2FuLmNvbS93cC1jb250ZW50L3VwbG9hZHMvMjAyNS8wNC9zZXBhcmFkb3ItbmVnb2Npby5qcGc=\"\/>\n\t\t\t\t\t\t<img data-src=\"\/\/www.elawan.com\/wp-content\/uploads\/2025\/04\/shutterstock_2167011517.jpg\" data-libid=\"288\" data-lib=\"medialibrary\" title=\"shutterstock_2167011517\" width=\"0\" height=\"0\" data-dbsrc=\"Ly93d3cuZWxhd2FuLmNvbS93cC1jb250ZW50L3VwbG9hZHMvMjAyNS8wNC9zaHV0dGVyc3RvY2tfMjE2NzAxMTUxNy5qcGc=\"\/>\n\t\t\t\t\t\t<img data-src=\"\/\/www.elawan.com\/wp-content\/uploads\/2025\/04\/2025-03-28_09-36-34_035-copia.jpg\" data-libid=\"287\" data-lib=\"medialibrary\" title=\"2025-03-28_09-36-34_035 copia\" width=\"0\" height=\"0\" data-dbsrc=\"Ly93d3cuZWxhd2FuLmNvbS93cC1jb250ZW50L3VwbG9hZHMvMjAyNS8wNC8yMDI1LTAzLTI4XzA5LTM2LTM0XzAzNS1jb3BpYS5qcGc=\"\/>\n\t\t\t\t\t\t<img data-src=\"\/\/www.elawan.com\/wp-content\/uploads\/2025\/04\/MG_1739.jpg\" data-libid=\"286\" data-lib=\"medialibrary\" title=\"_MG_1739\" width=\"0\" height=\"0\" data-dbsrc=\"Ly93d3cuZWxhd2FuLmNvbS93cC1jb250ZW50L3VwbG9hZHMvMjAyNS8wNC9NR18xNzM5LmpwZw==\"\/>\n\t\t\t\t\t<\/image_lists>\n\t\t\t\t<\/sr7-module>\n\t\t\t\t<script>\n\t\t\t\t\tSR7.PMH ??={}; SR7.PMH[\"SR7_2_1\"] = {cn:100,state:false,fn: function() { if (_tpt!==undefined && _tpt.prepareModuleHeight !== undefined) {  _tpt.prepareModuleHeight({id:\"SR7_2_1\",el:[350,350,350,250,250],type:'standard',shdw:'0',gh:[350,350,350,250,250],gw:[1240,1240,1240,778,778],vpt:['-100px&#039;,&#039;-100px&#039;,&#039;-100px&#039;,&#039;-100px&#039;,&#039;-100px'],size:{fullWidth:true, fullHeight:false},mh:'0',onh:0,onw:0,bg:{color:'{\"orig\":\"transparent\",\"type\":\"solid\",\"string\":\"transparent\"}'}});   SR7.PMH[\"SR7_2_1\"].state=true;} else if(SR7.PMH[\"SR7_2_1\"].cn-->0)\tsetTimeout( SR7.PMH[\"SR7_2_1\"].fn,19);}};SR7.PMH[\"SR7_2_1\" ].fn();\n\t\t\t\t<\/script>\n[\/vc_column][\/vc_row][vc_row full_width=\u00a0\u00bbstretch_row\u00a0\u00bb bg_type=\u00a0\u00bbbg_color\u00a0\u00bb bg_color_value=\u00a0\u00bb#EEEEEE\u00a0\u00bb][vc_column css=\u00a0\u00bb.vc_custom_1743149158224{padding-top: 60px !important;padding-bottom: 0px !important;}\u00a0\u00bb]<div id=\"ultimate-heading-169269dd7b14a41c7\" class=\"uvc-heading ult-adjust-bottom-margin ultimate-heading-169269dd7b14a41c7 uvc-1433 \" data-hspacer=\"line_only\"  data-halign=\"center\" style=\"text-align:center\"><div class=\"uvc-main-heading ult-responsive\"  data-ultimate-target='.uvc-heading.ultimate-heading-169269dd7b14a41c7 h2'  data-responsive-json-new='{\"font-size\":\"\",\"line-height\":\"\"}' ><h2 style=\"font-weight:normal;\">PRODUCTION<\/h2><\/div><div class=\"uvc-heading-spacer line_only\" style=\"margin-top:15px;height:5px;\"><span class=\"uvc-headings-line\" style=\"border-style:solid;border-bottom-width:5px;border-color:#F2CB29;width:70px;\"><\/span><\/div><\/div>[vc_empty_space height=\u00a0\u00bb40px\u00a0\u00bb][vc_column_text css=\u00a0\u00bb.vc_custom_1748249814960{margin-bottom: 15px !important;}\u00a0\u00bb]<\/p>\n<p style=\"text-align: center;\">De l\u2019\u00e9laboration \u00e0 l\u2019exploitation et \u00e0 la maintenance, chaque phase refl\u00e8te notre engagement pour un avenir \u00e9nerg\u00e9tique plus propre et plus durable.<\/p>\n<p>[\/vc_column_text][\/vc_column][\/vc_row][vc_row full_width=\u00a0\u00bbstretch_row\u00a0\u00bb gap=\u00a0\u00bb35&Prime; bg_type=\u00a0\u00bbbg_color\u00a0\u00bb css=\u00a0\u00bb.vc_custom_1744358399776{padding-top: 0px !important;padding-bottom: 60px !important;}\u00a0\u00bb bg_color_value=\u00a0\u00bb#EEEEEE\u00a0\u00bb][vc_column width=\u00a0\u00bb1\/3&Prime;][vc_single_image image=\u00a0\u00bb224&Prime; img_size=\u00a0\u00bblarge\u00a0\u00bb css=\u00a0\u00bb\u00a0\u00bb][vc_column_text css=\u00a0\u00bb\u00a0\u00bb]<\/p>\n<h3>D\u00e9veloppement<\/h3>\n<p>Nous recherchons constamment de nouvelles opportunit\u00e9s pour \u00e9tendre notre pr\u00e9sence sur les march\u00e9s \u00e9mergents tout en renfor\u00e7ant notre position sur les march\u00e9s existants. Notre \u00e9quipe internationale se consacre \u00e0 l\u2019identification et \u00e0 la r\u00e9alisation de projets innovants qui maximisent le potentiel des \u00e9nergies renouvelables, en s\u2019adaptant aux besoins sp\u00e9cifiques de chaque environnement et communaut\u00e9.[\/vc_column_text][\/vc_column][vc_column width=\u00a0\u00bb1\/3&Prime;][vc_single_image image=\u00a0\u00bb223&Prime; img_size=\u00a0\u00bblarge\u00a0\u00bb css=\u00a0\u00bb\u00a0\u00bb][vc_column_text css=\u00a0\u00bb\u00a0\u00bb]<\/p>\n<h3>Construction<\/h3>\n<p>Nous transformons chaque projet en r\u00e9alit\u00e9. Notre \u00e9quipe de construction sp\u00e9cialis\u00e9e se concentre sur la r\u00e9alisation de projets d\u2019\u00e9nergie renouvelable, en veillant \u00e0 ce que chaque installation r\u00e9ponde aux normes les plus \u00e9lev\u00e9es de qualit\u00e9 et de durabilit\u00e9. Chaque projet t\u00e9moigne de notre engagement envers l&rsquo;excellence et la responsabilit\u00e9 environnementale.[\/vc_column_text][\/vc_column][vc_column width=\u00a0\u00bb1\/3&Prime;][vc_single_image image=\u00a0\u00bb225&Prime; img_size=\u00a0\u00bblarge\u00a0\u00bb css=\u00a0\u00bb\u00a0\u00bb][vc_column_text css=\u00a0\u00bb\u00a0\u00bb]<\/p>\n<h3>Exploitation et Maintenance<\/h3>\n<p>L&rsquo;efficacit\u00e9 et la long\u00e9vit\u00e9 de nos installations sont nos priorit\u00e9s absolues. Nous disposons d\u2019une \u00e9quipe d\u00e9di\u00e9e et de notre propre centre de contr\u00f4le qui surveille en temps r\u00e9el la production de nos parcs \u00e9oliens, de nos installations photovolta\u00efques et de nos centrales hydro\u00e9lectriques. Cette approche proactive garantit une maintenance optimale et une exploitation continue, assurant une fourniture constante et fiable d&rsquo;\u00e9nergie propre.[\/vc_column_text][\/vc_column][\/vc_row][vc_row full_width=\u00a0\u00bbstretch_row\u00a0\u00bb gap=\u00a0\u00bb35&Prime; bg_type=\u00a0\u00bbbg_color\u00a0\u00bb css=\u00a0\u00bb.vc_custom_1747053405088{padding-top: 60px !important;padding-bottom: 60px !important;background-image: url(https:\/\/www.elawan.com\/wp-content\/uploads\/2025\/05\/venta-de-energia.jpg?id=14133) !important;}\u00a0\u00bb bg_color_value=\u00a0\u00bb#FFFFFF\u00a0\u00bb el_class=\u00a0\u00bbfondoImagenMitad width7-12 derecha\u00a0\u00bb][vc_column width=\u00a0\u00bb5\/12&Prime;]<div id=\"ultimate-heading-157969dd7b14a422e\" class=\"uvc-heading ult-adjust-bottom-margin ultimate-heading-157969dd7b14a422e uvc-8719 \" data-hspacer=\"line_only\"  data-halign=\"left\" style=\"text-align:left\"><div class=\"uvc-main-heading ult-responsive\"  data-ultimate-target='.uvc-heading.ultimate-heading-157969dd7b14a422e h2'  data-responsive-json-new='{\"font-size\":\"\",\"line-height\":\"\"}' ><h2 style=\"font-weight:normal;\">VENTE D\u2019\u00c9NERGIE<\/h2><\/div><div class=\"uvc-heading-spacer line_only\" style=\"margin-top:15px;height:5px;\"><span class=\"uvc-headings-line\" style=\"border-style:solid;border-bottom-width:5px;border-color:#F2CB29;width:70px;\"><\/span><\/div><\/div>[vc_empty_space height=\u00a0\u00bb40px\u00a0\u00bb][vc_column_text css=\u00a0\u00bb\u00a0\u00bb]Gr\u00e2ce \u00e0 la vente de l\u2019\u00e9nergie renouvelable que nous produisons, Elawan Energy contribue \u00e0 l\u2019approvisionnement en \u00e9nergie des march\u00e9s \u00e9nerg\u00e9tiques dans lesquels nous op\u00e9rons.[\/vc_column_text][\/vc_column][vc_column width=\u00a0\u00bb7\/12&Prime;][\/vc_column][\/vc_row][vc_row full_width=\u00a0\u00bbstretch_row_content\u00a0\u00bb parallax=\u00a0\u00bbcontent-moving\u00a0\u00bb parallax_image=\u00a0\u00bb228&Prime; bg_type=\u00a0\u00bbimage\u00a0\u00bb parallax_style=\u00a0\u00bbvcpb-hz-jquery\u00a0\u00bb bg_image_new=\u00a0\u00bbid^228|url^https:\/\/www.elawan.com\/wp-content\/uploads\/2025\/04\/fondo-contacto.jpg|caption^null|alt^null|title^fondo-contacto|description^null\u00a0\u00bb bg_image_repeat=\u00a0\u00bbno-repeat\u00a0\u00bb bg_img_attach=\u00a0\u00bbfixed\u00a0\u00bb bg_override=\u00a0\u00bbfull\u00a0\u00bb parallax_content=\u00a0\u00bbparallax_content_value\u00a0\u00bb][vc_column css=\u00a0\u00bb.vc_custom_1743149821140{padding-top: 60px !important;padding-bottom: 25px !important;}\u00a0\u00bb][vc_empty_space height=\u00a0\u00bb90px\u00a0\u00bb][vc_column_text css=\u00a0\u00bb\u00a0\u00bb]<\/p>\n<h3 style=\"text-align: center;\"><span style=\"color: #ffffff;\">Contactez-nous pour toute opportunit\u00e9 commerciale<\/span><\/h3>\n<p>[\/vc_column_text]<style type=\"text\/css\" data-type=\"the7_shortcodes-inline-css\">#default-btn-ac7004672604418f49296f91c91c292a.ico-right-side > i {\n  margin-right: 0px;\n  margin-left: 8px;\n}\n#default-btn-ac7004672604418f49296f91c91c292a > i {\n  margin-right: 8px;\n}<\/style><div class=\"btn-align-center\"><a href=\"https:\/\/www.elawan.com\/contacto\/\" class=\"default-btn-shortcode dt-btn dt-btn-l link-hover-off lightBtn \" id=\"default-btn-ac7004672604418f49296f91c91c292a\" title=\"Contacto\"><span>CONTACTEZ-NOUS<\/span><\/a><\/div>[vc_empty_space height=\u00a0\u00bb130px\u00a0\u00bb][\/vc_column][\/vc_row]<\/p>\n<\/div>","protected":false},"excerpt":{"rendered":"<p>[vc_row][vc_column css=\u00a0\u00bb.vc_custom_1743149821140{padding-top: 60px !important;padding-bottom: 25px !important;}\u00a0\u00bb][vc_column_text css=\u00a0\u00bb\u00a0\u00bb] Chez Elawan Energy, nous travaillons chaque jour pour continuer \u00e0 produire de l\u2019\u00e9nergie propre et s\u00fbre. Chez Elawan Energy, nous nous consacrons \u00e0 la production et \u00e0 la vente d\u2019\u00e9nergie renouvelable, en int\u00e9grant cr\u00e9ativit\u00e9 et responsabilit\u00e9 \u00e0 chaque \u00e9tape de nos projets. [\/vc_column_text][\/vc_column][\/vc_row][vc_row full_width=\u00a0\u00bbstretch_row_content\u00a0\u00bb][vc_column][\/vc_column][\/vc_row][vc_row full_width=\u00a0\u00bbstretch_row\u00a0\u00bb bg_type=\u00a0\u00bbbg_color\u00a0\u00bb bg_color_value=\u00a0\u00bb#EEEEEE\u00a0\u00bb][vc_column css=\u00a0\u00bb.vc_custom_1743149158224{padding-top:&hellip;<\/p>\n","protected":false},"author":2,"featured_media":14319,"parent":0,"menu_order":0,"comment_status":"closed","ping_status":"closed","template":"","meta":{"_acf_changed":false,"footnotes":""},"class_list":["post-14707","page","type-page","status-publish","has-post-thumbnail","hentry","description-off"],"acf":[],"_links":{"self":[{"href":"https:\/\/www.elawan.com\/fr\/wp-json\/wp\/v2\/pages\/14707","targetHints":{"allow":["GET"]}}],"collection":[{"href":"https:\/\/www.elawan.com\/fr\/wp-json\/wp\/v2\/pages"}],"about":[{"href":"https:\/\/www.elawan.com\/fr\/wp-json\/wp\/v2\/types\/page"}],"author":[{"embeddable":true,"href":"https:\/\/www.elawan.com\/fr\/wp-json\/wp\/v2\/users\/2"}],"replies":[{"embeddable":true,"href":"https:\/\/www.elawan.com\/fr\/wp-json\/wp\/v2\/comments?post=14707"}],"version-history":[{"count":2,"href":"https:\/\/www.elawan.com\/fr\/wp-json\/wp\/v2\/pages\/14707\/revisions"}],"predecessor-version":[{"id":14716,"href":"https:\/\/www.elawan.com\/fr\/wp-json\/wp\/v2\/pages\/14707\/revisions\/14716"}],"wp:featuredmedia":[{"embeddable":true,"href":"https:\/\/www.elawan.com\/fr\/wp-json\/wp\/v2\/media\/14319"}],"wp:attachment":[{"href":"https:\/\/www.elawan.com\/fr\/wp-json\/wp\/v2\/media?parent=14707"}],"curies":[{"name":"wp","href":"https:\/\/api.w.org\/{rel}","templated":true}]}}