{"id":14733,"date":"2025-03-28T08:38:45","date_gmt":"2025-03-28T07:38:45","guid":{"rendered":"https:\/\/www.elawan.com\/?page_id=14733"},"modified":"2026-03-09T11:07:04","modified_gmt":"2026-03-09T10:07:04","slug":"esg","status":"publish","type":"page","link":"https:\/\/www.elawan.com\/fr\/esg\/","title":{"rendered":"ESG"},"content":{"rendered":"<div class=\"wpb-content-wrapper\"><p>[vc_row][vc_column css=\u00a0\u00bb.vc_custom_1743149821140{padding-top: 60px !important;padding-bottom: 25px !important;}\u00a0\u00bb][vc_column_text css=\u00a0\u00bb\u00a0\u00bb]<\/p>\n<p style=\"text-align: center;\">Chez Elawan Energy, nous nous consacrons au d\u00e9veloppement de projets d\u2019\u00e9nergies renouvelables avec un engagement ferme en faveur de la durabilit\u00e9. Au-del\u00e0 de la protection de l\u2019environnement, nous nous concentrons sur l\u2019engagement envers les personnes, l\u2019impact positif sur les communaut\u00e9s o\u00f9 nous op\u00e9rons et la bonne gouvernance d\u2019entreprise, en nous guidant selon des principes de transparence et de responsabilit\u00e9 \u00e9thique.<\/p>\n<p>[\/vc_column_text][\/vc_column][\/vc_row][vc_row full_width=\u00a0\u00bbstretch_row\u00a0\u00bb gap=\u00a0\u00bb35&Prime; bg_type=\u00a0\u00bbbg_color\u00a0\u00bb css=\u00a0\u00bb.vc_custom_1743148967065{padding-top: 60px !important;padding-bottom: 60px !important;background-image: url(https:\/\/www.elawan.com\/wp-content\/uploads\/2025\/03\/operario-molino-1.jpg?id=164) !important;}\u00a0\u00bb bg_color_value=\u00a0\u00bb#EEEEEE\u00a0\u00bb el_class=\u00a0\u00bbfondoImagenMitad derecha\u00a0\u00bb][vc_column width=\u00a0\u00bb1\/2&Prime;]<div id=\"ultimate-heading-385669dd7ac29c927\" class=\"uvc-heading ult-adjust-bottom-margin ultimate-heading-385669dd7ac29c927 uvc-6215 \" data-hspacer=\"line_only\"  data-halign=\"left\" style=\"text-align:left\"><div class=\"uvc-main-heading ult-responsive\"  data-ultimate-target='.uvc-heading.ultimate-heading-385669dd7ac29c927 h2'  data-responsive-json-new='{\"font-size\":\"\",\"line-height\":\"\"}' ><h2 style=\"font-weight:normal;\">ENGAGEMENT ENVERS LES<br \/>\nPERSONNES ET L\u2019ENVIRONNEMENT<\/h2><\/div><div class=\"uvc-heading-spacer line_only\" style=\"margin-top:15px;height:5px;\"><span class=\"uvc-headings-line\" style=\"border-style:solid;border-bottom-width:5px;border-color:#F2CB29;width:70px;\"><\/span><\/div><\/div>[vc_empty_space height=\u00a0\u00bb40px\u00a0\u00bb][vc_column_text css=\u00a0\u00bb\u00a0\u00bb]Chez Elawan Energy, nous pla\u00e7ons les personnes au c\u0153ur de notre strat\u00e9gie, en garantissant un environnement de travail diversifi\u00e9, inclusif et align\u00e9 sur les principaux cadres internationaux des droits de l\u2019homme. Nous misons sur la stabilit\u00e9 de l\u2019emploi, le d\u00e9veloppement professionnel et l\u2019\u00e9galit\u00e9 des chances.<\/p>\n<p>Nous donnons la priorit\u00e9 \u00e0 la s\u00e9curit\u00e9 et \u00e0 la sant\u00e9 au travail avec la certification<strong> ISO 45001:2018<\/strong> et nous promouvons une culture de pr\u00e9vention \u00e0 travers des audits et une formation continue.<\/p>\n<p>De plus, nous renfor\u00e7ons l\u2019\u00e9thique d\u2019entreprise gr\u00e2ce \u00e0 un solide syst\u00e8me de conformit\u00e9 et des formations en mati\u00e8re de lutte contre la corruption et de protection des donn\u00e9es. Notre engagement s\u2019\u00e9tend \u00e9galement aux communaut\u00e9s locales et aux universit\u00e9s, dans le but de g\u00e9n\u00e9rer un impact social positif et durable.[\/vc_column_text][\/vc_column][vc_column width=\u00a0\u00bb1\/2&Prime;][\/vc_column][\/vc_row][vc_row][vc_column css=\u00a0\u00bb.vc_custom_1743149158224{padding-top: 60px !important;padding-bottom: 0px !important;}\u00a0\u00bb]<div id=\"ultimate-heading-357869dd7ac29c9b3\" class=\"uvc-heading ult-adjust-bottom-margin ultimate-heading-357869dd7ac29c9b3 uvc-9282 \" data-hspacer=\"line_only\"  data-halign=\"center\" style=\"text-align:center\"><div class=\"uvc-main-heading ult-responsive\"  data-ultimate-target='.uvc-heading.ultimate-heading-357869dd7ac29c9b3 h2'  data-responsive-json-new='{\"font-size\":\"\",\"line-height\":\"\"}' ><h2 style=\"font-weight:normal;\">ENGAGEMENT EN FAVEUR<br \/>\nDE LA BONNE GOUVERNANCE<\/h2><\/div><div class=\"uvc-heading-spacer line_only\" style=\"margin-top:15px;height:5px;\"><span class=\"uvc-headings-line\" style=\"border-style:solid;border-bottom-width:5px;border-color:#F2CB29;width:70px;\"><\/span><\/div><\/div>[\/vc_column][\/vc_row][vc_row full_width=\u00a0\u00bbstretch_row\u00a0\u00bb gap=\u00a0\u00bb35&Prime; bg_type=\u00a0\u00bbbg_color\u00a0\u00bb css=\u00a0\u00bb.vc_custom_1743149166799{padding-top: 0px !important;padding-bottom: 60px !important;}\u00a0\u00bb bg_color_value=\u00a0\u00bb#FFFFFF\u00a0\u00bb][vc_column width=\u00a0\u00bb1\/2&Prime;][vc_column_text css=\u00a0\u00bb\u00a0\u00bb]<\/p>\n<h3>Code de conduite<\/h3>\n<p>Chez Elawan Energy, nous nous engageons \u00e0 promouvoir une culture de conformit\u00e9 forte. Pour garantir le respect de toutes les lois et r\u00e9glementations applicables, nous avons mis en place des politiques et des proc\u00e9dures destin\u00e9es \u00e0 pr\u00e9venir, att\u00e9nuer et r\u00e9pondre aux risques potentiels. Cet engagement renforce notre int\u00e9grit\u00e9 et garantit que chaque d\u00e9cision que nous prenons est align\u00e9e avec nos principes, nos valeurs et notre mission de construire un avenir plus durable.<\/p>\n<p>Notre <strong>Code de Conduite<\/strong> repose sur trois valeurs fondamentales : la Fiert\u00e9, la Confiance et le Respect, ainsi que sur le strict respect des r\u00e9glementations en vigueur et l\u2019interdiction de tout comportement pouvant repr\u00e9senter un risque pour Elawan Energy.[\/vc_column_text]<style type=\"text\/css\" data-type=\"the7_shortcodes-inline-css\">#default-btn-7cb4aee7c79aac0f31e1bc7bbeaaad6d.ico-right-side > i {\n  margin-right: 0px;\n  margin-left: 8px;\n}\n#default-btn-7cb4aee7c79aac0f31e1bc7bbeaaad6d > i {\n  margin-right: 8px;\n}<\/style><a href=\"https:\/\/www.elawan.com\/wp-content\/uploads\/2025\/06\/Employee-Code-of-Conduct_vENG.pdf\" class=\"default-btn-shortcode dt-btn dt-btn-l link-hover-off btn-inline-left \" target=\"_blank\" id=\"default-btn-7cb4aee7c79aac0f31e1bc7bbeaaad6d\" rel=\"noopener\"><span>T\u00c9L\u00c9CHARGER LE CODE DE CONDUITE<\/span><\/a>[vc_empty_space height=\u00a0\u00bb40px\u00a0\u00bb][vc_column_text css=\u00a0\u00bb\u00a0\u00bb]Elawan Energy s\u2019engage \u00e0 mener ses activit\u00e9s de mani\u00e8re \u00e9thique et \u00e0 b\u00e2tir des relations solides fond\u00e9es sur des objectifs et des valeurs partag\u00e9s. En cons\u00e9quence, nous demandons \u00e0 toutes les parties tierces avec lesquelles nous collaborons de respecter les r\u00e9glementations applicables et d\u2019adh\u00e9rer \u00e0 notre <strong>Code de Conduite des Partenaires.<\/strong>[\/vc_column_text]<style type=\"text\/css\" data-type=\"the7_shortcodes-inline-css\">#default-btn-97411d78539326eb16e3d1e0f51b0f40.ico-right-side > i {\n  margin-right: 0px;\n  margin-left: 8px;\n}\n#default-btn-97411d78539326eb16e3d1e0f51b0f40 > i {\n  margin-right: 8px;\n}<\/style><a href=\"https:\/\/www.elawan.com\/counterparty-code-of-conduct-2025_veng\/\" class=\"default-btn-shortcode dt-btn dt-btn-l link-hover-off btn-inline-left \" target=\"_blank\" id=\"default-btn-97411d78539326eb16e3d1e0f51b0f40\" rel=\"noopener\"><span>T\u00c9L\u00c9CHARGER LE CODE DE CONDUITE DES PARTENAIRES<\/span><\/a>[\/vc_column][vc_column width=\u00a0\u00bb1\/2&Prime;][vc_column_text css=\u00a0\u00bb\u00a0\u00bb]<\/p>\n<h3>Politique du Syst\u00e8me de Gestion Int\u00e9gr\u00e9<\/h3>\n<p>Au sein de notre organisation, nous garantissons des normes \u00e9lev\u00e9es en mati\u00e8re de qualit\u00e9, de s\u00e9curit\u00e9 et de gestion environnementale. Nous mettons en place des contr\u00f4les stricts pour pr\u00e9venir les impacts ind\u00e9sirables et assurer la conformit\u00e9 r\u00e9glementaire.[\/vc_column_text][vc_single_image image=\u00a0\u00bb154&Prime; img_size=\u00a0\u00bblarge\u00a0\u00bb css=\u00a0\u00bb\u00a0\u00bb][vc_column_text css=\u00a0\u00bb\u00a0\u00bb]Notre Politique du Syst\u00e8me de Gestion Int\u00e9gr\u00e9 est certifi\u00e9e selon les normes<strong> ISO 9001, 14001 et 45001<\/strong>, r\u00e9affirmant ainsi notre engagement envers l\u2019am\u00e9lioration continue.[\/vc_column_text][vc_row_inner content_placement=\u00a0\u00bbmiddle\u00a0\u00bb][vc_column_inner width=\u00a0\u00bb1\/2&Prime;][vc_single_image image=\u00a0\u00bb152&Prime; img_size=\u00a0\u00bblarge\u00a0\u00bb css=\u00a0\u00bb.vc_custom_1743149593194{margin-bottom: 0px !important;}\u00a0\u00bb][\/vc_column_inner][vc_column_inner width=\u00a0\u00bb1\/2&Prime;]<style type=\"text\/css\" data-type=\"the7_shortcodes-inline-css\">#default-btn-c3b807e2f1b232ec9303517ec065637e.ico-right-side > i {\n  margin-right: 0px;\n  margin-left: 8px;\n}\n#default-btn-c3b807e2f1b232ec9303517ec065637e > i {\n  margin-right: 8px;\n}<\/style><a href=\"https:\/\/www.elawan.com\/wp-content\/uploads\/2026\/03\/20360172-BUP-ISO-9001-2015-ELAWAN-ENERGY-SL-INGLES.pdf\" class=\"default-btn-shortcode dt-btn dt-btn-l link-hover-off btn-inline-left \" target=\"_blank\" id=\"default-btn-c3b807e2f1b232ec9303517ec065637e\" rel=\"noopener\"><span>T\u00c9L\u00c9CHARGER ISO 9001<\/span><\/a>[vc_empty_space height=\u00a0\u00bb15px\u00a0\u00bb]<style type=\"text\/css\" data-type=\"the7_shortcodes-inline-css\">#default-btn-560822897ef9d8c518aaa81953c7b584.ico-right-side > i {\n  margin-right: 0px;\n  margin-left: 8px;\n}\n#default-btn-560822897ef9d8c518aaa81953c7b584 > i {\n  margin-right: 8px;\n}<\/style><a href=\"https:\/\/www.elawan.com\/wp-content\/uploads\/2026\/03\/20360172-BUQ-ISO-14001-2015-ELAWAN-ENERGY-SL-INGLES.pdf\" class=\"default-btn-shortcode dt-btn dt-btn-l link-hover-off btn-inline-left \" target=\"_blank\" id=\"default-btn-560822897ef9d8c518aaa81953c7b584\" rel=\"noopener\"><span>T\u00c9L\u00c9CHARGER ISO 14001<\/span><\/a>[vc_empty_space height=\u00a0\u00bb15px\u00a0\u00bb]<style type=\"text\/css\" data-type=\"the7_shortcodes-inline-css\">#default-btn-db94202fd24c5038d791a3717a64e302.ico-right-side > i {\n  margin-right: 0px;\n  margin-left: 8px;\n}\n#default-btn-db94202fd24c5038d791a3717a64e302 > i {\n  margin-right: 8px;\n}<\/style><a href=\"https:\/\/www.elawan.com\/wp-content\/uploads\/2026\/03\/20360172-BVR-ISO-45001-2018-ELAWAN-ENERGY-SL-INGLES.pdf\" class=\"default-btn-shortcode dt-btn dt-btn-l link-hover-off btn-inline-left \" target=\"_blank\" id=\"default-btn-db94202fd24c5038d791a3717a64e302\" rel=\"noopener\"><span>T\u00c9L\u00c9CHARGER ISO 45001<\/span><\/a>[\/vc_column_inner][\/vc_row_inner][\/vc_column][\/vc_row][vc_row full_width=\u00a0\u00bbstretch_row\u00a0\u00bb gap=\u00a0\u00bb35&Prime; bg_type=\u00a0\u00bbbg_color\u00a0\u00bb css=\u00a0\u00bb.vc_custom_1745824723111{padding-top: 0px !important;padding-bottom: 60px !important;}\u00a0\u00bb bg_color_value=\u00a0\u00bb#EEEEEE\u00a0\u00bb][vc_column][vc_column_text css=\u00a0\u00bb\u00a0\u00bb]<\/p>\n<p style=\"text-align: center;\">Elawan Energy dispose d\u2019un Canal d\u2019Alerte permettant \u00e0 tout employ\u00e9 ou tiers li\u00e9 \u00e0 l\u2019organisation de signaler toute violation des politiques internes, des proc\u00e9dures ou des lois en vigueur. Elawan Energy garantit qu\u2019aucune mesure de r\u00e9torsion ne sera prise \u00e0 l\u2019encontre des personnes signalant des pr\u00e9occupations de bonne foi. Vous pouvez soumettre votre signalement de mani\u00e8re confidentielle et s\u00e9curis\u00e9e, soit en r\u00e9v\u00e9lant votre identit\u00e9, soit de fa\u00e7on anonyme via le lien ci-dessous.<\/p>\n<p>[\/vc_column_text]<style type=\"text\/css\" data-type=\"the7_shortcodes-inline-css\">#default-btn-962bb789cecb39497f1fbc06d98cd229.ico-right-side > i {\n  margin-right: 0px;\n  margin-left: 8px;\n}\n#default-btn-962bb789cecb39497f1fbc06d98cd229 > i {\n  margin-right: 8px;\n}<\/style><div class=\"btn-align-center\"><a href=\"https:\/\/secure.ethicspoint.eu\/domain\/media\/en\/gui\/106485\/index.html\" class=\"default-btn-shortcode dt-btn dt-btn-l link-hover-off \" target=\"_blank\" id=\"default-btn-962bb789cecb39497f1fbc06d98cd229\" rel=\"noopener\"><span>CANAL D\u2019ALERTE<\/span><\/a><\/div>[\/vc_column][\/vc_row][vc_row full_width=\u00a0\u00bbstretch_row\u00a0\u00bb bg_type=\u00a0\u00bbimage\u00a0\u00bb parallax_style=\u00a0\u00bbvcpb-default\u00a0\u00bb bg_image_new=\u00a0\u00bbid^181|url^https:\/\/www.elawan.com\/wp-content\/uploads\/2025\/03\/separador-2-1.jpg|caption^null|alt^null|title^separador-2|description^null\u00a0\u00bb bg_img_attach=\u00a0\u00bbfixed\u00a0\u00bb][vc_column][vc_empty_space height=\u00a0\u00bb320px\u00a0\u00bb][\/vc_column][\/vc_row][vc_row css=\u00a0\u00bb.vc_custom_1742389154471{padding-top: 60px !important;padding-bottom: 30px !important;}\u00a0\u00bb][vc_column]<div id=\"ultimate-heading-992369dd7ac29ccb9\" class=\"uvc-heading ult-adjust-bottom-margin ultimate-heading-992369dd7ac29ccb9 uvc-4925 \" data-hspacer=\"line_only\"  data-halign=\"center\" style=\"text-align:center\"><div class=\"uvc-main-heading ult-responsive\"  data-ultimate-target='.uvc-heading.ultimate-heading-992369dd7ac29ccb9 h2'  data-responsive-json-new='{\"font-size\":\"\",\"line-height\":\"\"}' ><h2 style=\"font-weight:normal;\">RAPPORTS DE DURABILIT\u00c9<\/h2><\/div><div class=\"uvc-heading-spacer line_only\" style=\"margin-top:20px;height:5px;\"><span class=\"uvc-headings-line\" style=\"border-style:solid;border-bottom-width:5px;border-color:#F2CB29;width:70px;\"><\/span><\/div><\/div>[vc_empty_space height=\u00a0\u00bb40px\u00a0\u00bb][vc_column_text css=\u00a0\u00bb\u00a0\u00bb]<\/p>\n<p style=\"text-align: center;\">Per garantire la trasparenza con i nostri stakeholder, mettiamo a disposizione il nostro ultimo <strong>Rapporto di Sostenibilit\u00e0<\/strong>, insieme a un archivio dei report precedenti, per riflettere la nostra evoluzione e il nostro costante impegno verso la sostenibilit\u00e0.<\/p>\n<p>[\/vc_column_text]<div id=\"contenedorDescargaMemoriasSostenibilidad\"><select id=\"selectDescargarMemoriasSostenibilidad\" class=\"form-select\" aria-label=\"Choisir le rapport\">\n                <option value=\"\" selected>Choisir le rapport<\/option><\/select><div class=\"vc_empty_space\" style=\"height: 40px\"><span class=\"vc_empty_space_inner\"><\/span><\/div><div class=\"btn-align-center\">\n                <div class=\"default-btn-shortcode dt-btn dt-btn-l link-hover-off \" id=\"default-btn-0e4ed59b20bd96ba5e96bc5e6db22d85\" onclick=\"descargarMemoria()\"><span>T\u00c9L\u00c9CHARGER<\/span><\/div>\n            <\/div><\/div>[vc_empty_space height=\u00a0\u00bb60px\u00a0\u00bb][\/vc_column][\/vc_row]<\/p>\n<\/div>","protected":false},"excerpt":{"rendered":"<p>[vc_row][vc_column css=\u00a0\u00bb.vc_custom_1743149821140{padding-top: 60px !important;padding-bottom: 25px !important;}\u00a0\u00bb][vc_column_text css=\u00a0\u00bb\u00a0\u00bb] Chez Elawan Energy, nous nous consacrons au d\u00e9veloppement de projets d\u2019\u00e9nergies renouvelables avec un engagement ferme en faveur de la durabilit\u00e9. Au-del\u00e0 de la protection de l\u2019environnement, nous nous concentrons sur l\u2019engagement envers les personnes, l\u2019impact positif sur les communaut\u00e9s o\u00f9 nous op\u00e9rons et la bonne gouvernance d\u2019entreprise,&hellip;<\/p>\n","protected":false},"author":2,"featured_media":14494,"parent":0,"menu_order":0,"comment_status":"closed","ping_status":"closed","template":"","meta":{"_acf_changed":false,"footnotes":""},"class_list":["post-14733","page","type-page","status-publish","has-post-thumbnail","hentry","description-off"],"acf":[],"_links":{"self":[{"href":"https:\/\/www.elawan.com\/fr\/wp-json\/wp\/v2\/pages\/14733","targetHints":{"allow":["GET"]}}],"collection":[{"href":"https:\/\/www.elawan.com\/fr\/wp-json\/wp\/v2\/pages"}],"about":[{"href":"https:\/\/www.elawan.com\/fr\/wp-json\/wp\/v2\/types\/page"}],"author":[{"embeddable":true,"href":"https:\/\/www.elawan.com\/fr\/wp-json\/wp\/v2\/users\/2"}],"replies":[{"embeddable":true,"href":"https:\/\/www.elawan.com\/fr\/wp-json\/wp\/v2\/comments?post=14733"}],"version-history":[{"count":8,"href":"https:\/\/www.elawan.com\/fr\/wp-json\/wp\/v2\/pages\/14733\/revisions"}],"predecessor-version":[{"id":16723,"href":"https:\/\/www.elawan.com\/fr\/wp-json\/wp\/v2\/pages\/14733\/revisions\/16723"}],"wp:featuredmedia":[{"embeddable":true,"href":"https:\/\/www.elawan.com\/fr\/wp-json\/wp\/v2\/media\/14494"}],"wp:attachment":[{"href":"https:\/\/www.elawan.com\/fr\/wp-json\/wp\/v2\/media?parent=14733"}],"curies":[{"name":"wp","href":"https:\/\/api.w.org\/{rel}","templated":true}]}}