{"id":14775,"date":"2025-04-29T13:33:30","date_gmt":"2025-04-29T11:33:30","guid":{"rendered":"https:\/\/www.elawan.com\/?page_id=14775"},"modified":"2025-05-27T15:58:17","modified_gmt":"2025-05-27T13:58:17","slug":"les-projets","status":"publish","type":"page","link":"https:\/\/www.elawan.com\/fr\/les-projets\/","title":{"rendered":"Les projets"},"content":{"rendered":"<div class=\"wpb-content-wrapper\"><p>[vc_row][vc_column css=\u00a0\u00bb.vc_custom_1747045880585{padding-top: 60px !important;}\u00a0\u00bb][vc_column_text css=\u00a0\u00bb\u00a0\u00bb]<\/p>\n<p style=\"text-align: center;\">D\u00e9couvrez o\u00f9 nous op\u00e9rons et comment nous avan\u00e7ons vers un avenir plus durable.<br \/>\nExplorez tous nos projets par pays, technologie ou statut de construction et de d\u00e9veloppement.<\/p>\n<p>[\/vc_column_text][\/vc_column][\/vc_row][vc_row][vc_column css=\u00a0\u00bb.vc_custom_1747045865186{padding-top: 25px !important;}\u00a0\u00bb]<div id=\"contenedorPresenciaGlobal\"><select id=\"selectPaisesPresenciaGlobal\" class=\"form-select selectPresenciaGlobal\" data-finalizados=\"si\" aria-label=\"S\u00e9lectionnez un pays\">  <option value=\"\" selected>S\u00e9lectionnez un pays<\/option>  <option value=\"163\">Afrique du Sud<\/option>  <option value=\"102\">Allemagne<\/option>  <option value=\"107\">Belgique<\/option>  <option value=\"112\">Br\u00e9sil<\/option>  <option value=\"122\">Espagne<\/option>  <option value=\"127\">France<\/option>  <option value=\"133\">Gr\u00e8ce<\/option>  <option value=\"138\">Italie<\/option>  <option value=\"143\">Mexique<\/option>  <option value=\"148\">Pologne<\/option>  <option value=\"158\">Roumanie<\/option>  <option value=\"153\">Royaume-Uni<\/option>  <option value=\"168\">Turquie<\/option>  <option value=\"117\">\u00c9tats-Unis<\/option><\/select><select id=\"selectTipoInstalacion\" class=\"form-select selectPresenciaGlobal\" aria-label=\"S\u00e9lectionnez une technologie\">  <option value=\"\" selected>S\u00e9lectionnez une technologie<\/option>  <option value=\"92\">Bureaux<\/option>  <option value=\"82\">Centrales hydro\u00e9lectriques<\/option>  <option value=\"97\">Centrales photovolta\u00efques<\/option>  <option value=\"87\">Parcs \u00e9oliens<\/option><\/select><select id=\"selectEstadoInstalacion\" class=\"form-select selectPresenciaGlobal\" aria-label=\"S\u00e9lectionnez un statut\">  <option value=\"todos\" selected>S\u00e9lectionnez un statut<\/option>  <option value=\"1\">Op\u00e9rationnel<\/option>  <option value=\"0\">En construction<\/option><\/select><a href=\"#\" class=\"default-btn-shortcode dt-btn dt-btn-l link-hover-off btn-inline-left\" id=\"btBuscarProyectos\" title=\"AFFICHER LES PROJETS\"><span>AFFICHER LES PROJETS<\/span><\/a><input type=\"hidden\" name=\"texto_bt_como_llegar\" id=\"texto_bt_como_llegar\" value=\"COMMENT<br \/>\nY ARRIVER\" \/><div id=\"contendorListadoInstalaciones\">\n                <div class=\"loader\">\n                    <svg width=\"75px\" height=\"75px\" xmlns=\"http:\/\/www.w3.org\/2000\/svg\" viewBox=\"0 0 100 100\" preserveAspectRatio=\"xMidYMid\">\n                        <rect class=\"the7-spinner-animate-1\" rx=\"5\" ry=\"5\" transform=\"rotate(0 50 50) translate(0 -30)\"><\/rect>\n                        <rect class=\"the7-spinner-animate-2\" rx=\"5\" ry=\"5\" transform=\"rotate(30 50 50) translate(0 -30)\"><\/rect>\n                        <rect class=\"the7-spinner-animate-3\" rx=\"5\" ry=\"5\" transform=\"rotate(60 50 50) translate(0 -30)\"><\/rect>\n                        <rect class=\"the7-spinner-animate-4\" rx=\"5\" ry=\"5\" transform=\"rotate(90 50 50) translate(0 -30)\"><\/rect>\n                        <rect class=\"the7-spinner-animate-5\" rx=\"5\" ry=\"5\" transform=\"rotate(120 50 50) translate(0 -30)\"><\/rect>\n                        <rect class=\"the7-spinner-animate-6\" rx=\"5\" ry=\"5\" transform=\"rotate(150 50 50) translate(0 -30)\"><\/rect>\n                        <rect class=\"the7-spinner-animate-7\" rx=\"5\" ry=\"5\" transform=\"rotate(180 50 50) translate(0 -30)\"><\/rect>\n                        <rect class=\"the7-spinner-animate-8\" rx=\"5\" ry=\"5\" transform=\"rotate(210 50 50) translate(0 -30)\"><\/rect>\n                        <rect class=\"the7-spinner-animate-9\" rx=\"5\" ry=\"5\" transform=\"rotate(240 50 50) translate(0 -30)\"><\/rect>\n                        <rect class=\"the7-spinner-animate-10\" rx=\"5\" ry=\"5\" transform=\"rotate(270 50 50) translate(0 -30)\"><\/rect>\n                        <rect class=\"the7-spinner-animate-11\" rx=\"5\" ry=\"5\" transform=\"rotate(300 50 50) translate(0 -30)\"><\/rect>\n                        <rect class=\"the7-spinner-animate-12\" rx=\"5\" ry=\"5\" transform=\"rotate(330 50 50) translate(0 -30)\"><\/rect>\n                    <\/svg>\n                <\/div>\n                <!--<div id=\"listadoInstalaciones\"><\/div>-->\n                <div id=\"sinResultados\" style=\"display:none;margin-top:40px;font-size:1.1rem\">Il semble qu\u2019aucun projet ne corresponde \u00e0 votre recherche. Ajustez les filtres pour continuer \u00e0 d\u00e9couvrir o\u00f9 nous op\u00e9rons et quelles technologies nous lan\u00e7ons.<\/div>\n              <\/div><\/div>[\/vc_column][\/vc_row][vc_row el_id=\u00a0\u00bblistadoInstalaciones\u00a0\u00bb css=\u00a0\u00bb.vc_custom_1747585657447{margin-top: 20px !important;margin-bottom: 40px !important;}\u00a0\u00bb][vc_column][\/vc_column][\/vc_row]<\/p>\n<\/div>","protected":false},"excerpt":{"rendered":"<p>[vc_row][vc_column css=\u00a0\u00bb.vc_custom_1747045880585{padding-top: 60px !important;}\u00a0\u00bb][vc_column_text css=\u00a0\u00bb\u00a0\u00bb] D\u00e9couvrez o\u00f9 nous op\u00e9rons et comment nous avan\u00e7ons vers un avenir plus durable. Explorez tous nos projets par pays, technologie ou statut de construction et de d\u00e9veloppement. [\/vc_column_text][\/vc_column][\/vc_row][vc_row][vc_column css=\u00a0\u00bb.vc_custom_1747045865186{padding-top: 25px !important;}\u00a0\u00bb][\/vc_column][\/vc_row][vc_row el_id=\u00a0\u00bblistadoInstalaciones\u00a0\u00bb css=\u00a0\u00bb.vc_custom_1747585657447{margin-top: 20px !important;margin-bottom: 40px !important;}\u00a0\u00bb][vc_column][\/vc_column][\/vc_row]<\/p>\n","protected":false},"author":2,"featured_media":14589,"parent":0,"menu_order":0,"comment_status":"closed","ping_status":"closed","template":"","meta":{"_acf_changed":false,"footnotes":""},"class_list":["post-14775","page","type-page","status-publish","has-post-thumbnail","hentry","description-off"],"acf":[],"_links":{"self":[{"href":"https:\/\/www.elawan.com\/fr\/wp-json\/wp\/v2\/pages\/14775","targetHints":{"allow":["GET"]}}],"collection":[{"href":"https:\/\/www.elawan.com\/fr\/wp-json\/wp\/v2\/pages"}],"about":[{"href":"https:\/\/www.elawan.com\/fr\/wp-json\/wp\/v2\/types\/page"}],"author":[{"embeddable":true,"href":"https:\/\/www.elawan.com\/fr\/wp-json\/wp\/v2\/users\/2"}],"replies":[{"embeddable":true,"href":"https:\/\/www.elawan.com\/fr\/wp-json\/wp\/v2\/comments?post=14775"}],"version-history":[{"count":1,"href":"https:\/\/www.elawan.com\/fr\/wp-json\/wp\/v2\/pages\/14775\/revisions"}],"predecessor-version":[{"id":14776,"href":"https:\/\/www.elawan.com\/fr\/wp-json\/wp\/v2\/pages\/14775\/revisions\/14776"}],"wp:featuredmedia":[{"embeddable":true,"href":"https:\/\/www.elawan.com\/fr\/wp-json\/wp\/v2\/media\/14589"}],"wp:attachment":[{"href":"https:\/\/www.elawan.com\/fr\/wp-json\/wp\/v2\/media?parent=14775"}],"curies":[{"name":"wp","href":"https:\/\/api.w.org\/{rel}","templated":true}]}}