{"id":15327,"date":"2025-05-28T10:51:03","date_gmt":"2025-05-28T08:51:03","guid":{"rendered":"https:\/\/www.elawan.com\/?page_id=15327"},"modified":"2025-05-28T19:58:52","modified_gmt":"2025-05-28T17:58:52","slug":"politique-de-cookies","status":"publish","type":"page","link":"https:\/\/www.elawan.com\/fr\/politique-de-cookies\/","title":{"rendered":"Politique de Cookies"},"content":{"rendered":"<div class=\"textoPoliticas\">\n<h1 data-start=\"271\" data-end=\"293\">Politique de Cookies<\/h1>\n<h3 data-start=\"295\" data-end=\"320\"><\/h3>\n<h3 data-start=\"295\" data-end=\"320\">Que sont les cookies?<\/h3>\n<p>Un cookie est un fichier qui se t\u00e9l\u00e9charge sur votre ordinateur lorsque vous acc\u00e9dez \u00e0 certaines pages web. Les cookies permettent \u00e0 un site web, entre autres, de stocker et de r\u00e9cup\u00e9rer des informations sur les habitudes de navigation d\u2019un utilisateur ou de son appareil et, selon les informations qu\u2019ils contiennent et la fa\u00e7on dont vous utilisez votre appareil, ils peuvent servir \u00e0 reconna\u00eetre l\u2019utilisateur.<strong>\u00a0<\/strong><\/p>\n<h3>Cat\u00e9gories de cookies utilis\u00e9es<\/h3>\n<p>Ce site classe les cookies qu\u2019il utilise dans les cat\u00e9gories suivantes:<\/p>\n<ul>\n<li><strong> Cookies n\u00e9cessaires : <\/strong>Indispensables au fonctionnement de base du site. Ils incluent les fonctions de s\u00e9curit\u00e9, d\u2019accessibilit\u00e9 et de gestion des formulaires (par exemple Google reCAPTCHA).<\/li>\n<li><strong> Cookies analytiques : <\/strong>Nous aident \u00e0 comprendre comment les visiteurs interagissent avec le site via Google Analytics. Toutes les informations sont collect\u00e9es de mani\u00e8re anonyme.<\/li>\n<li><strong> Cookies fonctionnels : <\/strong>Permettent d\u2019afficher du contenu tiers int\u00e9gr\u00e9, comme des vid\u00e9os YouTube.<\/li>\n<\/ul>\n<p>&nbsp;<\/p>\n<p data-start=\"322\" data-end=\"702\">Vous trouverez ci-dessous les d\u00e9tails de l\u2019utilisation des cookies sur ce site:<\/p>\n<table width=\"687\">\n<tbody>\n<tr>\n<th width=\"83\">Cookie<\/th>\n<th width=\"83\">Nom<\/th>\n<th width=\"83\"><strong>Type<\/strong><\/th>\n<th width=\"202\"><strong>Objectif<\/strong><\/th>\n<th width=\"236\"><strong>Plus d\u2019informations<\/strong><\/th>\n<\/tr>\n<tr>\n<td width=\"83\">__utma, __utmb, __utmc, __utmz, __utmt<\/td>\n<td width=\"83\">Google Analytics<\/td>\n<td width=\"83\">Tiers<\/td>\n<td width=\"202\">Collectent des informations sur la navigation des utilisateurs pour conna\u00eetre l\u2019origine des visites et d\u2019autres donn\u00e9es statistiques. Ils ne recueillent pas de donn\u00e9es personnelles telles que nom, pr\u00e9nom ou adresse postale.<\/td>\n<td width=\"236\"><a href=\"http:\/\/www.google.com\/intl\/fr\/policies\/privacy\/\">Centre de confidentialit\u00e9 Google<\/a><\/td>\n<\/tr>\n<tr>\n<td width=\"83\">_ga, _gat, _gid<\/td>\n<td width=\"83\">Google Analytics<\/td>\n<td width=\"83\">Tiers<\/td>\n<td width=\"202\">Cookies analytiques permettant de quantifier les visites, la dur\u00e9e et le comportement des utilisateurs sur le site.<\/td>\n<td width=\"236\"><a href=\"https:\/\/developers.google.com\/analytics\/devguides\/collection\/analyticsjs\/cookie-usage\">Plus d\u2019informations<\/a><\/td>\n<\/tr>\n<tr>\n<td width=\"83\">NID, ANID, 1P_JAR, CONSENT<\/td>\n<td width=\"83\">Google reCAPTCHA<\/td>\n<td width=\"83\">Tiers<\/td>\n<td width=\"202\">Prot\u00e8gent les formulaires contre le spam et les abus. Ces cookies peuvent collecter des informations de navigation.<\/td>\n<td width=\"236\"><a href=\"https:\/\/policies.google.com\/privacy\">Politique de confidentialit\u00e9 Google<\/a><\/td>\n<\/tr>\n<tr>\n<td width=\"83\">VISITOR_INFO1_LIVE, YSC, PREF<\/td>\n<td width=\"83\">YouTube<\/td>\n<td width=\"83\">Tiers<\/td>\n<td width=\"202\">Permettent la lecture des vid\u00e9os int\u00e9gr\u00e9es et collectent des statistiques de visionnage et de comportement des utilisateurs.<\/td>\n<td width=\"236\"><a href=\"https:\/\/policies.google.com\/privacy\">Politique de confidentialit\u00e9 YouTube<\/a><\/td>\n<\/tr>\n<\/tbody>\n<\/table>\n<p style=\"margin-top: 30px;\" data-start=\"1531\" data-end=\"1593\"><strong data-start=\"2874\" data-end=\"2882\">Note<\/strong>: Les cookies \u00ab premi\u00e8re partie \u00bb sont utilis\u00e9s exclusivement par le propri\u00e9taire de ce site. Les cookies \u00ab tiers \u00bb sont g\u00e9r\u00e9s par des prestataires ext\u00e9rieurs \u00e0 notre organisation.<\/p>\n<\/div>\n","protected":false},"excerpt":{"rendered":"<p>Politique de Cookies Que sont les cookies? Un cookie est un fichier qui se t\u00e9l\u00e9charge sur votre ordinateur lorsque vous acc\u00e9dez \u00e0 certaines pages web. Les cookies permettent \u00e0 un site web, entre autres, de stocker et de r\u00e9cup\u00e9rer des informations sur les habitudes de navigation d\u2019un utilisateur ou de son appareil et, selon les&hellip;<\/p>\n","protected":false},"author":3,"featured_media":0,"parent":0,"menu_order":0,"comment_status":"closed","ping_status":"open","template":"","meta":{"_acf_changed":false,"footnotes":""},"class_list":["post-15327","page","type-page","status-publish","hentry","description-off"],"acf":[],"_links":{"self":[{"href":"https:\/\/www.elawan.com\/fr\/wp-json\/wp\/v2\/pages\/15327","targetHints":{"allow":["GET"]}}],"collection":[{"href":"https:\/\/www.elawan.com\/fr\/wp-json\/wp\/v2\/pages"}],"about":[{"href":"https:\/\/www.elawan.com\/fr\/wp-json\/wp\/v2\/types\/page"}],"author":[{"embeddable":true,"href":"https:\/\/www.elawan.com\/fr\/wp-json\/wp\/v2\/users\/3"}],"replies":[{"embeddable":true,"href":"https:\/\/www.elawan.com\/fr\/wp-json\/wp\/v2\/comments?post=15327"}],"version-history":[{"count":7,"href":"https:\/\/www.elawan.com\/fr\/wp-json\/wp\/v2\/pages\/15327\/revisions"}],"predecessor-version":[{"id":15368,"href":"https:\/\/www.elawan.com\/fr\/wp-json\/wp\/v2\/pages\/15327\/revisions\/15368"}],"wp:attachment":[{"href":"https:\/\/www.elawan.com\/fr\/wp-json\/wp\/v2\/media?parent=15327"}],"curies":[{"name":"wp","href":"https:\/\/api.w.org\/{rel}","templated":true}]}}