{"id":15498,"date":"2025-05-29T09:34:46","date_gmt":"2025-05-29T07:34:46","guid":{"rendered":"https:\/\/www.elawan.com\/?page_id=15498"},"modified":"2025-05-31T18:28:03","modified_gmt":"2025-05-31T16:28:03","slug":"politique-de-confidentialite","status":"publish","type":"page","link":"https:\/\/www.elawan.com\/fr\/politique-de-confidentialite\/","title":{"rendered":"Politique de Confidentialit\u00e9"},"content":{"rendered":"<div class=\"textoPoliticas\">\n<h1>AVIS DE CONFIDENTIALIT\u00c9<\/h1>\n<h3>\u00c0 propos d\u2019Elawan<\/h3>\n<p>Elawan Energy S.L.U. (\u00ab Elawan \u00bb) est une soci\u00e9t\u00e9 \u00e0 responsabilit\u00e9 limit\u00e9e constitu\u00e9e en Espagne, immatricul\u00e9e sous le num\u00e9ro B85146215, dont le si\u00e8ge social est situ\u00e9 C\/ Omb\u00fa 3, 10\u1d49 \u00e9tage, 28045 Madrid (Espagne). Elawan est un acteur mondial dans les \u00e9nergies renouvelables, offrant des solutions int\u00e9gr\u00e9es sur tout le cycle de vie de l\u2019\u00e9nergie verte, de la promotion, du d\u00e9veloppement et de la construction de parcs \u00e9oliens, centrales photovolta\u00efques et hydrauliques, jusqu\u2019\u00e0 l\u2019exploitation, la maintenance et la vente de l\u2019\u00e9nergie produite. Elawan est une filiale d\u2019ORIX Corporation, soci\u00e9t\u00e9 de services financiers internationale cot\u00e9e en bourse, bas\u00e9e \u00e0 Tokyo et fond\u00e9e en 1964.<\/p>\n<h3>\u00c0 propos de notre Avis de Confidentialit\u00e9<\/h3>\n<p>Le pr\u00e9sent avis de confidentialit\u00e9 (l\u2019\u00ab Avis \u00bb) s\u2019applique \u00e0 votre relation avec Elawan. Dans cet Avis, \u00ab nous \u00bb\/\u00ab notre \u00bb\/\u00ab Elawan \u00bb d\u00e9signent Elawan. Il s\u2019adresse \u00e0 vous en tant que (i) partenaire commercial actuel ou potentiel, cible ou entit\u00e9 acquise, fournisseur ou vendeur, ou leurs repr\u00e9sentants (un \u00ab Partenaire Commercial \u00bb) ; ou (ii) candidat \u00e0 un emploi. Cet Avis explique le cadre dans lequel nous pouvons traiter vos donn\u00e9es personnelles et vos droits.<\/p>\n<p>La protection des donn\u00e9es personnelles nous tient \u00e0 c\u0153ur. Nous traitons vos donn\u00e9es personnelles conform\u00e9ment aux lois applicables, notamment le R\u00e8glement G\u00e9n\u00e9ral sur la Protection des Donn\u00e9es de l\u2019UE (RGPD 2016\/679). Elawan est le \u00ab responsable du traitement \u00bb des donn\u00e9es de ses candidats, c\u2019est-\u00e0-dire que nous d\u00e9terminons comment nous collectons, stockons et utilisons vos donn\u00e9es personnelles.<\/p>\n<h3>QUELLES DONN\u00c9ES PERSONNELLES NOUS TRAITONS<\/h3>\n<p>Les cat\u00e9gories d\u00e9pendent de votre relation avec nous :<\/p>\n<p>**Si vous \u00eates Partenaire Commercial**<br \/>\n\u2013 Donn\u00e9es d\u2019identification (nom, adresse, e-mail, t\u00e9l\u00e9phone, fonction, soci\u00e9t\u00e9)<br \/>\n\u2013 Donn\u00e9es financi\u00e8res (coordonn\u00e9es bancaires, adresse de facturation, identifiant fiscal)<br \/>\n\u2013 Donn\u00e9es de navigation (IP, informations des formulaires en ligne)<\/p>\n<p>**Si vous \u00eates Candidat**<br \/>\n\u2013 Donn\u00e9es d\u2019identification (nom, adresse, e-mail, t\u00e9l\u00e9phone, \u00e2ge, sexe, poste, soci\u00e9t\u00e9)<br \/>\n\u2013 Donn\u00e9es RH (CV, comp\u00e9tences linguistiques, formation, visas, permis, num\u00e9ro de s\u00e9curit\u00e9 sociale, carte d\u2019identit\u00e9, passeport, contrat de travail, formulaires de consentement)<br \/>\n\u2013 Donn\u00e9es sensibles de sant\u00e9 si n\u00e9cessaire pour am\u00e9nagements raisonnables (voir section 4)<\/p>\n<h3>COMMENT NOUS OBTENONS VOS DONN\u00c9ES<\/h3>\n<p>**Partenaire Commercial**<br \/>\n\u2013 Lorsque vous nous les fournissez ou interagissez par e-mail, t\u00e9l\u00e9phone, courrier, en personne ou via www.elawan.com<br \/>\n\u2013 Lors de la conclusion d\u2019un contrat<br \/>\n\u2013 Au cours des diligences raisonnables (sources publiques, v\u00e9rificateurs de r\u00e9f\u00e9rences, agences de cr\u00e9dit)<br \/>\n\u2013 \u00c0 la r\u00e9ception de vos factures<br \/>\n\u2013 \u00c0 partir d\u2019autres sources (avocats, registres, bases de donn\u00e9es commerciales)<\/p>\n<p>**Candidat**<br \/>\n\u2013 Lorsque vous nous les fournissez ou interagissez par e-mail, t\u00e9l\u00e9phone, courrier, en personne ou via www.elawan.com<br \/>\n\u2013 \u00c0 la conclusion d\u2019un contrat<br \/>\n\u2013 Lors des v\u00e9rifications de r\u00e9f\u00e9rences (sources publiques, agences sp\u00e9cialis\u00e9es)<\/p>\n<h3>POURQUOI ET SUR QUELLE BASE L\u00c9GALE NOUS TRAITONS<\/h3>\n<p>**Partenaire Commercial**<br \/>\n\u2013 Gestion des demandes, requ\u00eates, r\u00e9clamations<br \/>\n\u2013 Onboarding et v\u00e9rifications pr\u00e9alables<br \/>\n\u2013 Gestion contractuelle et relationnelle<br \/>\n\u2013 Conformit\u00e9 l\u00e9gal, fiscal, comptable, pr\u00e9vention de la fraude et s\u00e9curit\u00e9 des syst\u00e8mes<br \/>\n\u2013 Prestation et facturation de services<br \/>\n\u2013 Communication et support client<br \/>\n\u2013 Analyse et optimisation des processus et syst\u00e8mes<br \/>\n\u2013 Responsabilit\u00e9 soci\u00e9tale<br \/>\n\u2013 D\u00e9veloppement commercial<br \/>\n\u2013 Recouvrement et gestion des cr\u00e9ances<br \/>\n\u2013 Obligations financi\u00e8res et reporting (comptes consolid\u00e9s)<br \/>\n\u2013 Fonctionnalit\u00e9 du site web<br \/>\n\u2013 Administration interne<\/p>\n<p>**Candidat**<br \/>\n\u2013 Gestion du processus de candidature et de recrutement<\/p>\n<p>**Commun**<br \/>\n\u2013 Ex\u00e9cution de contrats<br \/>\n\u2013 Respect des obligations l\u00e9gales et r\u00e9glementaires<br \/>\n\u2013 Sur consentement<br \/>\n\u2013 Pour l\u2019exercice des droits ou obligations en mati\u00e8re d\u2019emploi, s\u00e9curit\u00e9 sociale ou protection sociale<\/p>\n<p>Donn\u00e9es sensibles trait\u00e9es uniquement si strictement n\u00e9cessaire :<br \/>\n\u2013 Diligences ou contr\u00f4les r\u00e9glementaires (v\u00e9rifications d\u2019int\u00e9grit\u00e9, pr\u00e9vention de la fraude)<br \/>\n\u2013 Sant\u00e9 et s\u00e9curit\u00e9 au travail<br \/>\n\u2013 Obligations l\u00e9gales en mati\u00e8re d\u2019emploi (\u00e9galit\u00e9, non-discrimination)<\/p>\n<h3>DUR\u00c9E DE CONSERVATION<\/h3>\n<p>Nous conservons vos donn\u00e9es le temps n\u00e9cessaire aux finalit\u00e9s et obligations l\u00e9gales, fiscales, comptables ou contractuelles. Les crit\u00e8res sont : volume, nature, sensibilit\u00e9, risques, finalit\u00e9s et alternatives.<\/p>\n<h3>DESTINATAIRES<\/h3>\n<p>\u2013 Filiales et entit\u00e9s du groupe Elawan<br \/>\n\u2013 Prestataires et sous-traitants (IT, cloud, h\u00e9bergement)<br \/>\n\u2013 Cessionnaires ou novataires de contrats<br \/>\n\u2013 Autorit\u00e9s publiques ou judiciaires selon loi<br \/>\n\u2013 Conseils externes (experts-comptables, avocats, m\u00e9decins)<\/p>\n<p>Transferts hors EEE : Japon, Royaume-Uni ou autres pays disposant d\u2019une d\u00e9cision d\u2019ad\u00e9quation ou via clauses contractuelles types UE\/UK (disponibles sur demande).<\/p>\n<h3>S\u00c9CURIT\u00c9<\/h3>\n<p>Mesures techniques et organisationnelles pour prot\u00e9ger vos donn\u00e9es contre perte, acc\u00e8s non autoris\u00e9, alt\u00e9ration ou divulgation. Acc\u00e8s restreint au personnel autoris\u00e9 sous confidentialit\u00e9. Proc\u00e9dures de notification en cas de violation de donn\u00e9es.<\/p>\n<h3>VOS DROITS<\/h3>\n<p>Vous pouvez :<br \/>\n\u2013 Obtenir confirmation du traitement et copie de vos donn\u00e9es<br \/>\n\u2013 Demander rectification, effacement, limitation, opposition, portabilit\u00e9<br \/>\n\u2013 Retirer votre consentement \u00e0 tout moment<br \/>\n\u2013 D\u00e9poser une r\u00e9clamation aupr\u00e8s de la CNIL espagnole (AEPD : https:\/\/www.aepd.es\/)<\/p>\n<h3>COOKIES<\/h3>\n<p>Les cookies sont de petits fichiers textes envoy\u00e9s par nos serveurs \u00e0 votre navigateur pour vous reconna\u00eetre lors de vos visites sur www.elawan.com. Nous utilisons les cookies essentiels pour le bon fonctionnement et l\u2019exp\u00e9rience utilisateur. Un bandeau vous informe et vous pouvez refuser via votre navigateur. Voir notre Politique de Cookies.<\/p>\n<h3>ENTR\u00c9E EN VIGUEUR ET MODIFICATIONS<\/h3>\n<p>Cet Avis est effectif au 20 novembre 2024. Il peut \u00eatre mis \u00e0 jour et les modifications entrent en vigueur d\u00e8s publication.<\/p>\n<h3>QUESTIONS OU R\u00c9CLAMATIONS<\/h3>\n<p>**E-mail :** compliance@elawan.com<br \/>\n**Adresse postale :**<br \/>\nElawan Energy S.L.U.<br \/>\n\u00c0 l\u2019attention du Compliance \u2013 Affaires Vie Priv\u00e9e<br \/>\nC\/ Omb\u00fa 3, 10\u1d49 \u00e9tage, 28045 Madrid (Espagne)  <\/p>\n<\/div>\n","protected":false},"excerpt":{"rendered":"<p>AVIS DE CONFIDENTIALIT\u00c9 \u00c0 propos d\u2019Elawan Elawan Energy S.L.U. (\u00ab Elawan \u00bb) est une soci\u00e9t\u00e9 \u00e0 responsabilit\u00e9 limit\u00e9e constitu\u00e9e en Espagne, immatricul\u00e9e sous le num\u00e9ro B85146215, dont le si\u00e8ge social est situ\u00e9 C\/ Omb\u00fa 3, 10\u1d49 \u00e9tage, 28045 Madrid (Espagne). Elawan est un acteur mondial dans les \u00e9nergies renouvelables, offrant des solutions int\u00e9gr\u00e9es sur tout&hellip;<\/p>\n","protected":false},"author":3,"featured_media":0,"parent":0,"menu_order":0,"comment_status":"closed","ping_status":"open","template":"","meta":{"_acf_changed":false,"footnotes":""},"class_list":["post-15498","page","type-page","status-publish","hentry","description-off"],"acf":[],"_links":{"self":[{"href":"https:\/\/www.elawan.com\/fr\/wp-json\/wp\/v2\/pages\/15498","targetHints":{"allow":["GET"]}}],"collection":[{"href":"https:\/\/www.elawan.com\/fr\/wp-json\/wp\/v2\/pages"}],"about":[{"href":"https:\/\/www.elawan.com\/fr\/wp-json\/wp\/v2\/types\/page"}],"author":[{"embeddable":true,"href":"https:\/\/www.elawan.com\/fr\/wp-json\/wp\/v2\/users\/3"}],"replies":[{"embeddable":true,"href":"https:\/\/www.elawan.com\/fr\/wp-json\/wp\/v2\/comments?post=15498"}],"version-history":[{"count":3,"href":"https:\/\/www.elawan.com\/fr\/wp-json\/wp\/v2\/pages\/15498\/revisions"}],"predecessor-version":[{"id":16196,"href":"https:\/\/www.elawan.com\/fr\/wp-json\/wp\/v2\/pages\/15498\/revisions\/16196"}],"wp:attachment":[{"href":"https:\/\/www.elawan.com\/fr\/wp-json\/wp\/v2\/media?parent=15498"}],"curies":[{"name":"wp","href":"https:\/\/api.w.org\/{rel}","templated":true}]}}