{"id":15541,"date":"2025-05-29T09:38:11","date_gmt":"2025-05-29T07:38:11","guid":{"rendered":"https:\/\/www.elawan.com\/?page_id=15541"},"modified":"2025-05-31T14:17:16","modified_gmt":"2025-05-31T12:17:16","slug":"avis-legal-conditions-dutilisation","status":"publish","type":"page","link":"https:\/\/www.elawan.com\/fr\/avis-legal-conditions-dutilisation\/","title":{"rendered":"Avis L\u00e9gal &#038; Conditions d\u2019Utilisation"},"content":{"rendered":"<div class=\"textoPoliticas\">\n<h1 data-start=\"271\" data-end=\"293\">Mentions l\u00e9gales et Conditions d\u2019utilisation<\/h1>\n<h3>CHAMP D\u2019APPLICATION<\/h3>\n<p>Elawan Energy S.L. (ci-apr\u00e8s \u00ab Elawan \u00bb) est propri\u00e9taire de:<br \/>\nwww.elawan.com<\/p>\n<h3>IDENTIFICATION<\/h3>\n<p>Conform\u00e9ment \u00e0 l\u2019article 10 de la loi 34\/2002 du 11 juillet relative aux services de la soci\u00e9t\u00e9 de l\u2019information et au commerce \u00e9lectronique et \u00e0 l\u2019article 4, paragraphe 4 de la loi 56\/2007 du 28 d\u00e9cembre portant mesures d\u2019impulsion de la soci\u00e9t\u00e9 de l\u2019information, les donn\u00e9es suivantes sont publi\u00e9es:<\/p>\n<p>La soci\u00e9t\u00e9 d\u00e9tentrice de ce site web est Elawan Energy S.L. (si\u00e8ge: Calle Omb\u00fa 3, 6\u1d49 \u00e9tage, 28045 Madrid, Espagne), N\u00b0 CIF: B85146215, inscrite au Registre du Commerce de Madrid. Courriel de contact: compliance@elawan.com.<\/p>\n<h3>UTILISATEURS<\/h3>\n<p>L\u2019acc\u00e8s et\/ou l\u2019utilisation des sites web d\u2019Elawan conf\u00e8re la qualit\u00e9 d\u2019UTILISATEUR, qui accepte, d\u00e8s lors, les Conditions G\u00e9n\u00e9rales d\u2019Utilisation d\u00e9crites ci-dessous.<\/p>\n<h3>CONDITIONS G\u00c9N\u00c9RALES D\u2019UTILISATION<\/h3>\n<p>Les sites web d\u2019Elawan fournissent l\u2019acc\u00e8s \u00e0 de nombreuses informations, services, programmes ou donn\u00e9es (\u00ab contenus \u00bb) appartena nt \u00e0 Elawan ou \u00e0 ses conc\u00e9dants, auxquels l\u2019UTILISATEUR peut acc\u00e9der.  <\/p>\n<p>Bien qu\u2019Elawan agisse de bonne foi, il d\u00e9cline toute responsabilit\u00e9, directe ou solidaire, concernant la qualit\u00e9, la fiabilit\u00e9, l\u2019exactitude ou la correction de ces contenus.<\/p>\n<p>L\u2019UTILISATEUR est responsable de l\u2019usage qu\u2019il fait de ces sites web, y compris de tout enregistrement n\u00e9cessaire pour certains services ou contenus. Lors de cet enregistrement, l\u2019UTILISATEUR doit fournir des informations vraies et licites. Il recevra alors un mot de passe dont il est responsable et qu\u2019il s\u2019engage \u00e0 utiliser avec diligence et confidentialit\u00e9.<\/p>\n<p>L\u2019UTILISATEUR s\u2019engage \u00e0 ne pas utiliser les contenus et services d\u2019Elawan pour :<br \/>\n(i) des activit\u00e9s illicites, ill\u00e9gales ou contraires \u00e0 la bonne foi et \u00e0 l\u2019ordre public ;<br \/>\n(ii) la diffusion de contenus ou de propagande \u00e0 caract\u00e8re raciste, x\u00e9nophobe, pornographique ill\u00e9gal, faisant l\u2019apologie du terrorisme ou portant atteinte aux droits de l\u2019homme ;<br \/>\n(iii) provoquer des dommages aux syst\u00e8mes d\u2019Elawan, de ses fournisseurs ou de tiers, notamment par l\u2019introduction de virus ou autres programmes malveillants ;<br \/>\n(iv) tenter d\u2019acc\u00e9der aux comptes de messagerie d\u2019autres utilisateurs et de modifier ou manipuler leurs messages.<\/p>\n<p>Elawan se r\u00e9serve le droit de retirer tout commentaire ou contribution portant atteinte \u00e0 la dignit\u00e9 humaine, discriminatoire, x\u00e9nophobe, raciste, pornographique, attentatoire \u00e0 la jeunesse ou \u00e0 la s\u00e9curit\u00e9 publique ou qu\u2019il juge inappropri\u00e9.<\/p>\n<p>Elawan d\u00e9tient tous les droits de propri\u00e9t\u00e9 intellectuelle et industrielle relatifs \u00e0 ses pages web et aux \u00e9l\u00e9ments qu\u2019elles contiennent (images, sons, vid\u00e9os, logiciels, textes, marques, logos, design, programmes, etc.), appartenant \u00e0 Elawan ou \u00e0 ses conc\u00e9dants.<\/p>\n<p>L\u2019UTILISATEUR peut visualiser, imprimer, copier et stocker ces contenus pour un usage strictement personnel et priv\u00e9. Toute reproduction, transformation, distribution, communication publique, mise \u00e0 disposition ou exploitation commerciale est interdite, de m\u00eame que la modification, l\u2019alt\u00e9ration ou la d\u00e9compilation. L\u2019UTILISATEUR ne doit pas supprimer, alt\u00e9rer ou contourner les dispositifs de protection ou syst\u00e8mes de s\u00e9curit\u00e9 pr\u00e9sents sur ces pages.<\/p>\n<p>L\u2019UTILISATEUR s\u2019abstiendra \u00e9galement d\u2019int\u00e9grer ces contenus dans un autre site web.<\/p>\n<p>Elawan n\u2019est pas responsable des dommages r\u00e9sultant :<br \/>\n\u2013 d\u2019erreurs ou d\u2019omissions dans les contenus,<br \/>\n\u2013 de l\u2019indisponibilit\u00e9 des pages web,<br \/>\n\u2013 de la transmission de virus ou de programmes nuisibles, malgr\u00e9 les mesures technologiques prises.<\/p>\n<p>Elawan peut modifier sans pr\u00e9avis le contenu, la pr\u00e9sentation ou la localisation des services et informations de ses pages web.<\/p>\n<p>Elawan utilise des cookies pour personnaliser et faciliter la navigation. Ces cookies sont li\u00e9s \u00e0 un utilisateur anonyme et ne permettent pas de d\u00e9duire des donn\u00e9es personnelles. L\u2019UTILISATEUR peut configurer son navigateur pour les refuser sans emp\u00eacher l\u2019acc\u00e8s aux contenus. La Politique de Cookies d\u00e9taill\u00e9e figure sur le site.<\/p>\n<p>Les pages peuvent contenir des liens vers d\u2019autres sites. Elawan n\u2019exerce aucun contr\u00f4le sur ces sites ni sur leurs contenus, et n\u2019assume aucune responsabilit\u00e9 quant \u00e0 leur disponibilit\u00e9, qualit\u00e9, fiabilit\u00e9, exactitude ou l\u00e9galit\u00e9. L\u2019inclusion de ces liens n\u2019implique aucune association ou partenariat.<\/p>\n<p>Elawan se r\u00e9serve le droit de refuser ou de retirer l\u2019acc\u00e8s \u00e0 ses pages web et\/ou services, sans pr\u00e9avis, aux utilisateurs qui enfreignent les Conditions G\u00e9n\u00e9rales d\u2019Utilisation.<\/p>\n<p>En cas de non-respect ou d\u2019usage abusif, Elawan se r\u00e9serve le droit d\u2019engager toutes actions civiles ou p\u00e9nales appropri\u00e9es.<\/p>\n<p>Ces conditions peuvent \u00eatre modifi\u00e9es \u00e0 tout moment et seront en vigueur jusqu\u2019\u00e0 publication de nouvelles conditions.<\/p>\n<\/div>\n","protected":false},"excerpt":{"rendered":"<p>Mentions l\u00e9gales et Conditions d\u2019utilisation CHAMP D\u2019APPLICATION Elawan Energy S.L. (ci-apr\u00e8s \u00ab Elawan \u00bb) est propri\u00e9taire de: www.elawan.com IDENTIFICATION Conform\u00e9ment \u00e0 l\u2019article 10 de la loi 34\/2002 du 11 juillet relative aux services de la soci\u00e9t\u00e9 de l\u2019information et au commerce \u00e9lectronique et \u00e0 l\u2019article 4, paragraphe 4 de la loi 56\/2007 du 28 d\u00e9cembre&hellip;<\/p>\n","protected":false},"author":3,"featured_media":0,"parent":0,"menu_order":0,"comment_status":"closed","ping_status":"open","template":"","meta":{"_acf_changed":false,"footnotes":""},"class_list":["post-15541","page","type-page","status-publish","hentry","description-off"],"acf":[],"_links":{"self":[{"href":"https:\/\/www.elawan.com\/fr\/wp-json\/wp\/v2\/pages\/15541","targetHints":{"allow":["GET"]}}],"collection":[{"href":"https:\/\/www.elawan.com\/fr\/wp-json\/wp\/v2\/pages"}],"about":[{"href":"https:\/\/www.elawan.com\/fr\/wp-json\/wp\/v2\/types\/page"}],"author":[{"embeddable":true,"href":"https:\/\/www.elawan.com\/fr\/wp-json\/wp\/v2\/users\/3"}],"replies":[{"embeddable":true,"href":"https:\/\/www.elawan.com\/fr\/wp-json\/wp\/v2\/comments?post=15541"}],"version-history":[{"count":3,"href":"https:\/\/www.elawan.com\/fr\/wp-json\/wp\/v2\/pages\/15541\/revisions"}],"predecessor-version":[{"id":16177,"href":"https:\/\/www.elawan.com\/fr\/wp-json\/wp\/v2\/pages\/15541\/revisions\/16177"}],"wp:attachment":[{"href":"https:\/\/www.elawan.com\/fr\/wp-json\/wp\/v2\/media?parent=15541"}],"curies":[{"name":"wp","href":"https:\/\/api.w.org\/{rel}","templated":true}]}}