{"id":16445,"date":"2025-06-06T14:14:59","date_gmt":"2025-06-06T12:14:59","guid":{"rendered":"https:\/\/www.elawan.com\/?page_id=16445"},"modified":"2025-06-06T14:29:40","modified_gmt":"2025-06-06T12:29:40","slug":"projets-en-belgique","status":"publish","type":"page","link":"https:\/\/www.elawan.com\/fr\/projets-en-belgique\/","title":{"rendered":"Projets en Belgique"},"content":{"rendered":"<div class=\"wpb-content-wrapper\"><p>[vc_row][vc_column css=\u00a0\u00bb.vc_custom_1743149821140{padding-top: 60px !important;padding-bottom: 25px !important;}\u00a0\u00bb][vc_column_text css=\u00a0\u00bb\u00a0\u00bb]<\/p>\n<p style=\"text-align: center;\">Chez Elawan Energy, nous mettons \u00e0 votre disposition un d\u00e9p\u00f4t o\u00f9 vous trouverez<br \/>\nla documentation concernant les projets que nous d\u00e9veloppons en Belgique.<\/p>\n<p>[\/vc_column_text][\/vc_column][\/vc_row][vc_row full_width=\u00a0\u00bbstretch_row_content\u00a0\u00bb parallax=\u00a0\u00bbcontent-moving\u00a0\u00bb parallax_image=\u00a0\u00bb228&Prime; bg_type=\u00a0\u00bbimage\u00a0\u00bb parallax_style=\u00a0\u00bbvcpb-hz-jquery\u00a0\u00bb bg_image_new=\u00a0\u00bbid^228|url^https:\/\/www.elawan.com\/wp-content\/uploads\/2025\/04\/fondo-contacto.jpg|caption^null|alt^null|title^fondo-contacto|description^null\u00a0\u00bb bg_image_repeat=\u00a0\u00bbno-repeat\u00a0\u00bb bg_img_attach=\u00a0\u00bbfixed\u00a0\u00bb bg_override=\u00a0\u00bbfull\u00a0\u00bb parallax_content=\u00a0\u00bbparallax_content_value\u00a0\u00bb][vc_column css=\u00a0\u00bb.vc_custom_1743149821140{padding-top: 60px !important;padding-bottom: 25px !important;}\u00a0\u00bb][vc_empty_space height=\u00a0\u00bb90px\u00a0\u00bb][vc_column_text css=\u00a0\u00bb\u00a0\u00bb]<\/p>\n<h3 style=\"text-align: center;\"><span style=\"color: #ffffff;\">Acc\u00e9der aux documents de pr\u00e9sentation publique<\/span><\/h3>\n<p>[\/vc_column_text]<style type=\"text\/css\" data-type=\"the7_shortcodes-inline-css\">#default-btn-d3c82111d779d641987765b4f79529ad.ico-right-side > i {\n  margin-right: 0px;\n  margin-left: 8px;\n}\n#default-btn-d3c82111d779d641987765b4f79529ad > i {\n  margin-right: 8px;\n}<\/style><div class=\"btn-align-center\"><a href=\"https:\/\/drive.google.com\/drive\/folders\/1A599m1vHRLaOpjGCN_fSozH7PGK9p0b9\" class=\"default-btn-shortcode dt-btn dt-btn-l link-hover-off lightBtn \" target=\"_blank\" id=\"default-btn-d3c82111d779d641987765b4f79529ad\" title=\"Contact\" rel=\"noopener\"><span>DOCUMENTS PUBLICS ACCESSIBLES<\/span><\/a><\/div>[vc_empty_space height=\u00a0\u00bb130px\u00a0\u00bb][\/vc_column][\/vc_row]<\/p>\n<\/div>","protected":false},"excerpt":{"rendered":"<p>[vc_row][vc_column css=\u00a0\u00bb.vc_custom_1743149821140{padding-top: 60px !important;padding-bottom: 25px !important;}\u00a0\u00bb][vc_column_text css=\u00a0\u00bb\u00a0\u00bb] Chez Elawan Energy, nous mettons \u00e0 votre disposition un d\u00e9p\u00f4t o\u00f9 vous trouverez la documentation concernant les projets que nous d\u00e9veloppons en Belgique. [\/vc_column_text][\/vc_column][\/vc_row][vc_row full_width=\u00a0\u00bbstretch_row_content\u00a0\u00bb parallax=\u00a0\u00bbcontent-moving\u00a0\u00bb parallax_image=\u00a0\u00bb228&Prime; bg_type=\u00a0\u00bbimage\u00a0\u00bb parallax_style=\u00a0\u00bbvcpb-hz-jquery\u00a0\u00bb bg_image_new=\u00a0\u00bbid^228|url^https:\/\/www.elawan.com\/wp-content\/uploads\/2025\/04\/fondo-contacto.jpg|caption^null|alt^null|title^fondo-contacto|description^null\u00a0\u00bb bg_image_repeat=\u00a0\u00bbno-repeat\u00a0\u00bb bg_img_attach=\u00a0\u00bbfixed\u00a0\u00bb bg_override=\u00a0\u00bbfull\u00a0\u00bb parallax_content=\u00a0\u00bbparallax_content_value\u00a0\u00bb][vc_column css=\u00a0\u00bb.vc_custom_1743149821140{padding-top: 60px !important;padding-bottom: 25px !important;}\u00a0\u00bb][vc_empty_space height=\u00a0\u00bb90px\u00a0\u00bb][vc_column_text css=\u00a0\u00bb\u00a0\u00bb] Acc\u00e9der aux documents de pr\u00e9sentation publique [\/vc_column_text][vc_empty_space&hellip;<\/p>\n","protected":false},"author":2,"featured_media":16436,"parent":0,"menu_order":0,"comment_status":"closed","ping_status":"closed","template":"","meta":{"_acf_changed":false,"footnotes":""},"class_list":["post-16445","page","type-page","status-publish","has-post-thumbnail","hentry","description-off"],"acf":[],"_links":{"self":[{"href":"https:\/\/www.elawan.com\/fr\/wp-json\/wp\/v2\/pages\/16445","targetHints":{"allow":["GET"]}}],"collection":[{"href":"https:\/\/www.elawan.com\/fr\/wp-json\/wp\/v2\/pages"}],"about":[{"href":"https:\/\/www.elawan.com\/fr\/wp-json\/wp\/v2\/types\/page"}],"author":[{"embeddable":true,"href":"https:\/\/www.elawan.com\/fr\/wp-json\/wp\/v2\/users\/2"}],"replies":[{"embeddable":true,"href":"https:\/\/www.elawan.com\/fr\/wp-json\/wp\/v2\/comments?post=16445"}],"version-history":[{"count":2,"href":"https:\/\/www.elawan.com\/fr\/wp-json\/wp\/v2\/pages\/16445\/revisions"}],"predecessor-version":[{"id":16447,"href":"https:\/\/www.elawan.com\/fr\/wp-json\/wp\/v2\/pages\/16445\/revisions\/16447"}],"wp:featuredmedia":[{"embeddable":true,"href":"https:\/\/www.elawan.com\/fr\/wp-json\/wp\/v2\/media\/16436"}],"wp:attachment":[{"href":"https:\/\/www.elawan.com\/fr\/wp-json\/wp\/v2\/media?parent=16445"}],"curies":[{"name":"wp","href":"https:\/\/api.w.org\/{rel}","templated":true}]}}