{"id":14717,"date":"2025-04-11T09:50:43","date_gmt":"2025-04-11T07:50:43","guid":{"rendered":"https:\/\/www.elawan.com\/?page_id=14717"},"modified":"2025-05-26T13:02:08","modified_gmt":"2025-05-26T11:02:08","slug":"affari","status":"publish","type":"page","link":"https:\/\/www.elawan.com\/it\/affari\/","title":{"rendered":"Affari"},"content":{"rendered":"<div class=\"wpb-content-wrapper\"><p>[vc_row][vc_column css=&#8221;.vc_custom_1743149821140{padding-top: 60px !important;padding-bottom: 25px !important;}&#8221;][vc_column_text css=&#8221;&#8221;]<\/p>\n<p style=\"text-align: center;\">In Elawan Energy, lavoriamo ogni giorno per continuare a produrre energia pulita e sicura.<\/p>\n<p style=\"text-align: center;\">In Elawan Energy, siamo dedicati alla produzione e vendita di energia rinnovabile, integrando creativit\u00e0 e responsabilit\u00e0 in ogni fase dei nostri progetti.<\/p>\n<p>[\/vc_column_text][\/vc_column][\/vc_row][vc_row full_width=&#8221;stretch_row_content&#8221;][vc_column]\n\t\t\t\t<p class=\"rs-p-wp-fix\"><\/p>\n\t\t\t\t<sr7-module data-alias=\"slider-negocio\" data-id=\"2\" id=\"SR7_2_1\" class=\"rs-ov-hidden\" data-version=\"6.7.38\">\n\t\t\t\t\t<sr7-adjuster><\/sr7-adjuster>\n\t\t\t\t\t<sr7-content>\n\t\t\t\t\t\t<sr7-slide id=\"SR7_2_1-15\" data-key=\"15\">\n\t\t\t\t\t\t\t<sr7-bg id=\"SR7_2_1-15-1\" class=\"sr7-layer\"><noscript><img decoding=\"async\" src=\"https:\/\/www.elawan.com\/wp-content\/uploads\/2025\/04\/separador-negocio.jpg\" alt=\"\" title=\"separador-negocio\"><\/noscript><\/sr7-bg>\n\t\t\t\t\t\t<\/sr7-slide>\n\t\t\t\t\t\t<sr7-slide id=\"SR7_2_1-16\" data-key=\"16\">\n\t\t\t\t\t\t\t<sr7-bg id=\"SR7_2_1-16-1\" class=\"sr7-layer\"><noscript><img decoding=\"async\" src=\"https:\/\/www.elawan.com\/wp-content\/uploads\/2025\/04\/shutterstock_2167011517.jpg\" alt=\"\" title=\"shutterstock_2167011517\"><\/noscript><\/sr7-bg>\n\t\t\t\t\t\t<\/sr7-slide>\n\t\t\t\t\t\t<sr7-slide id=\"SR7_2_1-18\" data-key=\"18\">\n\t\t\t\t\t\t\t<sr7-bg id=\"SR7_2_1-18-1\" class=\"sr7-layer\"><noscript><img decoding=\"async\" src=\"https:\/\/www.elawan.com\/wp-content\/uploads\/2025\/04\/2025-03-28_09-36-34_035-copia.jpg\" alt=\"\" title=\"2025-03-28_09-36-34_035 copia\"><\/noscript><\/sr7-bg>\n\t\t\t\t\t\t<\/sr7-slide>\n\t\t\t\t\t\t<sr7-slide id=\"SR7_2_1-19\" data-key=\"19\">\n\t\t\t\t\t\t\t<sr7-bg id=\"SR7_2_1-19-1\" class=\"sr7-layer\"><noscript><img decoding=\"async\" src=\"https:\/\/www.elawan.com\/wp-content\/uploads\/2025\/04\/MG_1739.jpg\" alt=\"\" title=\"_MG_1739\"><\/noscript><\/sr7-bg>\n\t\t\t\t\t\t<\/sr7-slide>\n\t\t\t\t\t\t<sr7-slide id=\"SR7_2_1-17\" data-key=\"17\">\n\t\t\t\t\t\t<\/sr7-slide>\n\t\t\t\t\t<\/sr7-content>\n\t\t\t\t\t<image_lists style=\"display:none\">\n\t\t\t\t\t\t<img data-src=\"\/\/www.elawan.com\/wp-content\/uploads\/2025\/04\/separador-negocio.jpg\" data-libid=\"219\" data-lib=\"medialibrary\" title=\"separador-negocio\" width=\"0\" height=\"0\" data-dbsrc=\"Ly93d3cuZWxhd2FuLmNvbS93cC1jb250ZW50L3VwbG9hZHMvMjAyNS8wNC9zZXBhcmFkb3ItbmVnb2Npby5qcGc=\"\/>\n\t\t\t\t\t\t<img data-src=\"\/\/www.elawan.com\/wp-content\/uploads\/2025\/04\/shutterstock_2167011517.jpg\" data-libid=\"288\" data-lib=\"medialibrary\" title=\"shutterstock_2167011517\" width=\"0\" height=\"0\" data-dbsrc=\"Ly93d3cuZWxhd2FuLmNvbS93cC1jb250ZW50L3VwbG9hZHMvMjAyNS8wNC9zaHV0dGVyc3RvY2tfMjE2NzAxMTUxNy5qcGc=\"\/>\n\t\t\t\t\t\t<img data-src=\"\/\/www.elawan.com\/wp-content\/uploads\/2025\/04\/2025-03-28_09-36-34_035-copia.jpg\" data-libid=\"287\" data-lib=\"medialibrary\" title=\"2025-03-28_09-36-34_035 copia\" width=\"0\" height=\"0\" data-dbsrc=\"Ly93d3cuZWxhd2FuLmNvbS93cC1jb250ZW50L3VwbG9hZHMvMjAyNS8wNC8yMDI1LTAzLTI4XzA5LTM2LTM0XzAzNS1jb3BpYS5qcGc=\"\/>\n\t\t\t\t\t\t<img data-src=\"\/\/www.elawan.com\/wp-content\/uploads\/2025\/04\/MG_1739.jpg\" data-libid=\"286\" data-lib=\"medialibrary\" title=\"_MG_1739\" width=\"0\" height=\"0\" data-dbsrc=\"Ly93d3cuZWxhd2FuLmNvbS93cC1jb250ZW50L3VwbG9hZHMvMjAyNS8wNC9NR18xNzM5LmpwZw==\"\/>\n\t\t\t\t\t<\/image_lists>\n\t\t\t\t<\/sr7-module>\n\t\t\t\t<script>\n\t\t\t\t\tSR7.PMH ??={}; SR7.PMH[\"SR7_2_1\"] = {cn:100,state:false,fn: function() { if (_tpt!==undefined && _tpt.prepareModuleHeight !== undefined) {  _tpt.prepareModuleHeight({id:\"SR7_2_1\",el:[350,350,350,250,250],type:'standard',shdw:'0',gh:[350,350,350,250,250],gw:[1240,1240,1240,778,778],vpt:['-100px&#039;,&#039;-100px&#039;,&#039;-100px&#039;,&#039;-100px&#039;,&#039;-100px'],size:{fullWidth:true, fullHeight:false},mh:'0',onh:0,onw:0,bg:{color:'{\"orig\":\"transparent\",\"type\":\"solid\",\"string\":\"transparent\"}'}});   SR7.PMH[\"SR7_2_1\"].state=true;} else if(SR7.PMH[\"SR7_2_1\"].cn-->0)\tsetTimeout( SR7.PMH[\"SR7_2_1\"].fn,19);}};SR7.PMH[\"SR7_2_1\" ].fn();\n\t\t\t\t<\/script>\n[\/vc_column][\/vc_row][vc_row full_width=&#8221;stretch_row&#8221; bg_type=&#8221;bg_color&#8221; bg_color_value=&#8221;#EEEEEE&#8221;][vc_column css=&#8221;.vc_custom_1743149158224{padding-top: 60px !important;padding-bottom: 0px !important;}&#8221;]<div id=\"ultimate-heading-613769e1f15115d8e\" class=\"uvc-heading ult-adjust-bottom-margin ultimate-heading-613769e1f15115d8e uvc-9221 \" data-hspacer=\"line_only\"  data-halign=\"center\" style=\"text-align:center\"><div class=\"uvc-main-heading ult-responsive\"  data-ultimate-target='.uvc-heading.ultimate-heading-613769e1f15115d8e h2'  data-responsive-json-new='{\"font-size\":\"\",\"line-height\":\"\"}' ><h2 style=\"font-weight:normal;\">PRODUZIONE<\/h2><\/div><div class=\"uvc-heading-spacer line_only\" style=\"margin-top:15px;height:5px;\"><span class=\"uvc-headings-line\" style=\"border-style:solid;border-bottom-width:5px;border-color:#F2CB29;width:70px;\"><\/span><\/div><\/div>[vc_empty_space height=&#8221;40px&#8221;][vc_column_text css=&#8221;.vc_custom_1748253067584{margin-bottom: 15px !important;}&#8221;]<\/p>\n<p style=\"text-align: center;\">Dallo sviluppo, alla gestione e alla manutenzione, ogni fase riflette il nostro impegno per un futuro energetico pi\u00f9 pulito e sostenibile.<\/p>\n<p>[\/vc_column_text][\/vc_column][\/vc_row][vc_row full_width=&#8221;stretch_row&#8221; gap=&#8221;35&#8243; bg_type=&#8221;bg_color&#8221; css=&#8221;.vc_custom_1744358399776{padding-top: 0px !important;padding-bottom: 60px !important;}&#8221; bg_color_value=&#8221;#EEEEEE&#8221;][vc_column width=&#8221;1\/3&#8243;][vc_single_image image=&#8221;224&#8243; img_size=&#8221;large&#8221; css=&#8221;&#8221;][vc_column_text css=&#8221;&#8221;]<\/p>\n<h3>Sviluppo<\/h3>\n<p>Siamo costantemente alla ricerca di nuove opportunit\u00e0 per espandere la nostra presenza nei mercati emergenti, rafforzando al contempo la nostra posizione in quelli esistenti. Il nostro team internazionale \u00e8 impegnato a identificare e realizzare progetti innovativi che massimizzano il potenziale delle energie rinnovabili, adattandosi alle esigenze specifiche di ogni ambiente e comunit\u00e0.[\/vc_column_text][\/vc_column][vc_column width=&#8221;1\/3&#8243;][vc_single_image image=&#8221;223&#8243; img_size=&#8221;large&#8221; css=&#8221;&#8221;][vc_column_text css=&#8221;&#8221;]<\/p>\n<h3>Costruzione<\/h3>\n<p>Trasformiamo ogni progetto in realt\u00e0. Il nostro team di costruzione specializzato si concentra sull&#8217;esecuzione di progetti di energia rinnovabile, assicurando che ogni impianto soddisfi i pi\u00f9 alti standard di qualit\u00e0 e sostenibilit\u00e0. Ogni progetto \u00e8 una testimonianza del nostro impegno per l&#8217;eccellenza e la responsabilit\u00e0 ambientale.[\/vc_column_text][\/vc_column][vc_column width=&#8221;1\/3&#8243;][vc_single_image image=&#8221;225&#8243; img_size=&#8221;large&#8221; css=&#8221;&#8221;][vc_column_text css=&#8221;&#8221;]<\/p>\n<h3>Gestione e Manutenzione<\/h3>\n<p>L&#8217;efficienza e la durata dei nostri impianti sono le nostre priorit\u00e0 assolute. Abbiamo un team dedicato e un nostro centro di controllo che monitora in tempo reale la produzione dei nostri parchi eolici, impianti fotovoltaici e centrali idroelettriche. Questo approccio proattivo garantisce una manutenzione ottimale e un&#8217;operativit\u00e0 continua, assicurando la fornitura costante e affidabile di energia pulita.[\/vc_column_text][\/vc_column][\/vc_row][vc_row full_width=&#8221;stretch_row&#8221; gap=&#8221;35&#8243; bg_type=&#8221;bg_color&#8221; css=&#8221;.vc_custom_1747053405088{padding-top: 60px !important;padding-bottom: 60px !important;background-image: url(https:\/\/www.elawan.com\/wp-content\/uploads\/2025\/05\/venta-de-energia.jpg?id=14133) !important;}&#8221; bg_color_value=&#8221;#FFFFFF&#8221; el_class=&#8221;fondoImagenMitad width7-12 derecha&#8221;][vc_column width=&#8221;5\/12&#8243;]<div id=\"ultimate-heading-786669e1f15115df4\" class=\"uvc-heading ult-adjust-bottom-margin ultimate-heading-786669e1f15115df4 uvc-386 \" data-hspacer=\"line_only\"  data-halign=\"left\" style=\"text-align:left\"><div class=\"uvc-main-heading ult-responsive\"  data-ultimate-target='.uvc-heading.ultimate-heading-786669e1f15115df4 h2'  data-responsive-json-new='{\"font-size\":\"\",\"line-height\":\"\"}' ><h2 style=\"font-weight:normal;\">VENDITA DI ENERGIA<\/h2><\/div><div class=\"uvc-heading-spacer line_only\" style=\"margin-top:15px;height:5px;\"><span class=\"uvc-headings-line\" style=\"border-style:solid;border-bottom-width:5px;border-color:#F2CB29;width:70px;\"><\/span><\/div><\/div>[vc_empty_space height=&#8221;40px&#8221;][vc_column_text css=&#8221;&#8221;]Attraverso la vendita dell&#8217;energia rinnovabile che produciamo, Elawan Energy contribuisce ai mercati energetici in cui operiamo.[\/vc_column_text][\/vc_column][vc_column width=&#8221;7\/12&#8243;][\/vc_column][\/vc_row][vc_row full_width=&#8221;stretch_row_content&#8221; parallax=&#8221;content-moving&#8221; parallax_image=&#8221;228&#8243; bg_type=&#8221;image&#8221; parallax_style=&#8221;vcpb-hz-jquery&#8221; bg_image_new=&#8221;id^228|url^https:\/\/www.elawan.com\/wp-content\/uploads\/2025\/04\/fondo-contacto.jpg|caption^null|alt^null|title^fondo-contacto|description^null&#8221; bg_image_repeat=&#8221;no-repeat&#8221; bg_img_attach=&#8221;fixed&#8221; bg_override=&#8221;full&#8221; parallax_content=&#8221;parallax_content_value&#8221;][vc_column css=&#8221;.vc_custom_1743149821140{padding-top: 60px !important;padding-bottom: 25px !important;}&#8221;][vc_empty_space height=&#8221;90px&#8221;][vc_column_text css=&#8221;&#8221;]<\/p>\n<h3 style=\"text-align: center;\"><span style=\"color: #ffffff;\">Contattaci per opportunit\u00e0 commerciali<\/span><\/h3>\n<p>[\/vc_column_text]<style type=\"text\/css\" data-type=\"the7_shortcodes-inline-css\">#default-btn-2624f50af2c4ddfb6c1583a5e2262a00.ico-right-side > i {\n  margin-right: 0px;\n  margin-left: 8px;\n}\n#default-btn-2624f50af2c4ddfb6c1583a5e2262a00 > i {\n  margin-right: 8px;\n}<\/style><div class=\"btn-align-center\"><a href=\"https:\/\/www.elawan.com\/it\/contatto\/\" class=\"default-btn-shortcode dt-btn dt-btn-l link-hover-off lightBtn \" id=\"default-btn-2624f50af2c4ddfb6c1583a5e2262a00\" title=\"Contacto\"><span>CONTATTA ORA<\/span><\/a><\/div>[vc_empty_space height=&#8221;130px&#8221;][\/vc_column][\/vc_row]<\/p>\n<\/div>","protected":false},"excerpt":{"rendered":"<p>[vc_row][vc_column css=&#8221;.vc_custom_1743149821140{padding-top: 60px !important;padding-bottom: 25px !important;}&#8221;][vc_column_text css=&#8221;&#8221;] In Elawan Energy, lavoriamo ogni giorno per continuare a produrre energia pulita e sicura. In Elawan Energy, siamo dedicati alla produzione e vendita di energia rinnovabile, integrando creativit\u00e0 e responsabilit\u00e0 in ogni fase dei nostri progetti. [\/vc_column_text][\/vc_column][\/vc_row][vc_row full_width=&#8221;stretch_row_content&#8221;][vc_column][\/vc_column][\/vc_row][vc_row full_width=&#8221;stretch_row&#8221; bg_type=&#8221;bg_color&#8221; bg_color_value=&#8221;#EEEEEE&#8221;][vc_column css=&#8221;.vc_custom_1743149158224{padding-top: 60px !important;padding-bottom: 0px !important;}&#8221;][vc_empty_space height=&#8221;40px&#8221;][vc_column_text css=&#8221;.vc_custom_1748253067584{margin-bottom:&hellip;<\/p>\n","protected":false},"author":2,"featured_media":14320,"parent":0,"menu_order":0,"comment_status":"closed","ping_status":"closed","template":"","meta":{"_acf_changed":false,"footnotes":""},"class_list":["post-14717","page","type-page","status-publish","has-post-thumbnail","hentry","description-off"],"acf":[],"_links":{"self":[{"href":"https:\/\/www.elawan.com\/it\/wp-json\/wp\/v2\/pages\/14717","targetHints":{"allow":["GET"]}}],"collection":[{"href":"https:\/\/www.elawan.com\/it\/wp-json\/wp\/v2\/pages"}],"about":[{"href":"https:\/\/www.elawan.com\/it\/wp-json\/wp\/v2\/types\/page"}],"author":[{"embeddable":true,"href":"https:\/\/www.elawan.com\/it\/wp-json\/wp\/v2\/users\/2"}],"replies":[{"embeddable":true,"href":"https:\/\/www.elawan.com\/it\/wp-json\/wp\/v2\/comments?post=14717"}],"version-history":[{"count":2,"href":"https:\/\/www.elawan.com\/it\/wp-json\/wp\/v2\/pages\/14717\/revisions"}],"predecessor-version":[{"id":14721,"href":"https:\/\/www.elawan.com\/it\/wp-json\/wp\/v2\/pages\/14717\/revisions\/14721"}],"wp:featuredmedia":[{"embeddable":true,"href":"https:\/\/www.elawan.com\/it\/wp-json\/wp\/v2\/media\/14320"}],"wp:attachment":[{"href":"https:\/\/www.elawan.com\/it\/wp-json\/wp\/v2\/media?parent=14717"}],"curies":[{"name":"wp","href":"https:\/\/api.w.org\/{rel}","templated":true}]}}