{"id":14743,"date":"2025-03-28T08:38:45","date_gmt":"2025-03-28T07:38:45","guid":{"rendered":"https:\/\/www.elawan.com\/?page_id=14743"},"modified":"2026-03-09T11:09:28","modified_gmt":"2026-03-09T10:09:28","slug":"esg","status":"publish","type":"page","link":"https:\/\/www.elawan.com\/it\/esg\/","title":{"rendered":"ESG"},"content":{"rendered":"<div class=\"wpb-content-wrapper\"><p>[vc_row][vc_column css=&#8221;.vc_custom_1743149821140{padding-top: 60px !important;padding-bottom: 25px !important;}&#8221;][vc_column_text css=&#8221;&#8221;]<\/p>\n<p style=\"text-align: center;\">In Elawan Energy, ci dedichiamo allo sviluppo di progetti di energia rinnovabile con un forte impegno per la sostenibilit\u00e0. Oltre alla tutela dell\u2019ambiente, ci concentriamo sull\u2019attenzione alle persone, sull\u2019impatto positivo nelle comunit\u00e0 in cui operiamo e sulla buona governance aziendale, guidandoci con principi di trasparenza e responsabilit\u00e0 etica.<\/p>\n<p>[\/vc_column_text][\/vc_column][\/vc_row][vc_row full_width=&#8221;stretch_row&#8221; gap=&#8221;35&#8243; bg_type=&#8221;bg_color&#8221; css=&#8221;.vc_custom_1743148967065{padding-top: 60px !important;padding-bottom: 60px !important;background-image: url(https:\/\/www.elawan.com\/wp-content\/uploads\/2025\/03\/operario-molino-1.jpg?id=164) !important;}&#8221; bg_color_value=&#8221;#EEEEEE&#8221; el_class=&#8221;fondoImagenMitad derecha&#8221;][vc_column width=&#8221;1\/2&#8243;]<div id=\"ultimate-heading-935069e1f12a88aad\" class=\"uvc-heading ult-adjust-bottom-margin ultimate-heading-935069e1f12a88aad uvc-7592 \" data-hspacer=\"line_only\"  data-halign=\"left\" style=\"text-align:left\"><div class=\"uvc-main-heading ult-responsive\"  data-ultimate-target='.uvc-heading.ultimate-heading-935069e1f12a88aad h2'  data-responsive-json-new='{\"font-size\":\"\",\"line-height\":\"\"}' ><h2 style=\"font-weight:normal;\">IMPEGNO VERSO LE<br \/>\nPERSONE E L\u2019AMBIENTE<\/h2><\/div><div class=\"uvc-heading-spacer line_only\" style=\"margin-top:15px;height:5px;\"><span class=\"uvc-headings-line\" style=\"border-style:solid;border-bottom-width:5px;border-color:#F2CB29;width:70px;\"><\/span><\/div><\/div>[vc_empty_space height=&#8221;40px&#8221;][vc_column_text css=&#8221;&#8221;]In Elawan Energy, poniamo le persone al centro della nostra strategia, garantendo un ambiente di lavoro diversificato, inclusivo e allineato ai principali quadri internazionali sui diritti umani. Puntiamo sulla stabilit\u00e0 lavorativa, sulla crescita professionale e sulla parit\u00e0 di opportunit\u00e0.<\/p>\n<p>Diamo priorit\u00e0 alla sicurezza e alla salute sul lavoro con la certificazione<strong> ISO 45001:2018<\/strong> e promuoviamo una cultura della prevenzione attraverso audit e formazione continua.<\/p>\n<p>Inoltre, rafforziamo l\u2019etica aziendale attraverso un solido sistema di conformit\u00e0 e programmi di formazione sulle buone pratiche di business e sulla protezione dei dati. Il nostro impegno si estende anche alle comunit\u00e0 locali e alle universit\u00e0, con l\u2019obiettivo di generare un impatto sociale positivo e sostenibile.[\/vc_column_text][\/vc_column][vc_column width=&#8221;1\/2&#8243;][\/vc_column][\/vc_row][vc_row][vc_column css=&#8221;.vc_custom_1743149158224{padding-top: 60px !important;padding-bottom: 0px !important;}&#8221;]<div id=\"ultimate-heading-961869e1f12a88b46\" class=\"uvc-heading ult-adjust-bottom-margin ultimate-heading-961869e1f12a88b46 uvc-5861 \" data-hspacer=\"line_only\"  data-halign=\"center\" style=\"text-align:center\"><div class=\"uvc-main-heading ult-responsive\"  data-ultimate-target='.uvc-heading.ultimate-heading-961869e1f12a88b46 h2'  data-responsive-json-new='{\"font-size\":\"\",\"line-height\":\"\"}' ><h2 style=\"font-weight:normal;\">IMPEGNO PER LA<br \/>\nBUONA GOVERNANCE<\/h2><\/div><div class=\"uvc-heading-spacer line_only\" style=\"margin-top:15px;height:5px;\"><span class=\"uvc-headings-line\" style=\"border-style:solid;border-bottom-width:5px;border-color:#F2CB29;width:70px;\"><\/span><\/div><\/div>[\/vc_column][\/vc_row][vc_row full_width=&#8221;stretch_row&#8221; gap=&#8221;35&#8243; bg_type=&#8221;bg_color&#8221; css=&#8221;.vc_custom_1743149166799{padding-top: 0px !important;padding-bottom: 60px !important;}&#8221; bg_color_value=&#8221;#FFFFFF&#8221;][vc_column width=&#8221;1\/2&#8243;][vc_column_text css=&#8221;&#8221;]<\/p>\n<h3>Codice di Condotta<\/h3>\n<p>In Elawan Energy, siamo impegnati a promuovere una solida Cultura della Conformit\u00e0. Per garantire il rispetto di tutte le leggi e regolamenti applicabili, abbiamo stabilito politiche e procedure progettate per prevenire, mitigare e rispondere ai potenziali rischi. Questo impegno rafforza la nostra integrit\u00e0 e garantisce che ogni decisione presa sia in linea con i nostri principi, valori e con la nostra missione di costruire un futuro pi\u00f9 sostenibile.<\/p>\n<p>Il nostro <strong>Codice di Condotta<\/strong> si basa su tre valori fondamentali: Orgoglio, Fiducia e Rispetto, insieme al rigoroso rispetto delle normative applicabili e al divieto di qualsiasi comportamento che possa rappresentare un rischio per Elawan Energy.[\/vc_column_text]<style type=\"text\/css\" data-type=\"the7_shortcodes-inline-css\">#default-btn-7cb4aee7c79aac0f31e1bc7bbeaaad6d.ico-right-side > i {\n  margin-right: 0px;\n  margin-left: 8px;\n}\n#default-btn-7cb4aee7c79aac0f31e1bc7bbeaaad6d > i {\n  margin-right: 8px;\n}<\/style><a href=\"https:\/\/www.elawan.com\/wp-content\/uploads\/2025\/06\/Employee-Code-of-Conduct_vENG.pdf\" class=\"default-btn-shortcode dt-btn dt-btn-l link-hover-off btn-inline-left \" target=\"_blank\" id=\"default-btn-7cb4aee7c79aac0f31e1bc7bbeaaad6d\" rel=\"noopener\"><span>SCARICA IL CODICE DI CONDOTTA<\/span><\/a>[vc_empty_space height=&#8221;40px&#8221;][vc_column_text css=&#8221;&#8221;]Elawan Energy si impegna a condurre le proprie attivit\u00e0 in modo etico e a costruire relazioni solide basate su obiettivi e valori condivisi. Pertanto, richiediamo a tutte le terze parti con cui collaboriamo di rispettare le normative vigenti e di aderire al nostro <strong>Codice di Condotta per le Controparti.<\/strong>[\/vc_column_text]<style type=\"text\/css\" data-type=\"the7_shortcodes-inline-css\">#default-btn-97411d78539326eb16e3d1e0f51b0f40.ico-right-side > i {\n  margin-right: 0px;\n  margin-left: 8px;\n}\n#default-btn-97411d78539326eb16e3d1e0f51b0f40 > i {\n  margin-right: 8px;\n}<\/style><a href=\"https:\/\/www.elawan.com\/counterparty-code-of-conduct-2025_veng\/\" class=\"default-btn-shortcode dt-btn dt-btn-l link-hover-off btn-inline-left \" target=\"_blank\" id=\"default-btn-97411d78539326eb16e3d1e0f51b0f40\" rel=\"noopener\"><span>SCARICA IL CODICE DI CONDOTTA PER LE CONTROPARTI<\/span><\/a>[\/vc_column][vc_column width=&#8221;1\/2&#8243;][vc_column_text css=&#8221;&#8221;]<\/p>\n<h3>Politica del Sistema di Gestione Integrato<\/h3>\n<p>All&#8217;interno della nostra organizzazione, garantiamo elevati standard di qualit\u00e0, sicurezza e gestione ambientale. Implementiamo controlli rigorosi per prevenire impatti indesiderati e garantire la conformit\u00e0 normativa.[\/vc_column_text][vc_single_image image=&#8221;154&#8243; img_size=&#8221;large&#8221; css=&#8221;&#8221;][vc_column_text css=&#8221;&#8221;]La nostra Politica del Sistema di Gestione Integrato \u00e8 certificata secondo le norme<strong> ISO 9001, 14001 e 45001,<\/strong> riaffermando cos\u00ec il nostro impegno per il miglioramento continuo.[\/vc_column_text][vc_row_inner content_placement=&#8221;middle&#8221;][vc_column_inner width=&#8221;1\/2&#8243;][vc_single_image image=&#8221;152&#8243; img_size=&#8221;large&#8221; css=&#8221;.vc_custom_1743149593194{margin-bottom: 0px !important;}&#8221;][\/vc_column_inner][vc_column_inner width=&#8221;1\/2&#8243;]<style type=\"text\/css\" data-type=\"the7_shortcodes-inline-css\">#default-btn-c3b807e2f1b232ec9303517ec065637e.ico-right-side > i {\n  margin-right: 0px;\n  margin-left: 8px;\n}\n#default-btn-c3b807e2f1b232ec9303517ec065637e > i {\n  margin-right: 8px;\n}<\/style><a href=\"https:\/\/www.elawan.com\/wp-content\/uploads\/2026\/03\/20360172-BUP-ISO-9001-2015-ELAWAN-ENERGY-SL-INGLES.pdf\" class=\"default-btn-shortcode dt-btn dt-btn-l link-hover-off btn-inline-left \" target=\"_blank\" id=\"default-btn-c3b807e2f1b232ec9303517ec065637e\" rel=\"noopener\"><span>SCARICA ISO 9001<\/span><\/a>[vc_empty_space height=&#8221;15px&#8221;]<style type=\"text\/css\" data-type=\"the7_shortcodes-inline-css\">#default-btn-560822897ef9d8c518aaa81953c7b584.ico-right-side > i {\n  margin-right: 0px;\n  margin-left: 8px;\n}\n#default-btn-560822897ef9d8c518aaa81953c7b584 > i {\n  margin-right: 8px;\n}<\/style><a href=\"https:\/\/www.elawan.com\/wp-content\/uploads\/2026\/03\/20360172-BUQ-ISO-14001-2015-ELAWAN-ENERGY-SL-INGLES.pdf\" class=\"default-btn-shortcode dt-btn dt-btn-l link-hover-off btn-inline-left \" target=\"_blank\" id=\"default-btn-560822897ef9d8c518aaa81953c7b584\" rel=\"noopener\"><span>SCARICA ISO 14001<\/span><\/a>[vc_empty_space height=&#8221;15px&#8221;]<style type=\"text\/css\" data-type=\"the7_shortcodes-inline-css\">#default-btn-db94202fd24c5038d791a3717a64e302.ico-right-side > i {\n  margin-right: 0px;\n  margin-left: 8px;\n}\n#default-btn-db94202fd24c5038d791a3717a64e302 > i {\n  margin-right: 8px;\n}<\/style><a href=\"https:\/\/www.elawan.com\/wp-content\/uploads\/2026\/03\/20360172-BVR-ISO-45001-2018-ELAWAN-ENERGY-SL-INGLES.pdf\" class=\"default-btn-shortcode dt-btn dt-btn-l link-hover-off btn-inline-left \" target=\"_blank\" id=\"default-btn-db94202fd24c5038d791a3717a64e302\" rel=\"noopener\"><span>SCARICA ISO 45001<\/span><\/a>[\/vc_column_inner][\/vc_row_inner][\/vc_column][\/vc_row][vc_row full_width=&#8221;stretch_row&#8221; gap=&#8221;35&#8243; bg_type=&#8221;bg_color&#8221; css=&#8221;.vc_custom_1745824723111{padding-top: 0px !important;padding-bottom: 60px !important;}&#8221; bg_color_value=&#8221;#EEEEEE&#8221;][vc_column][vc_column_text css=&#8221;&#8221;]<\/p>\n<p style=\"text-align: center;\">Elawan Energy dispone di un Canale di Segnalazione attraverso il quale ogni dipendente o terza parte collegata all\u2019organizzazione pu\u00f2 segnalare qualsiasi violazione delle politiche interne, delle procedure o delle leggi applicabili. Elawan Energy garantisce che non verranno prese ritorsioni contro chi segnala in buona fede. \u00c8 possibile inviare la segnalazione in modo confidenziale e sicuro, fornendo la propria identit\u00e0 oppure in forma anonima tramite il link qui sotto.<\/p>\n<p>[\/vc_column_text]<style type=\"text\/css\" data-type=\"the7_shortcodes-inline-css\">#default-btn-962bb789cecb39497f1fbc06d98cd229.ico-right-side > i {\n  margin-right: 0px;\n  margin-left: 8px;\n}\n#default-btn-962bb789cecb39497f1fbc06d98cd229 > i {\n  margin-right: 8px;\n}<\/style><div class=\"btn-align-center\"><a href=\"https:\/\/secure.ethicspoint.eu\/domain\/media\/en\/gui\/106485\/index.html\" class=\"default-btn-shortcode dt-btn dt-btn-l link-hover-off \" target=\"_blank\" id=\"default-btn-962bb789cecb39497f1fbc06d98cd229\" rel=\"noopener\"><span>CANALE DI SEGNALAZIONE<\/span><\/a><\/div>[\/vc_column][\/vc_row][vc_row full_width=&#8221;stretch_row&#8221; bg_type=&#8221;image&#8221; parallax_style=&#8221;vcpb-default&#8221; bg_image_new=&#8221;id^181|url^https:\/\/www.elawan.com\/wp-content\/uploads\/2025\/03\/separador-2-1.jpg|caption^null|alt^null|title^separador-2|description^null&#8221; bg_img_attach=&#8221;fixed&#8221;][vc_column][vc_empty_space height=&#8221;320px&#8221;][\/vc_column][\/vc_row][vc_row css=&#8221;.vc_custom_1742389154471{padding-top: 60px !important;padding-bottom: 30px !important;}&#8221;][vc_column]<div id=\"ultimate-heading-704669e1f12a88e42\" class=\"uvc-heading ult-adjust-bottom-margin ultimate-heading-704669e1f12a88e42 uvc-6681 \" data-hspacer=\"line_only\"  data-halign=\"center\" style=\"text-align:center\"><div class=\"uvc-main-heading ult-responsive\"  data-ultimate-target='.uvc-heading.ultimate-heading-704669e1f12a88e42 h2'  data-responsive-json-new='{\"font-size\":\"\",\"line-height\":\"\"}' ><h2 style=\"font-weight:normal;\">RAPPORTI DI SOSTENIBILIT\u00c0<\/h2><\/div><div class=\"uvc-heading-spacer line_only\" style=\"margin-top:20px;height:5px;\"><span class=\"uvc-headings-line\" style=\"border-style:solid;border-bottom-width:5px;border-color:#F2CB29;width:70px;\"><\/span><\/div><\/div>[vc_empty_space height=&#8221;40px&#8221;][vc_column_text css=&#8221;&#8221;]<\/p>\n<p style=\"text-align: center;\">Per garantire la trasparenza con i nostri stakeholder, mettiamo a disposizione il nostro ultimo <strong>Rapporto di Sostenibilit\u00e0<\/strong>, insieme a un archivio dei report precedenti, per riflettere la nostra evoluzione e il nostro costante impegno verso la sostenibilit\u00e0.<\/p>\n<p>[\/vc_column_text]<div id=\"contenedorDescargaMemoriasSostenibilidad\"><select id=\"selectDescargarMemoriasSostenibilidad\" class=\"form-select\" aria-label=\"Scegli il report\">\n                <option value=\"\" selected>Scegli il report<\/option><\/select><div class=\"vc_empty_space\" style=\"height: 40px\"><span class=\"vc_empty_space_inner\"><\/span><\/div><div class=\"btn-align-center\">\n                <div class=\"default-btn-shortcode dt-btn dt-btn-l link-hover-off \" id=\"default-btn-0e4ed59b20bd96ba5e96bc5e6db22d85\" onclick=\"descargarMemoria()\"><span>SCARICA<\/span><\/div>\n            <\/div><\/div>[vc_empty_space height=&#8221;60px&#8221;][\/vc_column][\/vc_row]<\/p>\n<\/div>","protected":false},"excerpt":{"rendered":"<p>[vc_row][vc_column css=&#8221;.vc_custom_1743149821140{padding-top: 60px !important;padding-bottom: 25px !important;}&#8221;][vc_column_text css=&#8221;&#8221;] In Elawan Energy, ci dedichiamo allo sviluppo di progetti di energia rinnovabile con un forte impegno per la sostenibilit\u00e0. Oltre alla tutela dell\u2019ambiente, ci concentriamo sull\u2019attenzione alle persone, sull\u2019impatto positivo nelle comunit\u00e0 in cui operiamo e sulla buona governance aziendale, guidandoci con principi di trasparenza e responsabilit\u00e0 etica.&hellip;<\/p>\n","protected":false},"author":2,"featured_media":14495,"parent":0,"menu_order":0,"comment_status":"closed","ping_status":"closed","template":"","meta":{"_acf_changed":false,"footnotes":""},"class_list":["post-14743","page","type-page","status-publish","has-post-thumbnail","hentry","description-off"],"acf":[],"_links":{"self":[{"href":"https:\/\/www.elawan.com\/it\/wp-json\/wp\/v2\/pages\/14743","targetHints":{"allow":["GET"]}}],"collection":[{"href":"https:\/\/www.elawan.com\/it\/wp-json\/wp\/v2\/pages"}],"about":[{"href":"https:\/\/www.elawan.com\/it\/wp-json\/wp\/v2\/types\/page"}],"author":[{"embeddable":true,"href":"https:\/\/www.elawan.com\/it\/wp-json\/wp\/v2\/users\/2"}],"replies":[{"embeddable":true,"href":"https:\/\/www.elawan.com\/it\/wp-json\/wp\/v2\/comments?post=14743"}],"version-history":[{"count":4,"href":"https:\/\/www.elawan.com\/it\/wp-json\/wp\/v2\/pages\/14743\/revisions"}],"predecessor-version":[{"id":16725,"href":"https:\/\/www.elawan.com\/it\/wp-json\/wp\/v2\/pages\/14743\/revisions\/16725"}],"wp:featuredmedia":[{"embeddable":true,"href":"https:\/\/www.elawan.com\/it\/wp-json\/wp\/v2\/media\/14495"}],"wp:attachment":[{"href":"https:\/\/www.elawan.com\/it\/wp-json\/wp\/v2\/media?parent=14743"}],"curies":[{"name":"wp","href":"https:\/\/api.w.org\/{rel}","templated":true}]}}