{"id":14724,"date":"2025-04-11T09:50:43","date_gmt":"2025-04-11T07:50:43","guid":{"rendered":"https:\/\/www.elawan.com\/?page_id=14724"},"modified":"2025-05-26T13:18:28","modified_gmt":"2025-05-26T11:18:28","slug":"biznes","status":"publish","type":"page","link":"https:\/\/www.elawan.com\/pl\/biznes\/","title":{"rendered":"Biznes"},"content":{"rendered":"<div class=\"wpb-content-wrapper\"><p>[vc_row][vc_column css=&#8221;.vc_custom_1743149821140{padding-top: 60px !important;padding-bottom: 25px !important;}&#8221;][vc_column_text css=&#8221;&#8221;]<\/p>\n<p style=\"text-align: center;\">W Elawan Energy codziennie pracujemy nad tym, aby nadal produkowa\u0107 czyst\u0105 i bezpieczn\u0105 energi\u0119.<\/p>\n<p style=\"text-align: center;\">W Elawan Energy koncentrujemy si\u0119 na produkcji i sprzeda\u017cy energii odnawialnej, wprowadzaj\u0105c kreatywno\u015b\u0107 i odpowiedzialno\u015b\u0107 na ka\u017cdym etapie naszych projekt\u00f3w.<\/p>\n<p>[\/vc_column_text][\/vc_column][\/vc_row][vc_row full_width=&#8221;stretch_row_content&#8221;][vc_column]\n\t\t\t\t<p class=\"rs-p-wp-fix\"><\/p>\n\t\t\t\t<sr7-module data-alias=\"slider-negocio\" data-id=\"2\" id=\"SR7_2_1\" class=\"rs-ov-hidden\" data-version=\"6.7.38\">\n\t\t\t\t\t<sr7-adjuster><\/sr7-adjuster>\n\t\t\t\t\t<sr7-content>\n\t\t\t\t\t\t<sr7-slide id=\"SR7_2_1-15\" data-key=\"15\">\n\t\t\t\t\t\t\t<sr7-bg id=\"SR7_2_1-15-1\" class=\"sr7-layer\"><noscript><img decoding=\"async\" src=\"https:\/\/www.elawan.com\/wp-content\/uploads\/2025\/04\/separador-negocio.jpg\" alt=\"\" title=\"separador-negocio\"><\/noscript><\/sr7-bg>\n\t\t\t\t\t\t<\/sr7-slide>\n\t\t\t\t\t\t<sr7-slide id=\"SR7_2_1-16\" data-key=\"16\">\n\t\t\t\t\t\t\t<sr7-bg id=\"SR7_2_1-16-1\" class=\"sr7-layer\"><noscript><img decoding=\"async\" src=\"https:\/\/www.elawan.com\/wp-content\/uploads\/2025\/04\/shutterstock_2167011517.jpg\" alt=\"\" title=\"shutterstock_2167011517\"><\/noscript><\/sr7-bg>\n\t\t\t\t\t\t<\/sr7-slide>\n\t\t\t\t\t\t<sr7-slide id=\"SR7_2_1-18\" data-key=\"18\">\n\t\t\t\t\t\t\t<sr7-bg id=\"SR7_2_1-18-1\" class=\"sr7-layer\"><noscript><img decoding=\"async\" src=\"https:\/\/www.elawan.com\/wp-content\/uploads\/2025\/04\/2025-03-28_09-36-34_035-copia.jpg\" alt=\"\" title=\"2025-03-28_09-36-34_035 copia\"><\/noscript><\/sr7-bg>\n\t\t\t\t\t\t<\/sr7-slide>\n\t\t\t\t\t\t<sr7-slide id=\"SR7_2_1-19\" data-key=\"19\">\n\t\t\t\t\t\t\t<sr7-bg id=\"SR7_2_1-19-1\" class=\"sr7-layer\"><noscript><img decoding=\"async\" src=\"https:\/\/www.elawan.com\/wp-content\/uploads\/2025\/04\/MG_1739.jpg\" alt=\"\" title=\"_MG_1739\"><\/noscript><\/sr7-bg>\n\t\t\t\t\t\t<\/sr7-slide>\n\t\t\t\t\t\t<sr7-slide id=\"SR7_2_1-17\" data-key=\"17\">\n\t\t\t\t\t\t<\/sr7-slide>\n\t\t\t\t\t<\/sr7-content>\n\t\t\t\t\t<image_lists style=\"display:none\">\n\t\t\t\t\t\t<img data-src=\"\/\/www.elawan.com\/wp-content\/uploads\/2025\/04\/separador-negocio.jpg\" data-libid=\"219\" data-lib=\"medialibrary\" title=\"separador-negocio\" width=\"0\" height=\"0\" data-dbsrc=\"Ly93d3cuZWxhd2FuLmNvbS93cC1jb250ZW50L3VwbG9hZHMvMjAyNS8wNC9zZXBhcmFkb3ItbmVnb2Npby5qcGc=\"\/>\n\t\t\t\t\t\t<img data-src=\"\/\/www.elawan.com\/wp-content\/uploads\/2025\/04\/shutterstock_2167011517.jpg\" data-libid=\"288\" data-lib=\"medialibrary\" title=\"shutterstock_2167011517\" width=\"0\" height=\"0\" data-dbsrc=\"Ly93d3cuZWxhd2FuLmNvbS93cC1jb250ZW50L3VwbG9hZHMvMjAyNS8wNC9zaHV0dGVyc3RvY2tfMjE2NzAxMTUxNy5qcGc=\"\/>\n\t\t\t\t\t\t<img data-src=\"\/\/www.elawan.com\/wp-content\/uploads\/2025\/04\/2025-03-28_09-36-34_035-copia.jpg\" data-libid=\"287\" data-lib=\"medialibrary\" title=\"2025-03-28_09-36-34_035 copia\" width=\"0\" height=\"0\" data-dbsrc=\"Ly93d3cuZWxhd2FuLmNvbS93cC1jb250ZW50L3VwbG9hZHMvMjAyNS8wNC8yMDI1LTAzLTI4XzA5LTM2LTM0XzAzNS1jb3BpYS5qcGc=\"\/>\n\t\t\t\t\t\t<img data-src=\"\/\/www.elawan.com\/wp-content\/uploads\/2025\/04\/MG_1739.jpg\" data-libid=\"286\" data-lib=\"medialibrary\" title=\"_MG_1739\" width=\"0\" height=\"0\" data-dbsrc=\"Ly93d3cuZWxhd2FuLmNvbS93cC1jb250ZW50L3VwbG9hZHMvMjAyNS8wNC9NR18xNzM5LmpwZw==\"\/>\n\t\t\t\t\t<\/image_lists>\n\t\t\t\t<\/sr7-module>\n\t\t\t\t<script>\n\t\t\t\t\tSR7.PMH ??={}; SR7.PMH[\"SR7_2_1\"] = {cn:100,state:false,fn: function() { if (_tpt!==undefined && _tpt.prepareModuleHeight !== undefined) {  _tpt.prepareModuleHeight({id:\"SR7_2_1\",el:[350,350,350,250,250],type:'standard',shdw:'0',gh:[350,350,350,250,250],gw:[1240,1240,1240,778,778],vpt:['-100px&#039;,&#039;-100px&#039;,&#039;-100px&#039;,&#039;-100px&#039;,&#039;-100px'],size:{fullWidth:true, fullHeight:false},mh:'0',onh:0,onw:0,bg:{color:'{\"orig\":\"transparent\",\"type\":\"solid\",\"string\":\"transparent\"}'}});   SR7.PMH[\"SR7_2_1\"].state=true;} else if(SR7.PMH[\"SR7_2_1\"].cn-->0)\tsetTimeout( SR7.PMH[\"SR7_2_1\"].fn,19);}};SR7.PMH[\"SR7_2_1\" ].fn();\n\t\t\t\t<\/script>\n[\/vc_column][\/vc_row][vc_row full_width=&#8221;stretch_row&#8221; bg_type=&#8221;bg_color&#8221; bg_color_value=&#8221;#EEEEEE&#8221;][vc_column css=&#8221;.vc_custom_1743149158224{padding-top: 60px !important;padding-bottom: 0px !important;}&#8221;]<div id=\"ultimate-heading-354569dd7aa0cbab7\" class=\"uvc-heading ult-adjust-bottom-margin ultimate-heading-354569dd7aa0cbab7 uvc-7459 \" data-hspacer=\"line_only\"  data-halign=\"center\" style=\"text-align:center\"><div class=\"uvc-main-heading ult-responsive\"  data-ultimate-target='.uvc-heading.ultimate-heading-354569dd7aa0cbab7 h2'  data-responsive-json-new='{\"font-size\":\"\",\"line-height\":\"\"}' ><h2 style=\"font-weight:normal;\">PRODUKCJA<\/h2><\/div><div class=\"uvc-heading-spacer line_only\" style=\"margin-top:15px;height:5px;\"><span class=\"uvc-headings-line\" style=\"border-style:solid;border-bottom-width:5px;border-color:#F2CB29;width:70px;\"><\/span><\/div><\/div>[vc_empty_space height=&#8221;40px&#8221;][vc_column_text css=&#8221;.vc_custom_1748258150039{margin-bottom: 15px !important;}&#8221;]<\/p>\n<p style=\"text-align: center;\">Od rozwoju po eksploatacj\u0119 i utrzymanie, ka\u017cda faza odzwierciedla nasze zaanga\u017cowanie na rzecz czystszej i bardziej zr\u00f3wnowa\u017conej przysz\u0142o\u015bci energetycznej.<\/p>\n<p>[\/vc_column_text][\/vc_column][\/vc_row][vc_row full_width=&#8221;stretch_row&#8221; gap=&#8221;35&#8243; bg_type=&#8221;bg_color&#8221; css=&#8221;.vc_custom_1744358399776{padding-top: 0px !important;padding-bottom: 60px !important;}&#8221; bg_color_value=&#8221;#EEEEEE&#8221;][vc_column width=&#8221;1\/3&#8243;][vc_single_image image=&#8221;224&#8243; img_size=&#8221;large&#8221; css=&#8221;&#8221;][vc_column_text css=&#8221;&#8221;]<\/p>\n<h3>Rozw\u00f3j<\/h3>\n<p>Stale szukamy nowych mo\u017cliwo\u015bci, aby rozszerzy\u0107 nasz\u0105 obecno\u015b\u0107 na rynkach wschodz\u0105cych, jednocze\u015bnie wzmacniaj\u0105c nasz\u0105 pozycj\u0119 na rynkach istniej\u0105cych. Nasz mi\u0119dzynarodowy zesp\u00f3\u0142 jest zaanga\u017cowany w identyfikowanie i realizowanie innowacyjnych projekt\u00f3w, kt\u00f3re maksymalizuj\u0105 potencja\u0142 energii odnawialnej, dostosowuj\u0105c si\u0119 do specyficznych potrzeb ka\u017cdego \u015brodowiska i spo\u0142eczno\u015bci.[\/vc_column_text][\/vc_column][vc_column width=&#8221;1\/3&#8243;][vc_single_image image=&#8221;223&#8243; img_size=&#8221;large&#8221; css=&#8221;&#8221;][vc_column_text css=&#8221;&#8221;]<\/p>\n<h3>Budowa<\/h3>\n<p>Ka\u017cdy projekt zamieniamy w rzeczywisto\u015b\u0107. Nasz wyspecjalizowany zesp\u00f3\u0142 budowlany koncentruje si\u0119 na realizacji projekt\u00f3w zwi\u0105zanych z energi\u0105 odnawialn\u0105, zapewniaj\u0105c, \u017ce ka\u017cda instalacja spe\u0142nia najwy\u017csze standardy jako\u015bci i zr\u00f3wnowa\u017conego rozwoju. Ka\u017cdy projekt to \u015bwiadectwo naszego zaanga\u017cowania w doskona\u0142o\u015b\u0107 i odpowiedzialno\u015b\u0107 \u015brodowiskow\u0105.[\/vc_column_text][\/vc_column][vc_column width=&#8221;1\/3&#8243;][vc_single_image image=&#8221;225&#8243; img_size=&#8221;large&#8221; css=&#8221;&#8221;][vc_column_text css=&#8221;&#8221;]<\/p>\n<h3>Zarz\u0105dzanie i Utrzymanie<\/h3>\n<p>Wydajno\u015b\u0107 i d\u0142ugowieczno\u015b\u0107 naszych obiekt\u00f3w s\u0105 dla nas priorytetem. Posiadamy dedykowany zesp\u00f3\u0142 oraz w\u0142asne centrum sterowania, kt\u00f3re monitoruje produkcj\u0119 naszych farm wiatrowych, elektrowni fotowoltaicznych i hydroelektrycznych w czasie rzeczywistym. To proaktywne podej\u015bcie zapewnia optymaln\u0105 konserwacj\u0119 i ci\u0105g\u0142\u0105 prac\u0119, gwarantuj\u0105c nieprzerwan\u0105 i niezawodn\u0105 dostaw\u0119 czystej energii.[\/vc_column_text][\/vc_column][\/vc_row][vc_row full_width=&#8221;stretch_row&#8221; gap=&#8221;35&#8243; bg_type=&#8221;bg_color&#8221; css=&#8221;.vc_custom_1747053405088{padding-top: 60px !important;padding-bottom: 60px !important;background-image: url(https:\/\/www.elawan.com\/wp-content\/uploads\/2025\/05\/venta-de-energia.jpg?id=14133) !important;}&#8221; bg_color_value=&#8221;#FFFFFF&#8221; el_class=&#8221;fondoImagenMitad width7-12 derecha&#8221;][vc_column width=&#8221;5\/12&#8243;]<div id=\"ultimate-heading-876869dd7aa0cbb36\" class=\"uvc-heading ult-adjust-bottom-margin ultimate-heading-876869dd7aa0cbb36 uvc-7990 \" data-hspacer=\"line_only\"  data-halign=\"left\" style=\"text-align:left\"><div class=\"uvc-main-heading ult-responsive\"  data-ultimate-target='.uvc-heading.ultimate-heading-876869dd7aa0cbb36 h2'  data-responsive-json-new='{\"font-size\":\"\",\"line-height\":\"\"}' ><h2 style=\"font-weight:normal;\">SPRZEDA\u017b ENERGII<\/h2><\/div><div class=\"uvc-heading-spacer line_only\" style=\"margin-top:15px;height:5px;\"><span class=\"uvc-headings-line\" style=\"border-style:solid;border-bottom-width:5px;border-color:#F2CB29;width:70px;\"><\/span><\/div><\/div>[vc_empty_space height=&#8221;40px&#8221;][vc_column_text css=&#8221;&#8221;]Poprzez sprzeda\u017c wytwarzanej przez nas energii odnawialnej, Elawan Energy wnosi wk\u0142ad w rynki energetyczne, w kt\u00f3rych dzia\u0142amy.[\/vc_column_text][\/vc_column][vc_column width=&#8221;7\/12&#8243;][\/vc_column][\/vc_row][vc_row full_width=&#8221;stretch_row_content&#8221; parallax=&#8221;content-moving&#8221; parallax_image=&#8221;228&#8243; bg_type=&#8221;image&#8221; parallax_style=&#8221;vcpb-hz-jquery&#8221; bg_image_new=&#8221;id^228|url^https:\/\/www.elawan.com\/wp-content\/uploads\/2025\/04\/fondo-contacto.jpg|caption^null|alt^null|title^fondo-contacto|description^null&#8221; bg_image_repeat=&#8221;no-repeat&#8221; bg_img_attach=&#8221;fixed&#8221; bg_override=&#8221;full&#8221; parallax_content=&#8221;parallax_content_value&#8221;][vc_column css=&#8221;.vc_custom_1743149821140{padding-top: 60px !important;padding-bottom: 25px !important;}&#8221;][vc_empty_space height=&#8221;90px&#8221;][vc_column_text css=&#8221;&#8221;]<\/p>\n<h3 style=\"text-align: center;\"><span style=\"color: #ffffff;\">Skontaktuj si\u0119 z nami w sprawie mo\u017cliwo\u015bci biznesowych<\/span><\/h3>\n<p>[\/vc_column_text]<style type=\"text\/css\" data-type=\"the7_shortcodes-inline-css\">#default-btn-6c78eb9a766f70d8619e203954a8c760.ico-right-side > i {\n  margin-right: 0px;\n  margin-left: 8px;\n}\n#default-btn-6c78eb9a766f70d8619e203954a8c760 > i {\n  margin-right: 8px;\n}<\/style><div class=\"btn-align-center\"><a href=\"https:\/\/www.elawan.com\/pl\/kontakt\/\" class=\"default-btn-shortcode dt-btn dt-btn-l link-hover-off lightBtn \" id=\"default-btn-6c78eb9a766f70d8619e203954a8c760\" title=\"Contacto\"><span>KONTAKT<\/span><\/a><\/div>[vc_empty_space height=&#8221;130px&#8221;][\/vc_column][\/vc_row][vc_row disable_element=&#8221;yes&#8221; el_id=&#8221;presenciaGlobal&#8221;][vc_column css=&#8221;.vc_custom_1743149158224{padding-top: 60px !important;padding-bottom: 0px !important;}&#8221;]<div id=\"ultimate-heading-875069dd7aa0cbc36\" class=\"uvc-heading ult-adjust-bottom-margin ultimate-heading-875069dd7aa0cbc36 uvc-5604 \" data-hspacer=\"line_only\"  data-halign=\"center\" style=\"text-align:center\"><div class=\"uvc-main-heading ult-responsive\"  data-ultimate-target='.uvc-heading.ultimate-heading-875069dd7aa0cbc36 h2'  data-responsive-json-new='{\"font-size\":\"\",\"line-height\":\"\"}' ><h2 style=\"font-weight:normal;\">PRESENCIA GLOBAL<\/h2><\/div><div class=\"uvc-heading-spacer line_only\" style=\"margin-top:15px;height:5px;\"><span class=\"uvc-headings-line\" style=\"border-style:solid;border-bottom-width:5px;border-color:#F2CB29;width:70px;\"><\/span><\/div><\/div>[\/vc_column][\/vc_row][vc_row full_width=&#8221;stretch_row&#8221; gap=&#8221;35&#8243; disable_element=&#8221;yes&#8221; bg_type=&#8221;bg_color&#8221; css=&#8221;.vc_custom_1747045377130{padding-top: 0px !important;padding-bottom: 60px !important;}&#8221; bg_color_value=&#8221;#FFFFFF&#8221;][vc_column][vc_column_text css=&#8221;&#8221;]<\/p>\n<p style=\"text-align: center;\">Selecciona un pa\u00eds para ver nuestras instalaciones all\u00ed.<\/p>\n<p>[\/vc_column_text]<div id=\"contenedorPresenciaGlobal\"><select id=\"selectPaisesPresenciaGlobal\" class=\"form-select selectPresenciaGlobal\" data-finalizados=\"si\" aria-label=\"Selecciona un pa\u00eds\">  <option value=\"\" selected>Selecciona un pa\u00eds<\/option>  <option value=\"110\">Belgia<\/option>  <option value=\"115\">Brazylia<\/option>  <option value=\"130\">Francja<\/option>  <option value=\"136\">Grecja<\/option>  <option value=\"125\">Hiszpania<\/option>  <option value=\"146\">Meksyk<\/option>  <option value=\"105\">Niemcy<\/option>  <option value=\"151\">Polska<\/option>  <option value=\"166\">Po\u0142udniowa Afryka<\/option>  <option value=\"161\">Rumunia<\/option>  <option value=\"120\">Stany Zjednoczone<\/option>  <option value=\"171\">Turcja<\/option>  <option value=\"156\">Wielka Brytania<\/option>  <option value=\"141\">W\u0142ochy<\/option><\/select><select id=\"selectTipoInstalacion\" class=\"form-select selectPresenciaGlobal\" aria-label=\"Selecciona el tipo de instalaci\u00f3n\">  <option value=\"\" selected>Selecciona el tipo de instalaci\u00f3n<\/option>  <option value=\"95\">Biura<\/option>  <option value=\"100\">Elektrownie s\u0142oneczne<\/option>  <option value=\"85\">Elektrownie wodne<\/option>  <option value=\"90\">Farmy wiatrowe<\/option><\/select><select id=\"selectEstadoInstalacion\" class=\"form-select selectPresenciaGlobal\" aria-label=\"Estado proyecto\">  <option value=\"todos\" selected>Estado proyecto<\/option>  <option value=\"1\">Operativo<\/option>  <option value=\"0\">En construcci\u00f3n<\/option><\/select><a href=\"#\" class=\"default-btn-shortcode dt-btn dt-btn-l link-hover-off btn-inline-left\" id=\"btBuscarProyectos\" title=\"MOSTRAR PROYECTOS\"><span>MOSTRAR PROYECTOS<\/span><\/a><input type=\"hidden\" name=\"texto_bt_como_llegar\" id=\"texto_bt_como_llegar\" value=\"C\u00d3MO<br \/>\nLLEGAR\" \/><div id=\"contendorListadoInstalaciones\">\n                <div class=\"loader\">\n                    <svg width=\"75px\" height=\"75px\" xmlns=\"http:\/\/www.w3.org\/2000\/svg\" viewBox=\"0 0 100 100\" preserveAspectRatio=\"xMidYMid\">\n                        <rect class=\"the7-spinner-animate-1\" rx=\"5\" ry=\"5\" transform=\"rotate(0 50 50) translate(0 -30)\"><\/rect>\n                        <rect class=\"the7-spinner-animate-2\" rx=\"5\" ry=\"5\" transform=\"rotate(30 50 50) translate(0 -30)\"><\/rect>\n                        <rect class=\"the7-spinner-animate-3\" rx=\"5\" ry=\"5\" transform=\"rotate(60 50 50) translate(0 -30)\"><\/rect>\n                        <rect class=\"the7-spinner-animate-4\" rx=\"5\" ry=\"5\" transform=\"rotate(90 50 50) translate(0 -30)\"><\/rect>\n                        <rect class=\"the7-spinner-animate-5\" rx=\"5\" ry=\"5\" transform=\"rotate(120 50 50) translate(0 -30)\"><\/rect>\n                        <rect class=\"the7-spinner-animate-6\" rx=\"5\" ry=\"5\" transform=\"rotate(150 50 50) translate(0 -30)\"><\/rect>\n                        <rect class=\"the7-spinner-animate-7\" rx=\"5\" ry=\"5\" transform=\"rotate(180 50 50) translate(0 -30)\"><\/rect>\n                        <rect class=\"the7-spinner-animate-8\" rx=\"5\" ry=\"5\" transform=\"rotate(210 50 50) translate(0 -30)\"><\/rect>\n                        <rect class=\"the7-spinner-animate-9\" rx=\"5\" ry=\"5\" transform=\"rotate(240 50 50) translate(0 -30)\"><\/rect>\n                        <rect class=\"the7-spinner-animate-10\" rx=\"5\" ry=\"5\" transform=\"rotate(270 50 50) translate(0 -30)\"><\/rect>\n                        <rect class=\"the7-spinner-animate-11\" rx=\"5\" ry=\"5\" transform=\"rotate(300 50 50) translate(0 -30)\"><\/rect>\n                        <rect class=\"the7-spinner-animate-12\" rx=\"5\" ry=\"5\" transform=\"rotate(330 50 50) translate(0 -30)\"><\/rect>\n                    <\/svg>\n                <\/div>\n                <!--<div id=\"listadoInstalaciones\"><\/div>-->\n                <div id=\"sinResultados\" style=\"display:none;margin-top:40px;font-size:1.1rem\">Parece que no hay proyectos que coincidan con tu b\u00fasqueda. Ajusta los filtros para seguir descubriendo d\u00f3nde operamos y qu\u00e9 tecnolog\u00edas impulsamos.<\/div>\n              <\/div><\/div>[\/vc_column][\/vc_row]<\/p>\n<\/div>","protected":false},"excerpt":{"rendered":"<p>[vc_row][vc_column css=&#8221;.vc_custom_1743149821140{padding-top: 60px !important;padding-bottom: 25px !important;}&#8221;][vc_column_text css=&#8221;&#8221;] W Elawan Energy codziennie pracujemy nad tym, aby nadal produkowa\u0107 czyst\u0105 i bezpieczn\u0105 energi\u0119. W Elawan Energy koncentrujemy si\u0119 na produkcji i sprzeda\u017cy energii odnawialnej, wprowadzaj\u0105c kreatywno\u015b\u0107 i odpowiedzialno\u015b\u0107 na ka\u017cdym etapie naszych projekt\u00f3w. [\/vc_column_text][\/vc_column][\/vc_row][vc_row full_width=&#8221;stretch_row_content&#8221;][vc_column][\/vc_column][\/vc_row][vc_row full_width=&#8221;stretch_row&#8221; bg_type=&#8221;bg_color&#8221; bg_color_value=&#8221;#EEEEEE&#8221;][vc_column css=&#8221;.vc_custom_1743149158224{padding-top: 60px !important;padding-bottom: 0px !important;}&#8221;][vc_empty_space height=&#8221;40px&#8221;][vc_column_text css=&#8221;.vc_custom_1748258150039{margin-bottom: 15px !important;}&#8221;]&hellip;<\/p>\n","protected":false},"author":2,"featured_media":14321,"parent":0,"menu_order":0,"comment_status":"closed","ping_status":"closed","template":"","meta":{"_acf_changed":false,"footnotes":""},"class_list":["post-14724","page","type-page","status-publish","has-post-thumbnail","hentry","description-off"],"acf":[],"_links":{"self":[{"href":"https:\/\/www.elawan.com\/pl\/wp-json\/wp\/v2\/pages\/14724","targetHints":{"allow":["GET"]}}],"collection":[{"href":"https:\/\/www.elawan.com\/pl\/wp-json\/wp\/v2\/pages"}],"about":[{"href":"https:\/\/www.elawan.com\/pl\/wp-json\/wp\/v2\/types\/page"}],"author":[{"embeddable":true,"href":"https:\/\/www.elawan.com\/pl\/wp-json\/wp\/v2\/users\/2"}],"replies":[{"embeddable":true,"href":"https:\/\/www.elawan.com\/pl\/wp-json\/wp\/v2\/comments?post=14724"}],"version-history":[{"count":1,"href":"https:\/\/www.elawan.com\/pl\/wp-json\/wp\/v2\/pages\/14724\/revisions"}],"predecessor-version":[{"id":14725,"href":"https:\/\/www.elawan.com\/pl\/wp-json\/wp\/v2\/pages\/14724\/revisions\/14725"}],"wp:featuredmedia":[{"embeddable":true,"href":"https:\/\/www.elawan.com\/pl\/wp-json\/wp\/v2\/media\/14321"}],"wp:attachment":[{"href":"https:\/\/www.elawan.com\/pl\/wp-json\/wp\/v2\/media?parent=14724"}],"curies":[{"name":"wp","href":"https:\/\/api.w.org\/{rel}","templated":true}]}}