{"id":14782,"date":"2025-04-29T13:33:30","date_gmt":"2025-04-29T11:33:30","guid":{"rendered":"https:\/\/www.elawan.com\/?page_id=14782"},"modified":"2025-05-27T15:53:35","modified_gmt":"2025-05-27T13:53:35","slug":"projekty","status":"publish","type":"page","link":"https:\/\/www.elawan.com\/pl\/projekty\/","title":{"rendered":"Projekty"},"content":{"rendered":"<div class=\"wpb-content-wrapper\"><p>[vc_row][vc_column css=&#8221;.vc_custom_1747045880585{padding-top: 60px !important;}&#8221;][vc_column_text css=&#8221;&#8221;]<\/p>\n<p style=\"text-align: center;\">Odkryj, gdzie dzia\u0142amy i jak zmierzamy ku bardziej zr\u00f3wnowa\u017conej przysz\u0142o\u015bci.<br \/>\nPrzegl\u0105daj wszystkie nasze projekty wed\u0142ug kraju, technologii lub statusu realizacji i rozwoju.<\/p>\n<p>[\/vc_column_text][\/vc_column][\/vc_row][vc_row][vc_column css=&#8221;.vc_custom_1747045865186{padding-top: 25px !important;}&#8221;]<div id=\"contenedorPresenciaGlobal\"><select id=\"selectPaisesPresenciaGlobal\" class=\"form-select selectPresenciaGlobal\" data-finalizados=\"si\" aria-label=\"Wybierz kraj\">  <option value=\"\" selected>Wybierz kraj<\/option>  <option value=\"110\">Belgia<\/option>  <option value=\"115\">Brazylia<\/option>  <option value=\"130\">Francja<\/option>  <option value=\"136\">Grecja<\/option>  <option value=\"125\">Hiszpania<\/option>  <option value=\"146\">Meksyk<\/option>  <option value=\"105\">Niemcy<\/option>  <option value=\"151\">Polska<\/option>  <option value=\"166\">Po\u0142udniowa Afryka<\/option>  <option value=\"161\">Rumunia<\/option>  <option value=\"120\">Stany Zjednoczone<\/option>  <option value=\"171\">Turcja<\/option>  <option value=\"156\">Wielka Brytania<\/option>  <option value=\"141\">W\u0142ochy<\/option><\/select><select id=\"selectTipoInstalacion\" class=\"form-select selectPresenciaGlobal\" aria-label=\"Wybierz technologi\u0119\">  <option value=\"\" selected>Wybierz technologi\u0119<\/option>  <option value=\"95\">Biura<\/option>  <option value=\"100\">Elektrownie s\u0142oneczne<\/option>  <option value=\"85\">Elektrownie wodne<\/option>  <option value=\"90\">Farmy wiatrowe<\/option><\/select><select id=\"selectEstadoInstalacion\" class=\"form-select selectPresenciaGlobal\" aria-label=\"Wybierz status\">  <option value=\"todos\" selected>Wybierz status<\/option>  <option value=\"1\">Dzia\u0142a<\/option>  <option value=\"0\">W budowie<\/option><\/select><a href=\"#\" class=\"default-btn-shortcode dt-btn dt-btn-l link-hover-off btn-inline-left\" id=\"btBuscarProyectos\" title=\"POKA\u017b PROJEKTY\"><span>POKA\u017b PROJEKTY<\/span><\/a><input type=\"hidden\" name=\"texto_bt_como_llegar\" id=\"texto_bt_como_llegar\" value=\"JAK DOJECHA\u0106\" \/><div id=\"contendorListadoInstalaciones\">\n                <div class=\"loader\">\n                    <svg width=\"75px\" height=\"75px\" xmlns=\"http:\/\/www.w3.org\/2000\/svg\" viewBox=\"0 0 100 100\" preserveAspectRatio=\"xMidYMid\">\n                        <rect class=\"the7-spinner-animate-1\" rx=\"5\" ry=\"5\" transform=\"rotate(0 50 50) translate(0 -30)\"><\/rect>\n                        <rect class=\"the7-spinner-animate-2\" rx=\"5\" ry=\"5\" transform=\"rotate(30 50 50) translate(0 -30)\"><\/rect>\n                        <rect class=\"the7-spinner-animate-3\" rx=\"5\" ry=\"5\" transform=\"rotate(60 50 50) translate(0 -30)\"><\/rect>\n                        <rect class=\"the7-spinner-animate-4\" rx=\"5\" ry=\"5\" transform=\"rotate(90 50 50) translate(0 -30)\"><\/rect>\n                        <rect class=\"the7-spinner-animate-5\" rx=\"5\" ry=\"5\" transform=\"rotate(120 50 50) translate(0 -30)\"><\/rect>\n                        <rect class=\"the7-spinner-animate-6\" rx=\"5\" ry=\"5\" transform=\"rotate(150 50 50) translate(0 -30)\"><\/rect>\n                        <rect class=\"the7-spinner-animate-7\" rx=\"5\" ry=\"5\" transform=\"rotate(180 50 50) translate(0 -30)\"><\/rect>\n                        <rect class=\"the7-spinner-animate-8\" rx=\"5\" ry=\"5\" transform=\"rotate(210 50 50) translate(0 -30)\"><\/rect>\n                        <rect class=\"the7-spinner-animate-9\" rx=\"5\" ry=\"5\" transform=\"rotate(240 50 50) translate(0 -30)\"><\/rect>\n                        <rect class=\"the7-spinner-animate-10\" rx=\"5\" ry=\"5\" transform=\"rotate(270 50 50) translate(0 -30)\"><\/rect>\n                        <rect class=\"the7-spinner-animate-11\" rx=\"5\" ry=\"5\" transform=\"rotate(300 50 50) translate(0 -30)\"><\/rect>\n                        <rect class=\"the7-spinner-animate-12\" rx=\"5\" ry=\"5\" transform=\"rotate(330 50 50) translate(0 -30)\"><\/rect>\n                    <\/svg>\n                <\/div>\n                <!--<div id=\"listadoInstalaciones\"><\/div>-->\n                <div id=\"sinResultados\" style=\"display:none;margin-top:40px;font-size:1.1rem\">Wygl\u0105da na to, \u017ce nie ma projekt\u00f3w odpowiadaj\u0105cych Twoim kryteriom wyszukiwania. Dostosuj filtry, aby nadal odkrywa\u0107, gdzie dzia\u0142amy i jakie technologie wspieramy.<\/div>\n              <\/div><\/div>[\/vc_column][\/vc_row][vc_row el_id=&#8221;listadoInstalaciones&#8221; css=&#8221;.vc_custom_1747585657447{margin-top: 20px !important;margin-bottom: 40px !important;}&#8221;][vc_column][\/vc_column][\/vc_row]<\/p>\n<\/div>","protected":false},"excerpt":{"rendered":"<p>[vc_row][vc_column css=&#8221;.vc_custom_1747045880585{padding-top: 60px !important;}&#8221;][vc_column_text css=&#8221;&#8221;] Odkryj, gdzie dzia\u0142amy i jak zmierzamy ku bardziej zr\u00f3wnowa\u017conej przysz\u0142o\u015bci. Przegl\u0105daj wszystkie nasze projekty wed\u0142ug kraju, technologii lub statusu realizacji i rozwoju. [\/vc_column_text][\/vc_column][\/vc_row][vc_row][vc_column css=&#8221;.vc_custom_1747045865186{padding-top: 25px !important;}&#8221;][\/vc_column][\/vc_row][vc_row el_id=&#8221;listadoInstalaciones&#8221; css=&#8221;.vc_custom_1747585657447{margin-top: 20px !important;margin-bottom: 40px !important;}&#8221;][vc_column][\/vc_column][\/vc_row]<\/p>\n","protected":false},"author":2,"featured_media":14591,"parent":0,"menu_order":0,"comment_status":"closed","ping_status":"closed","template":"","meta":{"_acf_changed":false,"footnotes":""},"class_list":["post-14782","page","type-page","status-publish","has-post-thumbnail","hentry","description-off"],"acf":[],"_links":{"self":[{"href":"https:\/\/www.elawan.com\/pl\/wp-json\/wp\/v2\/pages\/14782","targetHints":{"allow":["GET"]}}],"collection":[{"href":"https:\/\/www.elawan.com\/pl\/wp-json\/wp\/v2\/pages"}],"about":[{"href":"https:\/\/www.elawan.com\/pl\/wp-json\/wp\/v2\/types\/page"}],"author":[{"embeddable":true,"href":"https:\/\/www.elawan.com\/pl\/wp-json\/wp\/v2\/users\/2"}],"replies":[{"embeddable":true,"href":"https:\/\/www.elawan.com\/pl\/wp-json\/wp\/v2\/comments?post=14782"}],"version-history":[{"count":1,"href":"https:\/\/www.elawan.com\/pl\/wp-json\/wp\/v2\/pages\/14782\/revisions"}],"predecessor-version":[{"id":14783,"href":"https:\/\/www.elawan.com\/pl\/wp-json\/wp\/v2\/pages\/14782\/revisions\/14783"}],"wp:featuredmedia":[{"embeddable":true,"href":"https:\/\/www.elawan.com\/pl\/wp-json\/wp\/v2\/media\/14591"}],"wp:attachment":[{"href":"https:\/\/www.elawan.com\/pl\/wp-json\/wp\/v2\/media?parent=14782"}],"curies":[{"name":"wp","href":"https:\/\/api.w.org\/{rel}","templated":true}]}}