{"id":15407,"date":"2025-05-28T10:51:03","date_gmt":"2025-05-28T08:51:03","guid":{"rendered":"https:\/\/www.elawan.com\/?page_id=15407"},"modified":"2025-05-28T20:28:12","modified_gmt":"2025-05-28T18:28:12","slug":"polityka-plikow-cookie","status":"publish","type":"page","link":"https:\/\/www.elawan.com\/pl\/polityka-plikow-cookie\/","title":{"rendered":"Polityka plik\u00f3w cookie"},"content":{"rendered":"<div class=\"textoPoliticas\">\n<h1 data-start=\"271\" data-end=\"293\">Polityka plik\u00f3w cookie<\/h1>\n<h3 data-start=\"295\" data-end=\"320\"><\/h3>\n<h3>Czym s\u0105 pliki cookie?<\/h3>\n<p>Plik cookie to plik pobierany na Tw\u00f3j komputer podczas odwiedzania niekt\u00f3rych stron internetowych. Pliki cookie umo\u017cliwiaj\u0105 stronie internetowej m.in. przechowywanie i odczytywanie informacji o nawykach przegl\u0105dania u\u017cytkownika lub jego urz\u0105dzenia i, w zale\u017cno\u015bci od zawartych w nich informacji oraz sposobu korzystania z urz\u0105dzenia, mog\u0105 s\u0142u\u017cy\u0107 do rozpoznawania u\u017cytkownika.<strong>\u00a0<\/strong><\/p>\n<h3>Kategorie u\u017cywanych plik\u00f3w cookie<\/h3>\n<p>Ta strona klasyfikuje u\u017cywane pliki cookie w nast\u0119puj\u0105ce kategorie:<\/p>\n<ul>\n<li><strong> Niezb\u0119dne pliki cookie: <\/strong>Nieodzowne dla podstawowego dzia\u0142ania witryny. Obejmuj\u0105 funkcje bezpiecze\u0144stwa, dost\u0119pno\u015bci i zarz\u0105dzania formularzami (np. Google reCAPTCHA).<\/li>\n<li><strong> Analityczne pliki cookie: <\/strong>Pomagaj\u0105 nam zrozumie\u0107, jak odwiedzaj\u0105cy wchodz\u0105 w interakcj\u0119 ze stron\u0105 za pomoc\u0105 Google Analytics. Wszystkie informacje s\u0105 zbierane anonimowo.<\/li>\n<li><strong> Funkcjonalne pliki cookie: <\/strong>Umo\u017cliwiaj\u0105 wy\u015bwietlanie osadzonych tre\u015bci innych firm, takich jak filmy YouTube.<\/li>\n<\/ul>\n<p>&nbsp;<\/p>\n<p data-start=\"295\" data-end=\"320\">Poni\u017cej zestawienie wykorzystania plik\u00f3w cookie na tej stronie:<\/p>\n<table width=\"687\">\n<tbody>\n<tr>\n<th width=\"83\">Cookie<\/th>\n<th width=\"83\"><strong>Nazwa<\/strong><\/th>\n<th width=\"83\">Typ<\/th>\n<th width=\"202\">Cel<\/th>\n<th width=\"236\"><strong>Wi\u0119cej informacji<\/strong><\/th>\n<\/tr>\n<tr>\n<td width=\"83\">__utma, __utmb, __utmc, __utmz, __utmt<\/td>\n<td width=\"83\">Google Analytics<\/td>\n<td width=\"83\">Strona trzecia<\/td>\n<td width=\"202\">Zbieraj\u0105 informacje o przegl\u0105daniu, aby ustali\u0107 \u017ar\u00f3d\u0142o wizyt i inne dane statystyczne. Nie pobieraj\u0105 danych osobowych, takich jak imi\u0119, nazwisko czy adres.<\/td>\n<td width=\"236\"><a href=\"http:\/\/www.google.com\/intl\/pl\/policies\/privacy\/\">Centrum prywatno\u015bci Google<\/a><\/td>\n<\/tr>\n<tr>\n<td width=\"83\">_ga, _gat, _gid<\/td>\n<td width=\"83\">Google Analytics<\/td>\n<td width=\"83\">Strona trzecia<\/td>\n<td width=\"202\">Pliki cookie analityczne pozwalaj\u0105ce mierzy\u0107 wizyty, czas trwania i zachowanie u\u017cytkownik\u00f3w na stronie.<\/td>\n<td width=\"236\"><a href=\"https:\/\/developers.google.com\/analytics\/devguides\/collection\/analyticsjs\/cookie-usage\">Wi\u0119cej informacji<\/a><\/td>\n<\/tr>\n<tr>\n<td width=\"83\">NID, ANID, 1P_JAR, CONSENT<\/td>\n<td width=\"83\">Google reCAPTCHA<\/td>\n<td width=\"83\">Strona trzecia<\/td>\n<td width=\"202\">Chroni\u0105 formularze przed spamem i nadu\u017cyciami. Te pliki cookie mog\u0105 zbiera\u0107 informacje o przegl\u0105daniu.<\/td>\n<td width=\"236\"><a href=\"https:\/\/policies.google.com\/privacy\">Polityka prywatno\u015bci Google<\/a><\/td>\n<\/tr>\n<tr>\n<td width=\"83\">VISITOR_INFO1_LIVE, YSC, PREF<\/td>\n<td width=\"83\">YouTube<\/td>\n<td width=\"83\">Strona trzecia<\/td>\n<td width=\"202\">Umo\u017cliwiaj\u0105 odtwarzanie osadzonych film\u00f3w i zbieraj\u0105 statystyki ogl\u0105dalno\u015bci oraz zachowania u\u017cytkownik\u00f3w.<\/td>\n<td width=\"236\"><a href=\"https:\/\/policies.google.com\/privacy\">Polityka prywatno\u015bci YouTube<\/a><\/td>\n<\/tr>\n<\/tbody>\n<\/table>\n<p style=\"margin-top: 30px;\" data-start=\"1531\" data-end=\"1593\"><strong>Uwaga<\/strong>: Pliki cookie \u201ew\u0142a\u015bciwe\u201d s\u0105 u\u017cywane wy\u0142\u0105cznie przez w\u0142a\u015bciciela tej strony. Pliki cookie \u201ezewn\u0119trzne\u201d s\u0105 zarz\u0105dzane przez dostawc\u00f3w us\u0142ug zewn\u0119trznych.<\/p>\n<\/div>\n","protected":false},"excerpt":{"rendered":"<p>Polityka plik\u00f3w cookie Czym s\u0105 pliki cookie? Plik cookie to plik pobierany na Tw\u00f3j komputer podczas odwiedzania niekt\u00f3rych stron internetowych. Pliki cookie umo\u017cliwiaj\u0105 stronie internetowej m.in. przechowywanie i odczytywanie informacji o nawykach przegl\u0105dania u\u017cytkownika lub jego urz\u0105dzenia i, w zale\u017cno\u015bci od zawartych w nich informacji oraz sposobu korzystania z urz\u0105dzenia, mog\u0105 s\u0142u\u017cy\u0107 do rozpoznawania u\u017cytkownika.\u00a0&hellip;<\/p>\n","protected":false},"author":3,"featured_media":0,"parent":0,"menu_order":0,"comment_status":"closed","ping_status":"open","template":"","meta":{"_acf_changed":false,"footnotes":""},"class_list":["post-15407","page","type-page","status-publish","hentry","description-off"],"acf":[],"_links":{"self":[{"href":"https:\/\/www.elawan.com\/pl\/wp-json\/wp\/v2\/pages\/15407","targetHints":{"allow":["GET"]}}],"collection":[{"href":"https:\/\/www.elawan.com\/pl\/wp-json\/wp\/v2\/pages"}],"about":[{"href":"https:\/\/www.elawan.com\/pl\/wp-json\/wp\/v2\/types\/page"}],"author":[{"embeddable":true,"href":"https:\/\/www.elawan.com\/pl\/wp-json\/wp\/v2\/users\/3"}],"replies":[{"embeddable":true,"href":"https:\/\/www.elawan.com\/pl\/wp-json\/wp\/v2\/comments?post=15407"}],"version-history":[{"count":6,"href":"https:\/\/www.elawan.com\/pl\/wp-json\/wp\/v2\/pages\/15407\/revisions"}],"predecessor-version":[{"id":15446,"href":"https:\/\/www.elawan.com\/pl\/wp-json\/wp\/v2\/pages\/15407\/revisions\/15446"}],"wp:attachment":[{"href":"https:\/\/www.elawan.com\/pl\/wp-json\/wp\/v2\/media?parent=15407"}],"curies":[{"name":"wp","href":"https:\/\/api.w.org\/{rel}","templated":true}]}}