{"id":15550,"date":"2025-05-29T09:38:11","date_gmt":"2025-05-29T07:38:11","guid":{"rendered":"https:\/\/www.elawan.com\/?page_id=15550"},"modified":"2025-05-31T16:52:53","modified_gmt":"2025-05-31T14:52:53","slug":"informacje-prawne-warunki-uzytkowania","status":"publish","type":"page","link":"https:\/\/www.elawan.com\/pl\/informacje-prawne-warunki-uzytkowania\/","title":{"rendered":"Informacje Prawne &#038; Warunki U\u017cytkowania"},"content":{"rendered":"<div class=\"textoPoliticas\">\n<h1 data-start=\"271\" data-end=\"293\">Informacje prawne i Warunki u\u017cytkowania<\/h1>\n<h3>ZAKRES<\/h3>\n<p>Elawan Energy S.L. (dalej \u201eElawan\u201d) jest w\u0142a\u015bcicielem:<br \/>\nwww.elawan.com<\/p>\n<h3>DANE IDENTYFIKACYJNE<\/h3>\n<p>Zgodnie z artyku\u0142em 10 ustawy z dnia 11 lipca 2002 r. o us\u0142ugach spo\u0142ecze\u0144stwa informacyjnego i handlu elektronicznym (Dz.U. 2002 nr 144 poz. 1204) oraz artyku\u0142em 4 ust. 4 ustawy z dnia 28 grudnia 2007 r. o wspieraniu spo\u0142ecze\u0144stwa informacyjnego (Dz.U. 2007 nr 223 poz. 1655), poni\u017cej zamieszczone s\u0105 dane identyfikacyjne:<\/p>\n<p>W\u0142a\u015bcicielem tej witryny jest Elawan Energy S.L. (adres: Calle Omb\u00fa 3, 6. pi\u0119tro, 28045 Madryt, Hiszpania), NIP\/CIF: B85146215, wpisana do Rejestru Handlowego w Madrycie. Kontakt e-mail: compliance@elawan.com.<\/p>\n<h3>U\u017bYTKOWNICY<\/h3>\n<p>Dost\u0119p do stron i\/lub ich u\u017cytkowanie nadaje status U\u017bYTKOWNIKA, kt\u00f3ry akceptuje niniejsze Warunki u\u017cytkowania od momentu wej\u015bcia na stron\u0119 lub rozpocz\u0119cia korzystania z niej.<\/p>\n<h3>OG\u00d3LNE WARUNKI U\u017bYTKOWANIA<\/h3>\n<p>Strony Elawan udost\u0119pniaj\u0105 u\u017cytkownikowi liczne informacje, us\u0142ugi, programy i dane (\u201ezawarto\u015b\u0107\u201d), b\u0119d\u0105ce w\u0142asno\u015bci\u0105 Elawan lub jej licencjodawc\u00f3w.<\/p>\n<p>Chocia\u017c Elawan dzia\u0142a w dobrej wierze, nie ponosi odpowiedzialno\u015bci, bezpo\u015bredniej ani solidarnej, za roszczenia wynikaj\u0105ce z jako\u015bci, wiarygodno\u015bci, dok\u0142adno\u015bci lub poprawno\u015bci tej zawarto\u015bci.<\/p>\n<p>U\u017bYTKOWNIK ponosi odpowiedzialno\u015b\u0107 za korzystanie z tych stron, w tym za proces rejestracji wymagany do dost\u0119pu do niekt\u00f3rych us\u0142ug lub tre\u015bci. Przy rejestracji U\u017bYTKOWNIK jest zobowi\u0105zany poda\u0107 prawdziwe i zgodne z prawem dane. Po rejestracji otrzyma has\u0142o, za kt\u00f3re jest odpowiedzialny i zobowi\u0105zuje si\u0119 do jego poufnego i starannego u\u017cywania.<\/p>\n<p>U\u017bYTKOWNIK zobowi\u0105zuje si\u0119 do w\u0142a\u015bciwego korzystania z zawarto\u015bci i us\u0142ug Elawan i zobowi\u0105zuje si\u0119 ich nie wykorzystywa\u0107 do:<br \/>\n(i) dzia\u0142a\u0144 bezprawnych, nielegalnych lub sprzecznych z dobrymi obyczajami i porz\u0105dkiem publicznym;<br \/>\n(ii) rozpowszechniania tre\u015bci lub propagandy rasistowskiej, ksenofobicznej, nielegalnej pornograficznej, gloryfikuj\u0105cej terroryzm lub naruszaj\u0105cej prawa cz\u0142owieka;<br \/>\n(iii) wyrz\u0105dzania szk\u00f3d systemom fizycznym lub logicznym Elawan, jej dostawc\u00f3w lub os\u00f3b trzecich poprzez wprowadzenie wirus\u00f3w lub innego z\u0142o\u015bliwego oprogramowania;<br \/>\n(iv) pr\u00f3by uzyskania dost\u0119pu do kont poczty elektronicznej innych u\u017cytkownik\u00f3w, modyfikowania ich wiadomo\u015bci lub manipulowania nimi.<\/p>\n<p>Elawan zastrzega sobie prawo do usuni\u0119cia wszelkich komentarzy i wpis\u00f3w naruszaj\u0105cych godno\u015b\u0107 ludzk\u0105, dyskryminuj\u0105cych, ksenofobicznych, rasistowskich, pornograficznych, zagra\u017caj\u0105cych m\u0142odzie\u017cy lub bezpiecze\u0144stwu publicznemu, lub kt\u00f3re wed\u0142ug jej oceny nie nadaj\u0105 si\u0119 do publikacji.<\/p>\n<p>Elawan jest posiadaczem wszystkich praw autorskich i praw w\u0142asno\u015bci przemys\u0142owej do swoich stron internetowych oraz wszystkich element\u00f3w w nich zawartych (obrazy, d\u017awi\u0119ki, wideo, oprogramowanie, teksty, znaki towarowe, logo, kombinacje kolor\u00f3w, struktura i uk\u0142ad, programy potrzebne do dzia\u0142ania, dost\u0119pu i u\u017cytkowania itp.), nale\u017c\u0105cych do Elawan lub jej licencjodawc\u00f3w.<\/p>\n<p>U\u017bYTKOWNIK zobowi\u0105zuje si\u0119 szanowa\u0107 prawa w\u0142asno\u015bci intelektualnej i przemys\u0142owej Elawan. U\u017bYTKOWNIK mo\u017ce wy\u015bwietla\u0107, drukowa\u0107, kopiowa\u0107 i przechowywa\u0107 zawarto\u015b\u0107 wy\u0142\u0105cznie na u\u017cytek osobisty i prywatny. Zabronione jest jakiekolwiek komercyjne powielanie, przetwarzanie, dystrybucja, publiczne udost\u0119pnianie lub inne wykorzystanie, a tak\u017ce modyfikowanie, zmienianie lub dekompilowanie. U\u017bYTKOWNIK nie mo\u017ce usuwa\u0107, zmienia\u0107 ani omija\u0107 jakichkolwiek zabezpiecze\u0144 lub system\u00f3w ochronnych zainstalowanych na tych stronach.<\/p>\n<p>Ponadto U\u017bYTKOWNIK powstrzyma si\u0119 od umieszczania tych tre\u015bci na innych stronach internetowych.<\/p>\n<p>Elawan nie ponosi odpowiedzialno\u015bci za szkody wynikaj\u0105ce z:<br \/>\n\u2013 b\u0142\u0119d\u00f3w lub pomini\u0119\u0107 w tre\u015bci,<br \/>\n\u2013 braku dost\u0119pno\u015bci stron,<br \/>\n\u2013 transmisji wirus\u00f3w lub z\u0142o\u015bliwego oprogramowania, pomimo podj\u0119cia przez Elawan niezb\u0119dnych \u015brodk\u00f3w technologicznych.<\/p>\n<p>Elawan zastrzega sobie prawo do wprowadzania zmian w tych stronach bez uprzedzenia, w tym do zmiany, usuni\u0119cia lub dodania zawarto\u015bci, us\u0142ug oraz sposobu ich prezentacji i lokalizacji.<\/p>\n<p>Elawan mo\u017ce stosowa\u0107 pliki cookies w celu maksymalnego spersonalizowania i u\u0142atwienia nawigacji U\u017bYTKOWNIKA. Cookies s\u0105 przypisane wy\u0142\u0105cznie do anonimowego U\u017bYTKOWNIKA i jego komputera i nie pozwalaj\u0105 na uzyskanie danych osobowych. U\u017bYTKOWNIK mo\u017ce skonfigurowa\u0107 przegl\u0105dark\u0119 tak, aby powiadamia\u0142a go o cookies i odrzuca\u0142a je, co nie uniemo\u017cliwia dost\u0119pu do tre\u015bci. Szczeg\u00f3\u0142y znajduj\u0105 si\u0119 w Polityce Cookies na stronie.<\/p>\n<p>Na tych stronach mog\u0105 znajdowa\u0107 si\u0119 linki do innych witryn. Elawan nie kontroluje takich stron ani ich zawarto\u015bci i nie odpowiada za ich dost\u0119pno\u015b\u0107, jako\u015b\u0107, wiarygodno\u015b\u0107, dok\u0142adno\u015b\u0107 czy zgodno\u015b\u0107 z prawem. Umieszczenie link\u00f3w nie oznacza \u017cadnego powi\u0105zania, po\u0142\u0105czenia ani wsp\u00f3\u0142udzia\u0142u.<\/p>\n<p>Elawan zastrzega sobie prawo do odmowy lub cofni\u0119cia dost\u0119pu do tych stron i\/lub us\u0142ug, bez uprzedzenia, u\u017cytkownikom naruszaj\u0105cym niniejsze Warunki u\u017cytkowania.<\/p>\n<p>Elawan podejmie odpowiednie kroki prawne, zar\u00f3wno cywilne, jak i karne, w przypadku naruszenia tych warunk\u00f3w lub niew\u0142a\u015bciwego korzystania ze strony.<\/p>\n<p>Elawan mo\u017ce w ka\u017cdej chwili zmodyfikowa\u0107 niniejsze warunki; b\u0119d\u0105 one obowi\u0105zywa\u0107 do czasu opublikowania nowych, zaktualizowanych warunk\u00f3w.<\/p>\n<\/div>\n","protected":false},"excerpt":{"rendered":"<p>Informacje prawne i Warunki u\u017cytkowania ZAKRES Elawan Energy S.L. (dalej \u201eElawan\u201d) jest w\u0142a\u015bcicielem: www.elawan.com DANE IDENTYFIKACYJNE Zgodnie z artyku\u0142em 10 ustawy z dnia 11 lipca 2002 r. o us\u0142ugach spo\u0142ecze\u0144stwa informacyjnego i handlu elektronicznym (Dz.U. 2002 nr 144 poz. 1204) oraz artyku\u0142em 4 ust. 4 ustawy z dnia 28 grudnia 2007 r. o wspieraniu spo\u0142ecze\u0144stwa&hellip;<\/p>\n","protected":false},"author":3,"featured_media":0,"parent":0,"menu_order":0,"comment_status":"closed","ping_status":"open","template":"","meta":{"_acf_changed":false,"footnotes":""},"class_list":["post-15550","page","type-page","status-publish","hentry","description-off"],"acf":[],"_links":{"self":[{"href":"https:\/\/www.elawan.com\/pl\/wp-json\/wp\/v2\/pages\/15550","targetHints":{"allow":["GET"]}}],"collection":[{"href":"https:\/\/www.elawan.com\/pl\/wp-json\/wp\/v2\/pages"}],"about":[{"href":"https:\/\/www.elawan.com\/pl\/wp-json\/wp\/v2\/types\/page"}],"author":[{"embeddable":true,"href":"https:\/\/www.elawan.com\/pl\/wp-json\/wp\/v2\/users\/3"}],"replies":[{"embeddable":true,"href":"https:\/\/www.elawan.com\/pl\/wp-json\/wp\/v2\/comments?post=15550"}],"version-history":[{"count":3,"href":"https:\/\/www.elawan.com\/pl\/wp-json\/wp\/v2\/pages\/15550\/revisions"}],"predecessor-version":[{"id":16183,"href":"https:\/\/www.elawan.com\/pl\/wp-json\/wp\/v2\/pages\/15550\/revisions\/16183"}],"wp:attachment":[{"href":"https:\/\/www.elawan.com\/pl\/wp-json\/wp\/v2\/media?parent=15550"}],"curies":[{"name":"wp","href":"https:\/\/api.w.org\/{rel}","templated":true}]}}