{"id":14722,"date":"2025-04-11T09:50:43","date_gmt":"2025-04-11T07:50:43","guid":{"rendered":"https:\/\/www.elawan.com\/?page_id=14722"},"modified":"2025-05-31T11:04:44","modified_gmt":"2025-05-31T09:04:44","slug":"isler","status":"publish","type":"page","link":"https:\/\/www.elawan.com\/tr\/isler\/","title":{"rendered":"\u0130\u015fler"},"content":{"rendered":"<div class=\"wpb-content-wrapper\"><p>[vc_row][vc_column css=&#8221;.vc_custom_1743149821140{padding-top: 60px !important;padding-bottom: 25px !important;}&#8221;][vc_column_text css=&#8221;&#8221;]<\/p>\n<p style=\"text-align: center;\">Elawan Energy&#8217;de her g\u00fcn, temiz ve g\u00fcvenli enerji \u00fcretmeye devam etmek i\u00e7in \u00e7al\u0131\u015f\u0131yoruz.<\/p>\n<p style=\"text-align: center;\">Elawan Energy olarak, yenilenebilir enerji \u00fcretimi ve sat\u0131\u015f\u0131 konusuna odaklan\u0131yoruz ve projelerimizin her a\u015famas\u0131nda yarat\u0131c\u0131l\u0131k ve sorumlulu\u011fu entegre ediyoruz.<\/p>\n<p>[\/vc_column_text][\/vc_column][\/vc_row][vc_row full_width=&#8221;stretch_row_content&#8221;][vc_column]\n\t\t\t\t<p class=\"rs-p-wp-fix\"><\/p>\n\t\t\t\t<sr7-module data-alias=\"slider-negocio\" data-id=\"2\" id=\"SR7_2_1\" class=\"rs-ov-hidden\" data-version=\"6.7.38\">\n\t\t\t\t\t<sr7-adjuster><\/sr7-adjuster>\n\t\t\t\t\t<sr7-content>\n\t\t\t\t\t\t<sr7-slide id=\"SR7_2_1-15\" data-key=\"15\">\n\t\t\t\t\t\t\t<sr7-bg id=\"SR7_2_1-15-1\" class=\"sr7-layer\"><noscript><img decoding=\"async\" src=\"https:\/\/www.elawan.com\/wp-content\/uploads\/2025\/04\/separador-negocio.jpg\" alt=\"\" title=\"separador-negocio\"><\/noscript><\/sr7-bg>\n\t\t\t\t\t\t<\/sr7-slide>\n\t\t\t\t\t\t<sr7-slide id=\"SR7_2_1-16\" data-key=\"16\">\n\t\t\t\t\t\t\t<sr7-bg id=\"SR7_2_1-16-1\" class=\"sr7-layer\"><noscript><img decoding=\"async\" src=\"https:\/\/www.elawan.com\/wp-content\/uploads\/2025\/04\/shutterstock_2167011517.jpg\" alt=\"\" title=\"shutterstock_2167011517\"><\/noscript><\/sr7-bg>\n\t\t\t\t\t\t<\/sr7-slide>\n\t\t\t\t\t\t<sr7-slide id=\"SR7_2_1-18\" data-key=\"18\">\n\t\t\t\t\t\t\t<sr7-bg id=\"SR7_2_1-18-1\" class=\"sr7-layer\"><noscript><img decoding=\"async\" src=\"https:\/\/www.elawan.com\/wp-content\/uploads\/2025\/04\/2025-03-28_09-36-34_035-copia.jpg\" alt=\"\" title=\"2025-03-28_09-36-34_035 copia\"><\/noscript><\/sr7-bg>\n\t\t\t\t\t\t<\/sr7-slide>\n\t\t\t\t\t\t<sr7-slide id=\"SR7_2_1-19\" data-key=\"19\">\n\t\t\t\t\t\t\t<sr7-bg id=\"SR7_2_1-19-1\" class=\"sr7-layer\"><noscript><img decoding=\"async\" src=\"https:\/\/www.elawan.com\/wp-content\/uploads\/2025\/04\/MG_1739.jpg\" alt=\"\" title=\"_MG_1739\"><\/noscript><\/sr7-bg>\n\t\t\t\t\t\t<\/sr7-slide>\n\t\t\t\t\t\t<sr7-slide id=\"SR7_2_1-17\" data-key=\"17\">\n\t\t\t\t\t\t<\/sr7-slide>\n\t\t\t\t\t<\/sr7-content>\n\t\t\t\t\t<image_lists style=\"display:none\">\n\t\t\t\t\t\t<img data-src=\"\/\/www.elawan.com\/wp-content\/uploads\/2025\/04\/separador-negocio.jpg\" data-libid=\"219\" data-lib=\"medialibrary\" title=\"separador-negocio\" width=\"0\" height=\"0\" data-dbsrc=\"Ly93d3cuZWxhd2FuLmNvbS93cC1jb250ZW50L3VwbG9hZHMvMjAyNS8wNC9zZXBhcmFkb3ItbmVnb2Npby5qcGc=\"\/>\n\t\t\t\t\t\t<img data-src=\"\/\/www.elawan.com\/wp-content\/uploads\/2025\/04\/shutterstock_2167011517.jpg\" data-libid=\"288\" data-lib=\"medialibrary\" title=\"shutterstock_2167011517\" width=\"0\" height=\"0\" data-dbsrc=\"Ly93d3cuZWxhd2FuLmNvbS93cC1jb250ZW50L3VwbG9hZHMvMjAyNS8wNC9zaHV0dGVyc3RvY2tfMjE2NzAxMTUxNy5qcGc=\"\/>\n\t\t\t\t\t\t<img data-src=\"\/\/www.elawan.com\/wp-content\/uploads\/2025\/04\/2025-03-28_09-36-34_035-copia.jpg\" data-libid=\"287\" data-lib=\"medialibrary\" title=\"2025-03-28_09-36-34_035 copia\" width=\"0\" height=\"0\" data-dbsrc=\"Ly93d3cuZWxhd2FuLmNvbS93cC1jb250ZW50L3VwbG9hZHMvMjAyNS8wNC8yMDI1LTAzLTI4XzA5LTM2LTM0XzAzNS1jb3BpYS5qcGc=\"\/>\n\t\t\t\t\t\t<img data-src=\"\/\/www.elawan.com\/wp-content\/uploads\/2025\/04\/MG_1739.jpg\" data-libid=\"286\" data-lib=\"medialibrary\" title=\"_MG_1739\" width=\"0\" height=\"0\" data-dbsrc=\"Ly93d3cuZWxhd2FuLmNvbS93cC1jb250ZW50L3VwbG9hZHMvMjAyNS8wNC9NR18xNzM5LmpwZw==\"\/>\n\t\t\t\t\t<\/image_lists>\n\t\t\t\t<\/sr7-module>\n\t\t\t\t<script>\n\t\t\t\t\tSR7.PMH ??={}; SR7.PMH[\"SR7_2_1\"] = {cn:100,state:false,fn: function() { if (_tpt!==undefined && _tpt.prepareModuleHeight !== undefined) {  _tpt.prepareModuleHeight({id:\"SR7_2_1\",el:[350,350,350,250,250],type:'standard',shdw:'0',gh:[350,350,350,250,250],gw:[1240,1240,1240,778,778],vpt:['-100px&#039;,&#039;-100px&#039;,&#039;-100px&#039;,&#039;-100px&#039;,&#039;-100px'],size:{fullWidth:true, fullHeight:false},mh:'0',onh:0,onw:0,bg:{color:'{\"orig\":\"transparent\",\"type\":\"solid\",\"string\":\"transparent\"}'}});   SR7.PMH[\"SR7_2_1\"].state=true;} else if(SR7.PMH[\"SR7_2_1\"].cn-->0)\tsetTimeout( SR7.PMH[\"SR7_2_1\"].fn,19);}};SR7.PMH[\"SR7_2_1\" ].fn();\n\t\t\t\t<\/script>\n[\/vc_column][\/vc_row][vc_row full_width=&#8221;stretch_row&#8221; bg_type=&#8221;bg_color&#8221; bg_color_value=&#8221;#EEEEEE&#8221;][vc_column css=&#8221;.vc_custom_1743149158224{padding-top: 60px !important;padding-bottom: 0px !important;}&#8221;]<div id=\"ultimate-heading-692069e1f170375a5\" class=\"uvc-heading ult-adjust-bottom-margin ultimate-heading-692069e1f170375a5 uvc-806 \" data-hspacer=\"line_only\"  data-halign=\"center\" style=\"text-align:center\"><div class=\"uvc-main-heading ult-responsive\"  data-ultimate-target='.uvc-heading.ultimate-heading-692069e1f170375a5 h2'  data-responsive-json-new='{\"font-size\":\"\",\"line-height\":\"\"}' ><h2 style=\"font-weight:normal;\">\u00dcRETIM<\/h2><\/div><div class=\"uvc-heading-spacer line_only\" style=\"margin-top:15px;height:5px;\"><span class=\"uvc-headings-line\" style=\"border-style:solid;border-bottom-width:5px;border-color:#F2CB29;width:70px;\"><\/span><\/div><\/div>[vc_empty_space height=&#8221;40px&#8221;][vc_column_text css=&#8221;.vc_custom_1748257886804{margin-bottom: 15px !important;}&#8221;]<\/p>\n<p style=\"text-align: center;\">Geli\u015ftirme, i\u015fletme ve bak\u0131m a\u015famalar\u0131n\u0131n her biri, daha temiz ve s\u00fcrd\u00fcr\u00fclebilir bir enerji gelece\u011fi i\u00e7in olan taahh\u00fcd\u00fcm\u00fcz\u00fc yans\u0131tmaktad\u0131r.<\/p>\n<p>[\/vc_column_text][\/vc_column][\/vc_row][vc_row full_width=&#8221;stretch_row&#8221; gap=&#8221;35&#8243; bg_type=&#8221;bg_color&#8221; css=&#8221;.vc_custom_1744358399776{padding-top: 0px !important;padding-bottom: 60px !important;}&#8221; bg_color_value=&#8221;#EEEEEE&#8221;][vc_column width=&#8221;1\/3&#8243;][vc_single_image image=&#8221;224&#8243; img_size=&#8221;large&#8221; css=&#8221;&#8221;][vc_column_text css=&#8221;&#8221;]<\/p>\n<h3>Geli\u015fim<\/h3>\n<p>Yeni f\u0131rsatlar arayarak geli\u015fen pazarlarda varl\u0131\u011f\u0131m\u0131z\u0131 art\u0131rmay\u0131 ve mevcut pazarlarda konumumuzu g\u00fc\u00e7lendirmeyi s\u00fcrd\u00fcr\u00fcyoruz. Uluslararas\u0131 ekibimiz, yenilenebilir enerji potansiyelini en \u00fcst d\u00fczeye \u00e7\u0131karan yenilik\u00e7i projeleri tan\u0131mlamaya ve hayata ge\u00e7irmeye adanm\u0131\u015ft\u0131r ve her ortam ve toplulu\u011fun \u00f6zel ihtiya\u00e7lar\u0131na g\u00f6re uyum sa\u011flar.[\/vc_column_text][\/vc_column][vc_column width=&#8221;1\/3&#8243;][vc_single_image image=&#8221;223&#8243; img_size=&#8221;large&#8221; css=&#8221;&#8221;][vc_column_text css=&#8221;&#8221;]<\/p>\n<h3>\u0130n\u015faat<\/h3>\n<p>Her projeyi ger\u00e7e\u011fe d\u00f6n\u00fc\u015ft\u00fcr\u00fcyoruz. Yenilenebilir enerji projelerini uygulamak i\u00e7in \u00f6zel bir in\u015faat ekibimiz, her tesisin en y\u00fcksek kalite ve s\u00fcrd\u00fcr\u00fclebilirlik standartlar\u0131na uygun olmas\u0131n\u0131 sa\u011flamaktad\u0131r. Her proje, m\u00fckemmeliyet ve \u00e7evresel sorumluluk konusundaki taahh\u00fcd\u00fcm\u00fcz\u00fcn bir kan\u0131t\u0131d\u0131r.[\/vc_column_text][\/vc_column][vc_column width=&#8221;1\/3&#8243;][vc_single_image image=&#8221;225&#8243; img_size=&#8221;large&#8221; css=&#8221;&#8221;][vc_column_text css=&#8221;&#8221;]<\/p>\n<h3>\u0130\u015fletme ve Bak\u0131m<\/h3>\n<p>Tesislerimizin verimlili\u011fi ve uzun \u00f6m\u00fcrl\u00fcl\u00fc\u011f\u00fc \u00f6nceliklerimizdir. Kendi kontrol merkezimizle birlikte, r\u00fczgar enerji santrallerimizin, fotovoltaik santrallerimizin ve hidroelektrik santrallerimizin \u00fcretimini ger\u00e7ek zamanl\u0131 izleyen \u00f6zel bir ekibimiz vard\u0131r. Bu proaktif yakla\u015f\u0131m, optimal bak\u0131m ve s\u00fcrekli i\u015fletim sa\u011flayarak temiz enerjinin kesintisiz ve g\u00fcvenilir bir \u015fekilde sa\u011flanmas\u0131n\u0131 garanti eder.[\/vc_column_text][\/vc_column][\/vc_row][vc_row full_width=&#8221;stretch_row&#8221; gap=&#8221;35&#8243; bg_type=&#8221;bg_color&#8221; css=&#8221;.vc_custom_1747053405088{padding-top: 60px !important;padding-bottom: 60px !important;background-image: url(https:\/\/www.elawan.com\/wp-content\/uploads\/2025\/05\/venta-de-energia.jpg?id=14133) !important;}&#8221; bg_color_value=&#8221;#FFFFFF&#8221; el_class=&#8221;fondoImagenMitad width7-12 derecha&#8221;][vc_column width=&#8221;5\/12&#8243;]<div id=\"ultimate-heading-35069e1f17037609\" class=\"uvc-heading ult-adjust-bottom-margin ultimate-heading-35069e1f17037609 uvc-9044 \" data-hspacer=\"line_only\"  data-halign=\"left\" style=\"text-align:left\"><div class=\"uvc-main-heading ult-responsive\"  data-ultimate-target='.uvc-heading.ultimate-heading-35069e1f17037609 h2'  data-responsive-json-new='{\"font-size\":\"\",\"line-height\":\"\"}' ><h2 style=\"font-weight:normal;\">ENERJI SATI\u015eI<\/h2><\/div><div class=\"uvc-heading-spacer line_only\" style=\"margin-top:15px;height:5px;\"><span class=\"uvc-headings-line\" style=\"border-style:solid;border-bottom-width:5px;border-color:#F2CB29;width:70px;\"><\/span><\/div><\/div>[vc_empty_space height=&#8221;40px&#8221;][vc_column_text css=&#8221;&#8221;]\u00dcretti\u011fi yenilenebilir enerjiyi satarak, Elawan Energy, faaliyet g\u00f6sterdi\u011fi enerji pazarlar\u0131na temiz enerji katk\u0131s\u0131 sa\u011flamaktad\u0131r.[\/vc_column_text][\/vc_column][vc_column width=&#8221;7\/12&#8243;][\/vc_column][\/vc_row][vc_row full_width=&#8221;stretch_row_content&#8221; parallax=&#8221;content-moving&#8221; parallax_image=&#8221;228&#8243; bg_type=&#8221;image&#8221; parallax_style=&#8221;vcpb-hz-jquery&#8221; bg_image_new=&#8221;id^228|url^https:\/\/www.elawan.com\/wp-content\/uploads\/2025\/04\/fondo-contacto.jpg|caption^null|alt^null|title^fondo-contacto|description^null&#8221; bg_image_repeat=&#8221;no-repeat&#8221; bg_img_attach=&#8221;fixed&#8221; bg_override=&#8221;full&#8221; parallax_content=&#8221;parallax_content_value&#8221;][vc_column css=&#8221;.vc_custom_1743149821140{padding-top: 60px !important;padding-bottom: 25px !important;}&#8221;][vc_empty_space height=&#8221;90px&#8221;][vc_column_text css=&#8221;&#8221;]<\/p>\n<h3 style=\"text-align: center;\"><span style=\"color: #ffffff;\">\u0130\u015fbirli\u011fi f\u0131rsatlar\u0131 i\u00e7in bizimle ileti\u015fime ge\u00e7ebilirsiniz<\/span><\/h3>\n<p>[\/vc_column_text]<style type=\"text\/css\" data-type=\"the7_shortcodes-inline-css\">#default-btn-63b595018f05c3ecedd27e9e22461070.ico-right-side > i {\n  margin-right: 0px;\n  margin-left: 8px;\n}\n#default-btn-63b595018f05c3ecedd27e9e22461070 > i {\n  margin-right: 8px;\n}<\/style><div class=\"btn-align-center\"><a href=\"https:\/\/www.elawan.com\/tr\/irtibat\/\" class=\"default-btn-shortcode dt-btn dt-btn-l link-hover-off lightBtn \" id=\"default-btn-63b595018f05c3ecedd27e9e22461070\" title=\"Contacto\"><span>\u0130LET\u0130\u015e\u0130ME GE\u00c7<\/span><\/a><\/div>[vc_empty_space height=&#8221;130px&#8221;][\/vc_column][\/vc_row]<\/p>\n<\/div>","protected":false},"excerpt":{"rendered":"<p>[vc_row][vc_column css=&#8221;.vc_custom_1743149821140{padding-top: 60px !important;padding-bottom: 25px !important;}&#8221;][vc_column_text css=&#8221;&#8221;] Elawan Energy&#8217;de her g\u00fcn, temiz ve g\u00fcvenli enerji \u00fcretmeye devam etmek i\u00e7in \u00e7al\u0131\u015f\u0131yoruz. Elawan Energy olarak, yenilenebilir enerji \u00fcretimi ve sat\u0131\u015f\u0131 konusuna odaklan\u0131yoruz ve projelerimizin her a\u015famas\u0131nda yarat\u0131c\u0131l\u0131k ve sorumlulu\u011fu entegre ediyoruz. [\/vc_column_text][\/vc_column][\/vc_row][vc_row full_width=&#8221;stretch_row_content&#8221;][vc_column][\/vc_column][\/vc_row][vc_row full_width=&#8221;stretch_row&#8221; bg_type=&#8221;bg_color&#8221; bg_color_value=&#8221;#EEEEEE&#8221;][vc_column css=&#8221;.vc_custom_1743149158224{padding-top: 60px !important;padding-bottom: 0px !important;}&#8221;][vc_empty_space height=&#8221;40px&#8221;][vc_column_text css=&#8221;.vc_custom_1748257886804{margin-bottom: 15px !important;}&#8221;] Geli\u015ftirme, i\u015fletme&hellip;<\/p>\n","protected":false},"author":2,"featured_media":14322,"parent":0,"menu_order":0,"comment_status":"closed","ping_status":"closed","template":"","meta":{"_acf_changed":false,"footnotes":""},"class_list":["post-14722","page","type-page","status-publish","has-post-thumbnail","hentry","description-off"],"acf":[],"_links":{"self":[{"href":"https:\/\/www.elawan.com\/tr\/wp-json\/wp\/v2\/pages\/14722","targetHints":{"allow":["GET"]}}],"collection":[{"href":"https:\/\/www.elawan.com\/tr\/wp-json\/wp\/v2\/pages"}],"about":[{"href":"https:\/\/www.elawan.com\/tr\/wp-json\/wp\/v2\/types\/page"}],"author":[{"embeddable":true,"href":"https:\/\/www.elawan.com\/tr\/wp-json\/wp\/v2\/users\/2"}],"replies":[{"embeddable":true,"href":"https:\/\/www.elawan.com\/tr\/wp-json\/wp\/v2\/comments?post=14722"}],"version-history":[{"count":2,"href":"https:\/\/www.elawan.com\/tr\/wp-json\/wp\/v2\/pages\/14722\/revisions"}],"predecessor-version":[{"id":16086,"href":"https:\/\/www.elawan.com\/tr\/wp-json\/wp\/v2\/pages\/14722\/revisions\/16086"}],"wp:featuredmedia":[{"embeddable":true,"href":"https:\/\/www.elawan.com\/tr\/wp-json\/wp\/v2\/media\/14322"}],"wp:attachment":[{"href":"https:\/\/www.elawan.com\/tr\/wp-json\/wp\/v2\/media?parent=14722"}],"curies":[{"name":"wp","href":"https:\/\/api.w.org\/{rel}","templated":true}]}}