{"id":14745,"date":"2025-03-28T08:38:45","date_gmt":"2025-03-28T07:38:45","guid":{"rendered":"https:\/\/www.elawan.com\/?page_id=14745"},"modified":"2026-03-09T11:11:22","modified_gmt":"2026-03-09T10:11:22","slug":"esg","status":"publish","type":"page","link":"https:\/\/www.elawan.com\/tr\/esg\/","title":{"rendered":"ESG"},"content":{"rendered":"<div class=\"wpb-content-wrapper\"><p>[vc_row][vc_column css=&#8221;.vc_custom_1743149821140{padding-top: 60px !important;padding-bottom: 25px !important;}&#8221;][vc_column_text css=&#8221;&#8221;]<\/p>\n<p style=\"text-align: center;\">Elawan Energy olarak, s\u00fcrd\u00fcr\u00fclebilirli\u011fe olan g\u00fc\u00e7l\u00fc ba\u011fl\u0131l\u0131\u011f\u0131m\u0131zla yenilenebilir enerji projeleri geli\u015ftirmeye adanm\u0131\u015f durumday\u0131z. \u00c7evrenin korunmas\u0131n\u0131n \u00f6tesinde, insanlara olan ba\u011fl\u0131l\u0131\u011f\u0131m\u0131za odaklanarak, \u015feffafl\u0131k ve etik sorumluluk ilkeleri rehberli\u011finde iyi kurumsal y\u00f6netimi destekleyerek faaliyet g\u00f6sterdi\u011fimiz topluluklar \u00fczerinde olumlu etkiler olu\u015fturuyoruz.<\/p>\n<p>[\/vc_column_text][\/vc_column][\/vc_row][vc_row full_width=&#8221;stretch_row&#8221; gap=&#8221;35&#8243; bg_type=&#8221;bg_color&#8221; css=&#8221;.vc_custom_1743148967065{padding-top: 60px !important;padding-bottom: 60px !important;background-image: url(https:\/\/www.elawan.com\/wp-content\/uploads\/2025\/03\/operario-molino-1.jpg?id=164) !important;}&#8221; bg_color_value=&#8221;#EEEEEE&#8221; el_class=&#8221;fondoImagenMitad derecha&#8221;][vc_column width=&#8221;1\/2&#8243;]<div id=\"ultimate-heading-757769e1ed9460819\" class=\"uvc-heading ult-adjust-bottom-margin ultimate-heading-757769e1ed9460819 uvc-4198 \" data-hspacer=\"line_only\"  data-halign=\"left\" style=\"text-align:left\"><div class=\"uvc-main-heading ult-responsive\"  data-ultimate-target='.uvc-heading.ultimate-heading-757769e1ed9460819 h2'  data-responsive-json-new='{\"font-size\":\"\",\"line-height\":\"\"}' ><h2 style=\"font-weight:normal;\">\u0130NSANLARA VE<br \/>\n\u00c7EVREYE BA\u011eLILIK<\/h2><\/div><div class=\"uvc-heading-spacer line_only\" style=\"margin-top:15px;height:5px;\"><span class=\"uvc-headings-line\" style=\"border-style:solid;border-bottom-width:5px;border-color:#F2CB29;width:70px;\"><\/span><\/div><\/div>[vc_empty_space height=&#8221;40px&#8221;][vc_column_text css=&#8221;&#8221;]Elawan Energy olarak, insanlar\u0131 stratejimizin merkezine koyuyor ve \u00e7al\u0131\u015fma ortam\u0131m\u0131z\u0131n \u00e7e\u015fitli, kapsay\u0131c\u0131 ve uluslararas\u0131 insan haklar\u0131 \u00e7er\u00e7eveleriyle uyumlu olmas\u0131n\u0131 sa\u011fl\u0131yoruz. \u0130\u015f g\u00fcvencesine, profesyonel geli\u015fime ve f\u0131rsat e\u015fitli\u011fine \u00f6ncelik veriyoruz.<\/p>\n<p><strong>ISO 45001:2018<\/strong> sertifikas\u0131 ile i\u015f sa\u011fl\u0131\u011f\u0131 ve g\u00fcvenli\u011fini \u00f6n planda tutuyor, denetimler ve s\u00fcrekli e\u011fitim programlar\u0131yla \u00f6nleyici bir g\u00fcvenlik k\u00fclt\u00fcr\u00fc olu\u015fturuyoruz.<\/p>\n<p>Ayr\u0131ca, g\u00fc\u00e7l\u00fc bir uyum y\u00f6netim sistemi ve yolsuzlukla m\u00fccadele ile veri koruma e\u011fitimleri sayesinde kurumsal eti\u011fi g\u00fc\u00e7lendiriyoruz. Yerel topluluklarla ve \u00fcniversitelerle i\u015f birli\u011fi yaparak, s\u00fcrd\u00fcr\u00fclebilir ve olumlu bir sosyal etki yaratmay\u0131 hedefliyoruz.[\/vc_column_text][\/vc_column][vc_column width=&#8221;1\/2&#8243;][\/vc_column][\/vc_row][vc_row][vc_column css=&#8221;.vc_custom_1743149158224{padding-top: 60px !important;padding-bottom: 0px !important;}&#8221;]<div id=\"ultimate-heading-165869e1ed94608ae\" class=\"uvc-heading ult-adjust-bottom-margin ultimate-heading-165869e1ed94608ae uvc-272 \" data-hspacer=\"line_only\"  data-halign=\"center\" style=\"text-align:center\"><div class=\"uvc-main-heading ult-responsive\"  data-ultimate-target='.uvc-heading.ultimate-heading-165869e1ed94608ae h2'  data-responsive-json-new='{\"font-size\":\"\",\"line-height\":\"\"}' ><h2 style=\"font-weight:normal;\">\u0130YI Y\u00d6NETI\u015eIME BA\u011eLILIK<\/h2><\/div><div class=\"uvc-heading-spacer line_only\" style=\"margin-top:15px;height:5px;\"><span class=\"uvc-headings-line\" style=\"border-style:solid;border-bottom-width:5px;border-color:#F2CB29;width:70px;\"><\/span><\/div><\/div>[\/vc_column][\/vc_row][vc_row full_width=&#8221;stretch_row&#8221; gap=&#8221;35&#8243; bg_type=&#8221;bg_color&#8221; css=&#8221;.vc_custom_1743149166799{padding-top: 0px !important;padding-bottom: 60px !important;}&#8221; bg_color_value=&#8221;#FFFFFF&#8221;][vc_column width=&#8221;1\/2&#8243;][vc_column_text css=&#8221;&#8221;]<\/p>\n<h3>Davran\u0131\u015f Kurallar\u0131<\/h3>\n<p>Elawan Energy olarak g\u00fc\u00e7l\u00fc bir Uyum K\u00fclt\u00fcr\u00fc olu\u015fturmaya kararl\u0131y\u0131z. Ge\u00e7erli t\u00fcm yasa ve d\u00fczenlemelere uyumu sa\u011flamak amac\u0131yla, potansiyel riskleri \u00f6nlemek, azaltmak ve yan\u0131tlamak i\u00e7in politikalar ve prosed\u00fcrler geli\u015ftirdik. Bu taahh\u00fct, d\u00fcr\u00fcstl\u00fc\u011f\u00fcm\u00fcz\u00fc g\u00fc\u00e7lendirir ve ald\u0131\u011f\u0131m\u0131z her karar\u0131n ilkelerimiz, de\u011ferlerimiz ve daha s\u00fcrd\u00fcr\u00fclebilir bir gelecek in\u015fa etme misyonumuzla uyumlu olmas\u0131n\u0131 sa\u011flar.<\/p>\n<p><strong>Davran\u0131\u015f Kurallar\u0131m\u0131z<\/strong>, Gurur, G\u00fcven ve Sayg\u0131 olmak \u00fczere \u00fc\u00e7 temel de\u011fere dayan\u0131r ve ge\u00e7erli d\u00fczenlemelere s\u0131k\u0131 s\u0131k\u0131ya uyulmas\u0131n\u0131 ve Elawan Energy i\u00e7in risk olu\u015fturabilecek herhangi bir davran\u0131\u015f\u0131n yasaklanmas\u0131n\u0131 i\u00e7erir.[\/vc_column_text]<style type=\"text\/css\" data-type=\"the7_shortcodes-inline-css\">#default-btn-7cb4aee7c79aac0f31e1bc7bbeaaad6d.ico-right-side > i {\n  margin-right: 0px;\n  margin-left: 8px;\n}\n#default-btn-7cb4aee7c79aac0f31e1bc7bbeaaad6d > i {\n  margin-right: 8px;\n}<\/style><a href=\"https:\/\/www.elawan.com\/wp-content\/uploads\/2025\/06\/Employee-Code-of-Conduct_vENG.pdf\" class=\"default-btn-shortcode dt-btn dt-btn-l link-hover-off btn-inline-left \" target=\"_blank\" id=\"default-btn-7cb4aee7c79aac0f31e1bc7bbeaaad6d\" rel=\"noopener\"><span>DAVRANI\u015e KURALLARINI \u0130ND\u0130R<\/span><\/a>[vc_empty_space height=&#8221;40px&#8221;][vc_column_text css=&#8221;&#8221;]Elawan Energy, i\u015f faaliyetlerini etik bir \u015fekilde y\u00fcr\u00fctmeye ve ortak hedefler ve de\u011ferler \u00fczerine kurulu sa\u011flam ili\u015fkiler geli\u015ftirmeye kendini adam\u0131\u015ft\u0131r. Bu do\u011frultuda, i\u015f birli\u011fi yapt\u0131\u011f\u0131m\u0131z t\u00fcm \u00fc\u00e7\u00fcnc\u00fc taraflar\u0131n ge\u00e7erli d\u00fczenlemelere uymas\u0131n\u0131 ve <strong>Kar\u015f\u0131 Taraf Davran\u0131\u015f Kurallar\u0131m\u0131za<\/strong> ba\u011fl\u0131 kalmalar\u0131n\u0131 bekliyoruz.[\/vc_column_text]<style type=\"text\/css\" data-type=\"the7_shortcodes-inline-css\">#default-btn-97411d78539326eb16e3d1e0f51b0f40.ico-right-side > i {\n  margin-right: 0px;\n  margin-left: 8px;\n}\n#default-btn-97411d78539326eb16e3d1e0f51b0f40 > i {\n  margin-right: 8px;\n}<\/style><a href=\"https:\/\/www.elawan.com\/counterparty-code-of-conduct-2025_veng\/\" class=\"default-btn-shortcode dt-btn dt-btn-l link-hover-off btn-inline-left \" target=\"_blank\" id=\"default-btn-97411d78539326eb16e3d1e0f51b0f40\" rel=\"noopener\"><span>KAR\u015eI TARAF DAVRANI\u015e KURALLARINI \u0130ND\u0130R<\/span><\/a>[\/vc_column][vc_column width=&#8221;1\/2&#8243;][vc_column_text css=&#8221;&#8221;]<\/p>\n<h3>Entegre Y\u00f6netim Sistemi Politikas\u0131<\/h3>\n<p>\u015eirketimizde, kalite, g\u00fcvenlik ve \u00e7evre y\u00f6netimi konular\u0131nda y\u00fcksek standartlar\u0131 garanti ediyoruz. \u0130stenmeyen etkileri \u00f6nlemek ve yasal uyumlulu\u011fu sa\u011flamak i\u00e7in s\u0131k\u0131 kontroller uyguluyoruz.[\/vc_column_text][vc_single_image image=&#8221;154&#8243; img_size=&#8221;large&#8221; css=&#8221;&#8221;][vc_column_text css=&#8221;&#8221;]Entegre Y\u00f6netim Sistemi Politikam\u0131z,<strong> ISO 9001, 14001 ve 45001<\/strong> sertifikalar\u0131na sahiptir ve s\u00fcrekli iyile\u015ftirme taahh\u00fcd\u00fcm\u00fcz\u00fc peki\u015ftirmektedir.[\/vc_column_text][vc_row_inner content_placement=&#8221;middle&#8221;][vc_column_inner width=&#8221;1\/2&#8243;][vc_single_image image=&#8221;152&#8243; img_size=&#8221;large&#8221; css=&#8221;.vc_custom_1743149593194{margin-bottom: 0px !important;}&#8221;][\/vc_column_inner][vc_column_inner width=&#8221;1\/2&#8243;]<style type=\"text\/css\" data-type=\"the7_shortcodes-inline-css\">#default-btn-c3b807e2f1b232ec9303517ec065637e.ico-right-side > i {\n  margin-right: 0px;\n  margin-left: 8px;\n}\n#default-btn-c3b807e2f1b232ec9303517ec065637e > i {\n  margin-right: 8px;\n}<\/style><a href=\"https:\/\/www.elawan.com\/wp-content\/uploads\/2026\/03\/20360172-BUP-ISO-9001-2015-ELAWAN-ENERGY-SL-INGLES.pdf\" class=\"default-btn-shortcode dt-btn dt-btn-l link-hover-off btn-inline-left \" target=\"_blank\" id=\"default-btn-c3b807e2f1b232ec9303517ec065637e\" rel=\"noopener\"><span>ISO 9001 \u0130ND\u0130R<\/span><\/a>[vc_empty_space height=&#8221;15px&#8221;]<style type=\"text\/css\" data-type=\"the7_shortcodes-inline-css\">#default-btn-560822897ef9d8c518aaa81953c7b584.ico-right-side > i {\n  margin-right: 0px;\n  margin-left: 8px;\n}\n#default-btn-560822897ef9d8c518aaa81953c7b584 > i {\n  margin-right: 8px;\n}<\/style><a href=\"https:\/\/www.elawan.com\/wp-content\/uploads\/2026\/03\/20360172-BUQ-ISO-14001-2015-ELAWAN-ENERGY-SL-INGLES.pdf\" class=\"default-btn-shortcode dt-btn dt-btn-l link-hover-off btn-inline-left \" target=\"_blank\" id=\"default-btn-560822897ef9d8c518aaa81953c7b584\" rel=\"noopener\"><span>ISO 14001 \u0130ND\u0130R<\/span><\/a>[vc_empty_space height=&#8221;15px&#8221;]<style type=\"text\/css\" data-type=\"the7_shortcodes-inline-css\">#default-btn-db94202fd24c5038d791a3717a64e302.ico-right-side > i {\n  margin-right: 0px;\n  margin-left: 8px;\n}\n#default-btn-db94202fd24c5038d791a3717a64e302 > i {\n  margin-right: 8px;\n}<\/style><a href=\"https:\/\/www.elawan.com\/wp-content\/uploads\/2026\/03\/20360172-BVR-ISO-45001-2018-ELAWAN-ENERGY-SL-INGLES.pdf\" class=\"default-btn-shortcode dt-btn dt-btn-l link-hover-off btn-inline-left \" target=\"_blank\" id=\"default-btn-db94202fd24c5038d791a3717a64e302\" rel=\"noopener\"><span>ISO 45001 \u0130ND\u0130R<\/span><\/a>[\/vc_column_inner][\/vc_row_inner][\/vc_column][\/vc_row][vc_row full_width=&#8221;stretch_row&#8221; gap=&#8221;35&#8243; bg_type=&#8221;bg_color&#8221; css=&#8221;.vc_custom_1745824723111{padding-top: 0px !important;padding-bottom: 60px !important;}&#8221; bg_color_value=&#8221;#EEEEEE&#8221;][vc_column][vc_column_text css=&#8221;&#8221;]<\/p>\n<p style=\"text-align: center;\">Elawan Energy, herhangi bir \u00e7al\u0131\u015fan veya kurulu\u015fla ba\u011flant\u0131l\u0131 \u00fc\u00e7\u00fcnc\u00fc \u015fah\u0131slar\u0131n, i\u00e7 politika, prosed\u00fcr veya ge\u00e7erli yasa ihlallerini bildirebilece\u011fi bir \u0130hbar Kanal\u0131na sahiptir. Elawan Energy, iyi niyetle endi\u015felerini dile getiren ki\u015filere kar\u015f\u0131 hi\u00e7bir misillemede bulunulmayaca\u011f\u0131n\u0131 garanti eder. Bildiriminizi kimli\u011finizi belirterek ya da anonim olarak, a\u015fa\u011f\u0131daki ba\u011flant\u0131 \u00fczerinden gizli ve g\u00fcvenli bir \u015fekilde iletebilirsiniz.<\/p>\n<p>[\/vc_column_text]<style type=\"text\/css\" data-type=\"the7_shortcodes-inline-css\">#default-btn-962bb789cecb39497f1fbc06d98cd229.ico-right-side > i {\n  margin-right: 0px;\n  margin-left: 8px;\n}\n#default-btn-962bb789cecb39497f1fbc06d98cd229 > i {\n  margin-right: 8px;\n}<\/style><div class=\"btn-align-center\"><a href=\"https:\/\/secure.ethicspoint.eu\/domain\/media\/en\/gui\/106485\/index.html\" class=\"default-btn-shortcode dt-btn dt-btn-l link-hover-off \" target=\"_blank\" id=\"default-btn-962bb789cecb39497f1fbc06d98cd229\" rel=\"noopener\"><span>\u0130HBAR KANALI<\/span><\/a><\/div>[\/vc_column][\/vc_row][vc_row full_width=&#8221;stretch_row&#8221; bg_type=&#8221;image&#8221; parallax_style=&#8221;vcpb-default&#8221; bg_image_new=&#8221;id^181|url^https:\/\/www.elawan.com\/wp-content\/uploads\/2025\/03\/separador-2-1.jpg|caption^null|alt^null|title^separador-2|description^null&#8221; bg_img_attach=&#8221;fixed&#8221;][vc_column][vc_empty_space height=&#8221;320px&#8221;][\/vc_column][\/vc_row][vc_row css=&#8221;.vc_custom_1742389154471{padding-top: 60px !important;padding-bottom: 30px !important;}&#8221;][vc_column]<div id=\"ultimate-heading-891869e1ed9460b80\" class=\"uvc-heading ult-adjust-bottom-margin ultimate-heading-891869e1ed9460b80 uvc-168 \" data-hspacer=\"line_only\"  data-halign=\"center\" style=\"text-align:center\"><div class=\"uvc-main-heading ult-responsive\"  data-ultimate-target='.uvc-heading.ultimate-heading-891869e1ed9460b80 h2'  data-responsive-json-new='{\"font-size\":\"\",\"line-height\":\"\"}' ><h2 style=\"font-weight:normal;\">S\u00dcRD\u00dcR\u00dcLEB\u0130L\u0130RL\u0130K RAPORLARI<\/h2><\/div><div class=\"uvc-heading-spacer line_only\" style=\"margin-top:20px;height:5px;\"><span class=\"uvc-headings-line\" style=\"border-style:solid;border-bottom-width:5px;border-color:#F2CB29;width:70px;\"><\/span><\/div><\/div>[vc_empty_space height=&#8221;40px&#8221;][vc_column_text css=&#8221;&#8221;]<\/p>\n<p style=\"text-align: center;\">Payda\u015flar\u0131m\u0131zla \u015feffafl\u0131\u011f\u0131 sa\u011flamak amac\u0131yla, en g\u00fcncel S\u00fcrd\u00fcr\u00fclebilirlik Raporumuzu ve \u00f6nceki y\u0131llara ait raporlar\u0131 eri\u015fime sunuyoruz. B\u00f6ylece, s\u00fcrd\u00fcr\u00fclebilirli\u011fe olan ba\u011fl\u0131l\u0131\u011f\u0131m\u0131z\u0131 ve geli\u015fimimizi g\u00f6zler \u00f6n\u00fcne seriyoruz.<\/p>\n<p>[\/vc_column_text]<div id=\"contenedorDescargaMemoriasSostenibilidad\"><select id=\"selectDescargarMemoriasSostenibilidad\" class=\"form-select\" aria-label=\"S\u00fcrd\u00fcr\u00fclebilirlik raporunu se\u00e7in\">\n                <option value=\"\" selected>S\u00fcrd\u00fcr\u00fclebilirlik raporunu se\u00e7in<\/option><\/select><div class=\"vc_empty_space\" style=\"height: 40px\"><span class=\"vc_empty_space_inner\"><\/span><\/div><div class=\"btn-align-center\">\n                <div class=\"default-btn-shortcode dt-btn dt-btn-l link-hover-off \" id=\"default-btn-0e4ed59b20bd96ba5e96bc5e6db22d85\" onclick=\"descargarMemoria()\"><span>\u0130HBAR<\/span><\/div>\n            <\/div><\/div>[vc_empty_space height=&#8221;60px&#8221;][\/vc_column][\/vc_row]<\/p>\n<\/div>","protected":false},"excerpt":{"rendered":"<p>[vc_row][vc_column css=&#8221;.vc_custom_1743149821140{padding-top: 60px !important;padding-bottom: 25px !important;}&#8221;][vc_column_text css=&#8221;&#8221;] Elawan Energy olarak, s\u00fcrd\u00fcr\u00fclebilirli\u011fe olan g\u00fc\u00e7l\u00fc ba\u011fl\u0131l\u0131\u011f\u0131m\u0131zla yenilenebilir enerji projeleri geli\u015ftirmeye adanm\u0131\u015f durumday\u0131z. \u00c7evrenin korunmas\u0131n\u0131n \u00f6tesinde, insanlara olan ba\u011fl\u0131l\u0131\u011f\u0131m\u0131za odaklanarak, \u015feffafl\u0131k ve etik sorumluluk ilkeleri rehberli\u011finde iyi kurumsal y\u00f6netimi destekleyerek faaliyet g\u00f6sterdi\u011fimiz topluluklar \u00fczerinde olumlu etkiler olu\u015fturuyoruz. [\/vc_column_text][\/vc_column][\/vc_row][vc_row full_width=&#8221;stretch_row&#8221; gap=&#8221;35&#8243; bg_type=&#8221;bg_color&#8221; css=&#8221;.vc_custom_1743148967065{padding-top: 60px !important;padding-bottom: 60px !important;background-image: url(https:\/\/www.elawan.com\/wp-content\/uploads\/2025\/03\/operario-molino-1.jpg?id=164) !important;}&#8221;&hellip;<\/p>\n","protected":false},"author":2,"featured_media":14497,"parent":0,"menu_order":0,"comment_status":"closed","ping_status":"closed","template":"","meta":{"_acf_changed":false,"footnotes":""},"class_list":["post-14745","page","type-page","status-publish","has-post-thumbnail","hentry","description-off"],"acf":[],"_links":{"self":[{"href":"https:\/\/www.elawan.com\/tr\/wp-json\/wp\/v2\/pages\/14745","targetHints":{"allow":["GET"]}}],"collection":[{"href":"https:\/\/www.elawan.com\/tr\/wp-json\/wp\/v2\/pages"}],"about":[{"href":"https:\/\/www.elawan.com\/tr\/wp-json\/wp\/v2\/types\/page"}],"author":[{"embeddable":true,"href":"https:\/\/www.elawan.com\/tr\/wp-json\/wp\/v2\/users\/2"}],"replies":[{"embeddable":true,"href":"https:\/\/www.elawan.com\/tr\/wp-json\/wp\/v2\/comments?post=14745"}],"version-history":[{"count":4,"href":"https:\/\/www.elawan.com\/tr\/wp-json\/wp\/v2\/pages\/14745\/revisions"}],"predecessor-version":[{"id":16727,"href":"https:\/\/www.elawan.com\/tr\/wp-json\/wp\/v2\/pages\/14745\/revisions\/16727"}],"wp:featuredmedia":[{"embeddable":true,"href":"https:\/\/www.elawan.com\/tr\/wp-json\/wp\/v2\/media\/14497"}],"wp:attachment":[{"href":"https:\/\/www.elawan.com\/tr\/wp-json\/wp\/v2\/media?parent=14745"}],"curies":[{"name":"wp","href":"https:\/\/api.w.org\/{rel}","templated":true}]}}