{"id":14784,"date":"2025-04-29T13:33:30","date_gmt":"2025-04-29T11:33:30","guid":{"rendered":"https:\/\/www.elawan.com\/?page_id=14784"},"modified":"2025-06-02T08:46:51","modified_gmt":"2025-06-02T06:46:51","slug":"projeleri","status":"publish","type":"page","link":"https:\/\/www.elawan.com\/tr\/projeleri\/","title":{"rendered":"Projeleri"},"content":{"rendered":"<div class=\"wpb-content-wrapper\"><p>[vc_row][vc_column css=&#8221;.vc_custom_1747045880585{padding-top: 60px !important;}&#8221;][vc_column_text css=&#8221;&#8221;]<\/p>\n<p style=\"text-align: center;\">S\u00fcrd\u00fcr\u00fclebilir bir gelece\u011fe nas\u0131l ilerledi\u011fimizi ve nerelerde faaliyet g\u00f6sterdi\u011fimizi ke\u015ffedin.<br \/>\nProjelerimizi \u00fclkelere, teknolojilere veya in\u015faat ve geli\u015fim durumlar\u0131na g\u00f6re inceleyin.<\/p>\n<p>[\/vc_column_text][\/vc_column][\/vc_row][vc_row][vc_column css=&#8221;.vc_custom_1747045865186{padding-top: 25px !important;}&#8221;]<div id=\"contenedorPresenciaGlobal\"><select id=\"selectPaisesPresenciaGlobal\" class=\"form-select selectPresenciaGlobal\" data-finalizados=\"si\" aria-label=\"Bir \u00fclke se\u00e7in\">  <option value=\"\" selected>Bir \u00fclke se\u00e7in<\/option>  <option value=\"106\">Almanya<\/option>  <option value=\"121\">Amerika Birle\u015fik Devletleri<\/option>  <option value=\"111\">Bel\u00e7ika<\/option>  <option value=\"157\">Birle\u015fik Krall\u0131k<\/option>  <option value=\"116\">Brezilya<\/option>  <option value=\"132\">Fransa<\/option>  <option value=\"167\">G\u00fcney Afrika<\/option>  <option value=\"147\">Meksika<\/option>  <option value=\"152\">Polonya<\/option>  <option value=\"162\">Romanya<\/option>  <option value=\"172\">T\u00fcrkiye<\/option>  <option value=\"137\">Yunanistan<\/option>  <option value=\"126\">\u0130spanya<\/option>  <option value=\"142\">\u0130talya<\/option><\/select><select id=\"selectTipoInstalacion\" class=\"form-select selectPresenciaGlobal\" aria-label=\"Bir teknoloji se\u00e7in\">  <option value=\"\" selected>Bir teknoloji se\u00e7in<\/option>  <option value=\"101\">G\u00fcne\u015f enerjisi santralleri<\/option>  <option value=\"86\">Hidroelektrik santralleri<\/option>  <option value=\"96\">Ofisler<\/option>  <option value=\"91\">R\u00fczgar \u00e7iftlikleri<\/option><\/select><select id=\"selectEstadoInstalacion\" class=\"form-select selectPresenciaGlobal\" aria-label=\"Bir durum se\u00e7in\">  <option value=\"todos\" selected>Bir durum se\u00e7in<\/option>  <option value=\"1\">Faaliyette<\/option>  <option value=\"0\">Yap\u0131m a\u015famas\u0131nda<\/option><\/select><a href=\"#\" class=\"default-btn-shortcode dt-btn dt-btn-l link-hover-off btn-inline-left\" id=\"btBuscarProyectos\" title=\"PROJELERI G\u00d6STER\"><span>PROJELERI G\u00d6STER<\/span><\/a><input type=\"hidden\" name=\"texto_bt_como_llegar\" id=\"texto_bt_como_llegar\" value=\"NASIL G\u0130D\u0130L\u0130R\" \/><div id=\"contendorListadoInstalaciones\">\n                <div class=\"loader\">\n                    <svg width=\"75px\" height=\"75px\" xmlns=\"http:\/\/www.w3.org\/2000\/svg\" viewBox=\"0 0 100 100\" preserveAspectRatio=\"xMidYMid\">\n                        <rect class=\"the7-spinner-animate-1\" rx=\"5\" ry=\"5\" transform=\"rotate(0 50 50) translate(0 -30)\"><\/rect>\n                        <rect class=\"the7-spinner-animate-2\" rx=\"5\" ry=\"5\" transform=\"rotate(30 50 50) translate(0 -30)\"><\/rect>\n                        <rect class=\"the7-spinner-animate-3\" rx=\"5\" ry=\"5\" transform=\"rotate(60 50 50) translate(0 -30)\"><\/rect>\n                        <rect class=\"the7-spinner-animate-4\" rx=\"5\" ry=\"5\" transform=\"rotate(90 50 50) translate(0 -30)\"><\/rect>\n                        <rect class=\"the7-spinner-animate-5\" rx=\"5\" ry=\"5\" transform=\"rotate(120 50 50) translate(0 -30)\"><\/rect>\n                        <rect class=\"the7-spinner-animate-6\" rx=\"5\" ry=\"5\" transform=\"rotate(150 50 50) translate(0 -30)\"><\/rect>\n                        <rect class=\"the7-spinner-animate-7\" rx=\"5\" ry=\"5\" transform=\"rotate(180 50 50) translate(0 -30)\"><\/rect>\n                        <rect class=\"the7-spinner-animate-8\" rx=\"5\" ry=\"5\" transform=\"rotate(210 50 50) translate(0 -30)\"><\/rect>\n                        <rect class=\"the7-spinner-animate-9\" rx=\"5\" ry=\"5\" transform=\"rotate(240 50 50) translate(0 -30)\"><\/rect>\n                        <rect class=\"the7-spinner-animate-10\" rx=\"5\" ry=\"5\" transform=\"rotate(270 50 50) translate(0 -30)\"><\/rect>\n                        <rect class=\"the7-spinner-animate-11\" rx=\"5\" ry=\"5\" transform=\"rotate(300 50 50) translate(0 -30)\"><\/rect>\n                        <rect class=\"the7-spinner-animate-12\" rx=\"5\" ry=\"5\" transform=\"rotate(330 50 50) translate(0 -30)\"><\/rect>\n                    <\/svg>\n                <\/div>\n                <!--<div id=\"listadoInstalaciones\"><\/div>-->\n                <div id=\"sinResultados\" style=\"display:none;margin-top:40px;font-size:1.1rem\">Araman\u0131za uyan proje bulunamad\u0131. Faaliyet g\u00f6sterdi\u011fimiz yerleri ve destekledi\u011fimiz teknolojileri ke\u015ffetmeye devam etmek i\u00e7in filtreleri ayarlay\u0131n.<\/div>\n              <\/div><\/div>[\/vc_column][\/vc_row][vc_row el_id=&#8221;listadoInstalaciones&#8221; css=&#8221;.vc_custom_1747585657447{margin-top: 20px !important;margin-bottom: 40px !important;}&#8221;][vc_column][\/vc_column][\/vc_row]<\/p>\n<\/div>","protected":false},"excerpt":{"rendered":"<p>[vc_row][vc_column css=&#8221;.vc_custom_1747045880585{padding-top: 60px !important;}&#8221;][vc_column_text css=&#8221;&#8221;] S\u00fcrd\u00fcr\u00fclebilir bir gelece\u011fe nas\u0131l ilerledi\u011fimizi ve nerelerde faaliyet g\u00f6sterdi\u011fimizi ke\u015ffedin. Projelerimizi \u00fclkelere, teknolojilere veya in\u015faat ve geli\u015fim durumlar\u0131na g\u00f6re inceleyin. [\/vc_column_text][\/vc_column][\/vc_row][vc_row][vc_column css=&#8221;.vc_custom_1747045865186{padding-top: 25px !important;}&#8221;][\/vc_column][\/vc_row][vc_row el_id=&#8221;listadoInstalaciones&#8221; css=&#8221;.vc_custom_1747585657447{margin-top: 20px !important;margin-bottom: 40px !important;}&#8221;][vc_column][\/vc_column][\/vc_row]<\/p>\n","protected":false},"author":2,"featured_media":14592,"parent":0,"menu_order":0,"comment_status":"closed","ping_status":"closed","template":"","meta":{"_acf_changed":false,"footnotes":""},"class_list":["post-14784","page","type-page","status-publish","has-post-thumbnail","hentry","description-off"],"acf":[],"_links":{"self":[{"href":"https:\/\/www.elawan.com\/tr\/wp-json\/wp\/v2\/pages\/14784","targetHints":{"allow":["GET"]}}],"collection":[{"href":"https:\/\/www.elawan.com\/tr\/wp-json\/wp\/v2\/pages"}],"about":[{"href":"https:\/\/www.elawan.com\/tr\/wp-json\/wp\/v2\/types\/page"}],"author":[{"embeddable":true,"href":"https:\/\/www.elawan.com\/tr\/wp-json\/wp\/v2\/users\/2"}],"replies":[{"embeddable":true,"href":"https:\/\/www.elawan.com\/tr\/wp-json\/wp\/v2\/comments?post=14784"}],"version-history":[{"count":2,"href":"https:\/\/www.elawan.com\/tr\/wp-json\/wp\/v2\/pages\/14784\/revisions"}],"predecessor-version":[{"id":16229,"href":"https:\/\/www.elawan.com\/tr\/wp-json\/wp\/v2\/pages\/14784\/revisions\/16229"}],"wp:featuredmedia":[{"embeddable":true,"href":"https:\/\/www.elawan.com\/tr\/wp-json\/wp\/v2\/media\/14592"}],"wp:attachment":[{"href":"https:\/\/www.elawan.com\/tr\/wp-json\/wp\/v2\/media?parent=14784"}],"curies":[{"name":"wp","href":"https:\/\/api.w.org\/{rel}","templated":true}]}}