{"id":15393,"date":"2025-05-28T10:51:03","date_gmt":"2025-05-28T08:51:03","guid":{"rendered":"https:\/\/www.elawan.com\/?page_id=15393"},"modified":"2025-06-02T11:26:01","modified_gmt":"2025-06-02T09:26:01","slug":"cerez-politikasi","status":"publish","type":"page","link":"https:\/\/www.elawan.com\/tr\/cerez-politikasi\/","title":{"rendered":"\u00c7erez Politikas\u0131"},"content":{"rendered":"<div class=\"textoPoliticas\">\n<h1 data-start=\"271\" data-end=\"293\">\u00c7erez Politikas\u0131<\/h1>\n<h3 data-start=\"295\" data-end=\"320\"><\/h3>\n<h3>\u00c7erezler nedir?<\/h3>\n<p>Bir \u00e7erez, belirli web sayfalar\u0131na eri\u015fti\u011finizde bilgisayar\u0131n\u0131za indirilen bir dosyad\u0131r. \u00c7erezler, bir web sitesinin kullan\u0131c\u0131 veya cihaz\u0131n\u0131z\u0131n gezinme al\u0131\u015fkanl\u0131klar\u0131 hakk\u0131nda bilgi depolamas\u0131na ve almas\u0131na olanak tan\u0131r ve i\u00e7erdikleri bilgiye ve cihaz\u0131n\u0131z\u0131 nas\u0131l kulland\u0131\u011f\u0131n\u0131za ba\u011fl\u0131 olarak kullan\u0131c\u0131y\u0131 tan\u0131mak i\u00e7in kullan\u0131labilir.<strong>\u00a0<\/strong><\/p>\n<h3>Kullan\u0131lan \u00e7erez kategorileri<\/h3>\n<p>Bu web sitesi, kulland\u0131\u011f\u0131 \u00e7erezleri \u015fu kategorilerde s\u0131n\u0131fland\u0131r\u0131r:<\/p>\n<ul>\n<li><strong> Gerekli \u00e7erezler: <\/strong>Sitenin temel i\u015flevleri i\u00e7in zorunludur. G\u00fcvenlik, eri\u015filebilirlik ve form y\u00f6netimi i\u015flevlerini i\u00e7erir (\u00f6rne\u011fin Google reCAPTCHA).<\/li>\n<li><strong> Analitik \u00e7erezler: <\/strong>Google Analytics kullanarak ziyaret\u00e7ilerin siteyle nas\u0131l etkile\u015fimde bulundu\u011funu anlamam\u0131za yard\u0131mc\u0131 olur. T\u00fcm bilgiler anonim olarak toplan\u0131r.<\/li>\n<li><strong> \u0130\u015flevsel \u00e7erezler: <\/strong>YouTube gibi \u00fc\u00e7\u00fcnc\u00fc taraf i\u00e7eriklerin g\u00f6m\u00fclmesini sa\u011flar.<\/li>\n<\/ul>\n<p>&nbsp;<\/p>\n<p data-start=\"295\" data-end=\"320\">A\u015fa\u011f\u0131da bu web sitesinde \u00e7erez kullan\u0131m\u0131na ili\u015fkin ayr\u0131nt\u0131lar verilmi\u015ftir:<\/p>\n<table width=\"687\">\n<tbody>\n<tr>\n<th width=\"83\"><strong>\u00c7erez<\/strong><\/th>\n<th width=\"83\">Ad<\/th>\n<th width=\"83\"><strong>T\u00fcr<\/strong><\/th>\n<th width=\"202\"><strong>Ama\u00e7<\/strong><\/th>\n<th width=\"236\"><strong>Daha Fazla Bilgi<\/strong><\/th>\n<\/tr>\n<tr>\n<td width=\"83\">__utma, __utmb, __utmc, __utmz, __utmt<\/td>\n<td width=\"83\">Google Analytics<\/td>\n<td width=\"83\">\u00dc\u00e7\u00fcnc\u00fc taraf<\/td>\n<td width=\"202\">Ziyaretlerin kayna\u011f\u0131n\u0131 ve di\u011fer istatistiksel verileri belirlemek i\u00e7in kullan\u0131c\u0131lar\u0131n gezinme bilgilerini toplar. \u0130sim, soyisim veya posta adresi gibi ki\u015fisel verileri almaz.<\/td>\n<td width=\"236\"><a href=\"http:\/\/www.google.com\/intl\/tr\/policies\/privacy\/\">Google Gizlilik Merkezi<\/a><\/td>\n<\/tr>\n<tr>\n<td width=\"83\">_ga, _gat, _gid<\/td>\n<td width=\"83\">Google Analytics<\/td>\n<td width=\"83\">\u00dc\u00e7\u00fcnc\u00fc taraf<\/td>\n<td width=\"202\">Site \u00fczerindeki ziyaretleri, s\u00fcreyi ve kullan\u0131c\u0131 davran\u0131\u015f\u0131n\u0131 nicelendirir.<\/td>\n<td width=\"236\"><a href=\"https:\/\/developers.google.com\/analytics\/devguides\/collection\/analyticsjs\/cookie-usage\">Daha fazla bilgi<\/a><\/td>\n<\/tr>\n<tr>\n<td width=\"83\">NID, ANID, 1P_JAR, CONSENT<\/td>\n<td width=\"83\">Google reCAPTCHA<\/td>\n<td width=\"83\">\u00dc\u00e7\u00fcnc\u00fc taraf<\/td>\n<td width=\"202\">Formlar\u0131 spam ve k\u00f6t\u00fcye kullan\u0131ma kar\u015f\u0131 korur. Bu \u00e7erezler gezinme bilgileri toplayabilir.<\/td>\n<td width=\"236\"><a href=\"https:\/\/policies.google.com\/privacy\">Google Gizlilik Politikas\u0131<\/a><\/td>\n<\/tr>\n<tr>\n<td width=\"83\">VISITOR_INFO1_LIVE, YSC, PREF<\/td>\n<td width=\"83\">YouTube<\/td>\n<td width=\"83\">\u00dc\u00e7\u00fcnc\u00fc taraf<\/td>\n<td width=\"202\">G\u00f6m\u00fcl\u00fc videolar\u0131n oynat\u0131lmas\u0131n\u0131 sa\u011flar ve izlenme istatistikleri ile kullan\u0131c\u0131 davran\u0131\u015f\u0131n\u0131 toplar.<\/td>\n<td width=\"236\"><a href=\"https:\/\/policies.google.com\/privacy\">YouTube Gizlilik Politikas\u0131<\/a><\/td>\n<\/tr>\n<\/tbody>\n<\/table>\n<p style=\"margin-top: 30px;\" data-start=\"1531\" data-end=\"1593\"><strong data-start=\"2874\" data-end=\"2882\">Not<\/strong>: \u201cBirinci taraf\u201d \u00e7erezler yaln\u0131zca bu web sitesinin sahibi taraf\u0131ndan kullan\u0131l\u0131r. \u201c\u00dc\u00e7\u00fcnc\u00fc taraf\u201d \u00e7erezler, organizasyonumuz d\u0131\u015f\u0131ndaki hizmet sa\u011flay\u0131c\u0131lar taraf\u0131ndan y\u00f6netilir.<\/p>\n<\/div>\n","protected":false},"excerpt":{"rendered":"<p>\u00c7erez Politikas\u0131 \u00c7erezler nedir? Bir \u00e7erez, belirli web sayfalar\u0131na eri\u015fti\u011finizde bilgisayar\u0131n\u0131za indirilen bir dosyad\u0131r. \u00c7erezler, bir web sitesinin kullan\u0131c\u0131 veya cihaz\u0131n\u0131z\u0131n gezinme al\u0131\u015fkanl\u0131klar\u0131 hakk\u0131nda bilgi depolamas\u0131na ve almas\u0131na olanak tan\u0131r ve i\u00e7erdikleri bilgiye ve cihaz\u0131n\u0131z\u0131 nas\u0131l kulland\u0131\u011f\u0131n\u0131za ba\u011fl\u0131 olarak kullan\u0131c\u0131y\u0131 tan\u0131mak i\u00e7in kullan\u0131labilir.\u00a0 Kullan\u0131lan \u00e7erez kategorileri Bu web sitesi, kulland\u0131\u011f\u0131 \u00e7erezleri \u015fu kategorilerde s\u0131n\u0131fland\u0131r\u0131r: Gerekli&hellip;<\/p>\n","protected":false},"author":3,"featured_media":0,"parent":0,"menu_order":0,"comment_status":"closed","ping_status":"open","template":"","meta":{"_acf_changed":false,"footnotes":""},"class_list":["post-15393","page","type-page","status-publish","hentry","description-off"],"acf":[],"_links":{"self":[{"href":"https:\/\/www.elawan.com\/tr\/wp-json\/wp\/v2\/pages\/15393","targetHints":{"allow":["GET"]}}],"collection":[{"href":"https:\/\/www.elawan.com\/tr\/wp-json\/wp\/v2\/pages"}],"about":[{"href":"https:\/\/www.elawan.com\/tr\/wp-json\/wp\/v2\/types\/page"}],"author":[{"embeddable":true,"href":"https:\/\/www.elawan.com\/tr\/wp-json\/wp\/v2\/users\/3"}],"replies":[{"embeddable":true,"href":"https:\/\/www.elawan.com\/tr\/wp-json\/wp\/v2\/comments?post=15393"}],"version-history":[{"count":7,"href":"https:\/\/www.elawan.com\/tr\/wp-json\/wp\/v2\/pages\/15393\/revisions"}],"predecessor-version":[{"id":16301,"href":"https:\/\/www.elawan.com\/tr\/wp-json\/wp\/v2\/pages\/15393\/revisions\/16301"}],"wp:attachment":[{"href":"https:\/\/www.elawan.com\/tr\/wp-json\/wp\/v2\/media?parent=15393"}],"curies":[{"name":"wp","href":"https:\/\/api.w.org\/{rel}","templated":true}]}}